{"id":11603,"date":"2024-04-24T15:50:43","date_gmt":"2024-04-24T15:50:43","guid":{"rendered":"https:\/\/tilde.ai\/?page_id=11603"},"modified":"2025-11-30T18:43:59","modified_gmt":"2025-11-30T16:43:59","slug":"multilingual-fonts","status":"publish","type":"page","link":"https:\/\/tilde.ai\/lv\/multilingual-fonts\/","title":{"rendered":"Tildes daudzvalodu fonti"},"content":{"rendered":"<div data-elementor-type=\"wp-page\" data-elementor-id=\"11603\" class=\"elementor elementor-11603\" data-elementor-post-type=\"page\">\n\t\t\t\t<div class=\"elementor-element elementor-element-acce97b e-transform e-flex e-con-boxed e-con e-parent\" data-id=\"acce97b\" data-element_type=\"container\" data-e-type=\"container\" data-settings=\"{&quot;background_background&quot;:&quot;classic&quot;,&quot;_transform_translateX_effect&quot;:{&quot;unit&quot;:&quot;px&quot;,&quot;size&quot;:&quot;&quot;,&quot;sizes&quot;:[]},&quot;_transform_translateX_effect_tablet&quot;:{&quot;unit&quot;:&quot;px&quot;,&quot;size&quot;:&quot;&quot;,&quot;sizes&quot;:[]},&quot;_transform_translateX_effect_mobile&quot;:{&quot;unit&quot;:&quot;px&quot;,&quot;size&quot;:&quot;&quot;,&quot;sizes&quot;:[]},&quot;_transform_translateY_effect&quot;:{&quot;unit&quot;:&quot;px&quot;,&quot;size&quot;:&quot;&quot;,&quot;sizes&quot;:[]},&quot;_transform_translateY_effect_tablet&quot;:{&quot;unit&quot;:&quot;px&quot;,&quot;size&quot;:&quot;&quot;,&quot;sizes&quot;:[]},&quot;_transform_translateY_effect_mobile&quot;:{&quot;unit&quot;:&quot;px&quot;,&quot;size&quot;:&quot;&quot;,&quot;sizes&quot;:[]}}\">\n\t\t\t\t\t<div class=\"e-con-inner\">\n\t\t<div class=\"elementor-element elementor-element-2f82b59f e-flex e-con-boxed e-con e-child\" data-id=\"2f82b59f\" data-element_type=\"container\" data-e-type=\"container\">\n\t\t\t\t\t<div class=\"e-con-inner\">\n\t\t<div class=\"elementor-element elementor-element-5257e5ec e-flex e-con-boxed e-con e-child\" data-id=\"5257e5ec\" data-element_type=\"container\" data-e-type=\"container\">\n\t\t\t\t\t<div class=\"e-con-inner\">\n\t\t\t\t<div class=\"elementor-element elementor-element-60f0b01 elementor-widget__width-inherit elementor-widget elementor-widget-heading\" data-id=\"60f0b01\" data-element_type=\"widget\" data-e-type=\"widget\" data-widget_type=\"heading.default\">\n\t\t\t\t\t<h1 class=\"elementor-heading-title elementor-size-default\">Tildes fonti \u2014 viet\u0113j\u0101m un glob\u0101l\u0101m auditorij\u0101m<\/h1>\t\t\t\t<\/div>\n\t\t\t\t<div class=\"elementor-element elementor-element-2e8a20a elementor-widget elementor-widget-heading\" data-id=\"2e8a20a\" data-element_type=\"widget\" data-e-type=\"widget\" data-widget_type=\"heading.default\">\n\t\t\t\t\t<p class=\"elementor-heading-title elementor-size-default\">M\u016bsu daudzvalodu fonti izcels j\u016bsu v\u0113st\u012bjumu.<\/p>\t\t\t\t<\/div>\n\t\t\t\t<div class=\"elementor-element elementor-element-c275b46 elementor-widget elementor-widget-button\" data-id=\"c275b46\" data-element_type=\"widget\" data-e-type=\"widget\" data-widget_type=\"button.default\">\n\t\t\t\t\t\t\t\t\t\t<a class=\"elementor-button elementor-button-link elementor-size-sm\" href=\"https:\/\/www.myfonts.com\/collections\/tilde-foundry\" target=\"_blank\" rel=\"noopener\">\n\t\t\t\t\t\t<span class=\"elementor-button-content-wrapper\">\n\t\t\t\t\t\t\t\t\t<span class=\"elementor-button-text\">Ieg\u0101d\u0101ties fontus tie\u0161saist\u0113<\/span>\n\t\t\t\t\t<\/span>\n\t\t\t\t\t<\/a>\n\t\t\t\t\t\t\t\t<\/div>\n\t\t\t\t\t<\/div>\n\t\t\t\t<\/div>\n\t\t<div class=\"elementor-element elementor-element-4558990 e-flex e-con-boxed e-con e-child\" data-id=\"4558990\" data-element_type=\"container\" data-e-type=\"container\">\n\t\t\t\t\t<div class=\"e-con-inner\">\n\t\t\t\t\t<\/div>\n\t\t\t\t<\/div>\n\t\t\t\t\t<\/div>\n\t\t\t\t<\/div>\n\t\t\t\t\t<\/div>\n\t\t\t\t<\/div>\n\t\t<div class=\"elementor-element elementor-element-dba31f0 e-transform e-flex e-con-boxed e-con e-parent\" data-id=\"dba31f0\" data-element_type=\"container\" data-e-type=\"container\" data-settings=\"{&quot;background_background&quot;:&quot;classic&quot;,&quot;_transform_translateX_effect&quot;:{&quot;unit&quot;:&quot;px&quot;,&quot;size&quot;:&quot;&quot;,&quot;sizes&quot;:[]},&quot;_transform_translateX_effect_tablet&quot;:{&quot;unit&quot;:&quot;px&quot;,&quot;size&quot;:&quot;&quot;,&quot;sizes&quot;:[]},&quot;_transform_translateX_effect_mobile&quot;:{&quot;unit&quot;:&quot;px&quot;,&quot;size&quot;:&quot;&quot;,&quot;sizes&quot;:[]},&quot;_transform_translateY_effect&quot;:{&quot;unit&quot;:&quot;px&quot;,&quot;size&quot;:&quot;&quot;,&quot;sizes&quot;:[]},&quot;_transform_translateY_effect_tablet&quot;:{&quot;unit&quot;:&quot;px&quot;,&quot;size&quot;:&quot;&quot;,&quot;sizes&quot;:[]},&quot;_transform_translateY_effect_mobile&quot;:{&quot;unit&quot;:&quot;px&quot;,&quot;size&quot;:&quot;&quot;,&quot;sizes&quot;:[]}}\">\n\t\t\t\t\t<div class=\"e-con-inner\">\n\t\t<div class=\"elementor-element elementor-element-6c743ee e-flex e-con-boxed e-con e-child\" data-id=\"6c743ee\" data-element_type=\"container\" data-e-type=\"container\">\n\t\t\t\t\t<div class=\"e-con-inner\">\n\t\t\t\t<div class=\"elementor-element elementor-element-004c376 elementor-widget elementor-widget-heading\" data-id=\"004c376\" data-element_type=\"widget\" data-e-type=\"widget\" data-widget_type=\"heading.default\">\n\t\t\t\t\t<h3 class=\"elementor-heading-title elementor-size-default\">Tilde izstr\u0101d\u0101 jaunus fontus, piem\u0113ro fontus daudzvalodu lietojumam un nodro\u0161ina daudzvalodu fontus sazi\u0146as vajadz\u012bb\u0101m.<\/h3>\t\t\t\t<\/div>\n\t\t\t\t<div class=\"elementor-element elementor-element-c1e92ae elementor-widget elementor-widget-heading\" data-id=\"c1e92ae\" data-element_type=\"widget\" data-e-type=\"widget\" data-widget_type=\"heading.default\">\n\t\t\t\t\t<p class=\"elementor-heading-title elementor-size-default\">Katra fonta dizains ir unik\u0101ls. Paiet ned\u0113\u013cas, m\u0113ne\u0161i un pat gadi, kam\u0113r idejas tiek p\u0101rceltas datoriz\u0113t\u0101 form\u0101. Tildes fontus veido aizraut\u012bgi m\u0101kslinieki, grafikas un m\u0101kslas dizaineri. Vi\u0146u darbu p\u0101rrauga Tildes m\u0101kslinieciskais direktors, paz\u012bstamais m\u0101kslinieks Gustavs A. Gr\u012bnbergs, kur\u0161 specializ\u0113jies ori\u0123in\u0101lu kirilicas un lat\u012b\u0146u alfab\u0113ta fontu izstr\u0101d\u0113.<\/p>\t\t\t\t<\/div>\n\t\t\t\t\t<\/div>\n\t\t\t\t<\/div>\n\t\t\t\t\t<\/div>\n\t\t\t\t<\/div>\n\t\t<div class=\"elementor-element elementor-element-31d8619 e-transform e-flex e-con-boxed e-con e-parent\" data-id=\"31d8619\" data-element_type=\"container\" data-e-type=\"container\" data-settings=\"{&quot;background_background&quot;:&quot;classic&quot;,&quot;_transform_translateX_effect&quot;:{&quot;unit&quot;:&quot;px&quot;,&quot;size&quot;:&quot;&quot;,&quot;sizes&quot;:[]},&quot;_transform_translateX_effect_tablet&quot;:{&quot;unit&quot;:&quot;px&quot;,&quot;size&quot;:&quot;&quot;,&quot;sizes&quot;:[]},&quot;_transform_translateX_effect_mobile&quot;:{&quot;unit&quot;:&quot;px&quot;,&quot;size&quot;:&quot;&quot;,&quot;sizes&quot;:[]},&quot;_transform_translateY_effect&quot;:{&quot;unit&quot;:&quot;px&quot;,&quot;size&quot;:&quot;&quot;,&quot;sizes&quot;:[]},&quot;_transform_translateY_effect_tablet&quot;:{&quot;unit&quot;:&quot;px&quot;,&quot;size&quot;:&quot;&quot;,&quot;sizes&quot;:[]},&quot;_transform_translateY_effect_mobile&quot;:{&quot;unit&quot;:&quot;px&quot;,&quot;size&quot;:&quot;&quot;,&quot;sizes&quot;:[]}}\">\n\t\t\t\t\t<div class=\"e-con-inner\">\n\t\t<div class=\"elementor-element elementor-element-69a095a e-grid e-con-full e-con e-child\" data-id=\"69a095a\" data-element_type=\"container\" data-e-type=\"container\">\n\t\t<div class=\"elementor-element elementor-element-71129c5 e-con-full e-flex e-con e-child\" data-id=\"71129c5\" data-element_type=\"container\" data-e-type=\"container\" data-settings=\"{&quot;background_background&quot;:&quot;classic&quot;}\">\n\t\t<div class=\"elementor-element elementor-element-8310ad3 e-flex e-con-boxed e-con e-child\" data-id=\"8310ad3\" data-element_type=\"container\" data-e-type=\"container\">\n\t\t\t\t\t<div class=\"e-con-inner\">\n\t\t\t\t<div class=\"elementor-element elementor-element-ee46203 elementor-widget elementor-widget-image\" data-id=\"ee46203\" data-element_type=\"widget\" data-e-type=\"widget\" data-widget_type=\"image.default\">\n\t\t\t\t\t\t\t\t\t\t\t\t\t\t\t<img decoding=\"async\" width=\"59\" height=\"45\" src=\"https:\/\/tilde.ai\/wp-content\/uploads\/2024\/04\/maza_fonti_1.svg\" class=\"attachment-large size-large wp-image-11607\" alt=\"\" \/>\t\t\t\t\t\t\t\t\t\t\t\t\t\t\t<\/div>\n\t\t\t\t<div class=\"elementor-element elementor-element-3e7b58a elementor-widget elementor-widget-heading\" data-id=\"3e7b58a\" data-element_type=\"widget\" data-e-type=\"widget\" data-widget_type=\"heading.default\">\n\t\t\t\t\t<span class=\"elementor-heading-title elementor-size-large\">J\u016bsu z\u012bmola person\u012bbai atbilsto\u0161s fonts<\/span>\t\t\t\t<\/div>\n\t\t\t\t\t<\/div>\n\t\t\t\t<\/div>\n\t\t\t\t<div class=\"elementor-element elementor-element-47db132 elementor-widget__width-inherit elementor-widget-tablet__width-initial elementor-widget elementor-widget-text-editor\" data-id=\"47db132\" data-element_type=\"widget\" data-e-type=\"widget\" data-widget_type=\"text-editor.default\">\n\t\t\t\t\t\t\t\t\t<p>Piek\u013c\u016bstiet svaigiem un unik\u0101liem fontiem, kas lieliski atbilst j\u016bsu sazi\u0146as stilam.<\/p>\t\t\t\t\t\t\t\t<\/div>\n\t\t\t\t<\/div>\n\t\t<div class=\"elementor-element elementor-element-a88c27a e-con-full e-flex e-con e-child\" data-id=\"a88c27a\" data-element_type=\"container\" data-e-type=\"container\" data-settings=\"{&quot;background_background&quot;:&quot;classic&quot;}\">\n\t\t\t\t<div class=\"elementor-element elementor-element-34b917b elementor-widget__width-inherit elementor-widget elementor-widget-text-editor\" data-id=\"34b917b\" data-element_type=\"widget\" data-e-type=\"widget\" data-widget_type=\"text-editor.default\">\n\t\t\t\t\t\t\t\t\t<p>Saglab\u0101jiet korporat\u012bvo dizainu nemain\u012bgu daudznacion\u0101l\u0101 vid\u0113 ar vair\u0101k nek\u0101 300 piel\u0101gotiem kirilicas, grie\u0137u un lat\u012b\u0146u fontiem, kuru pamat\u0101 ir ori\u0123in\u0101lo rietumos rad\u012bto fontu dizains.<\/p>\t\t\t\t\t\t\t\t<\/div>\n\t\t<div class=\"elementor-element elementor-element-8c0fd82 e-flex e-con-boxed e-con e-child\" data-id=\"8c0fd82\" data-element_type=\"container\" data-e-type=\"container\">\n\t\t\t\t\t<div class=\"e-con-inner\">\n\t\t\t\t<div class=\"elementor-element elementor-element-7de9e18 elementor-widget elementor-widget-image\" data-id=\"7de9e18\" data-element_type=\"widget\" data-e-type=\"widget\" data-widget_type=\"image.default\">\n\t\t\t\t\t\t\t\t\t\t\t\t\t\t\t<img decoding=\"async\" width=\"59\" height=\"45\" src=\"https:\/\/tilde.ai\/wp-content\/uploads\/2024\/04\/maza_fonti2.svg\" class=\"attachment-large size-large wp-image-11608\" alt=\"\" \/>\t\t\t\t\t\t\t\t\t\t\t\t\t\t\t<\/div>\n\t\t\t\t<div class=\"elementor-element elementor-element-bbb5f89 elementor-widget elementor-widget-heading\" data-id=\"bbb5f89\" data-element_type=\"widget\" data-e-type=\"widget\" data-widget_type=\"heading.default\">\n\t\t\t\t\t<span class=\"elementor-heading-title elementor-size-large\">Nemain\u012bgs v\u0113st\u012bjums da\u017e\u0101d\u0101s valod\u0101s<\/span>\t\t\t\t<\/div>\n\t\t\t\t\t<\/div>\n\t\t\t\t<\/div>\n\t\t\t\t<\/div>\n\t\t<div class=\"elementor-element elementor-element-42fb890 e-con-full e-flex e-con e-child\" data-id=\"42fb890\" data-element_type=\"container\" data-e-type=\"container\" data-settings=\"{&quot;background_background&quot;:&quot;classic&quot;}\">\n\t\t\t\t<div class=\"elementor-element elementor-element-d436fc5 elementor-widget__width-initial elementor-widget elementor-widget-text-editor\" data-id=\"d436fc5\" data-element_type=\"widget\" data-e-type=\"widget\" data-widget_type=\"text-editor.default\">\n\t\t\t\t\t\t\t\t\t<p>Sa\u0146emiet profesion\u0101las fontu ekspertu komandas atbalstu. Ja ir nepiecie\u0161ami piel\u0101goti risin\u0101jumi, m\u016bsu m\u0101kslinieki izveidos fontus j\u016bsu vajadz\u012bb\u0101m.<\/p>\t\t\t\t\t\t\t\t<\/div>\n\t\t<div class=\"elementor-element elementor-element-6570a3e e-flex e-con-boxed e-con e-child\" data-id=\"6570a3e\" data-element_type=\"container\" data-e-type=\"container\">\n\t\t\t\t\t<div class=\"e-con-inner\">\n\t\t\t\t<div class=\"elementor-element elementor-element-bd8e3e1 elementor-widget elementor-widget-image\" data-id=\"bd8e3e1\" data-element_type=\"widget\" data-e-type=\"widget\" data-widget_type=\"image.default\">\n\t\t\t\t\t\t\t\t\t\t\t\t\t\t\t<img decoding=\"async\" width=\"49\" height=\"46\" src=\"https:\/\/tilde.ai\/wp-content\/uploads\/2024\/04\/maza_fonti3.svg\" class=\"attachment-large size-large wp-image-11609\" alt=\"\" \/>\t\t\t\t\t\t\t\t\t\t\t\t\t\t\t<\/div>\n\t\t\t\t<div class=\"elementor-element elementor-element-4c94b92 elementor-widget elementor-widget-heading\" data-id=\"4c94b92\" data-element_type=\"widget\" data-e-type=\"widget\" data-widget_type=\"heading.default\">\n\t\t\t\t\t<span class=\"elementor-heading-title elementor-size-large\">Darbs ar profesion\u0101\u013ciem<\/span>\t\t\t\t<\/div>\n\t\t\t\t\t<\/div>\n\t\t\t\t<\/div>\n\t\t\t\t<\/div>\n\t\t\t\t<\/div>\n\t\t\t\t\t<\/div>\n\t\t\t\t<\/div>\n\t\t<div class=\"elementor-element elementor-element-4c7ffff e-transform e-flex e-con-boxed e-con e-parent\" data-id=\"4c7ffff\" data-element_type=\"container\" data-e-type=\"container\" data-settings=\"{&quot;background_background&quot;:&quot;classic&quot;,&quot;_transform_translateX_effect&quot;:{&quot;unit&quot;:&quot;px&quot;,&quot;size&quot;:&quot;&quot;,&quot;sizes&quot;:[]},&quot;_transform_translateX_effect_tablet&quot;:{&quot;unit&quot;:&quot;px&quot;,&quot;size&quot;:&quot;&quot;,&quot;sizes&quot;:[]},&quot;_transform_translateX_effect_mobile&quot;:{&quot;unit&quot;:&quot;px&quot;,&quot;size&quot;:&quot;&quot;,&quot;sizes&quot;:[]},&quot;_transform_translateY_effect&quot;:{&quot;unit&quot;:&quot;px&quot;,&quot;size&quot;:&quot;&quot;,&quot;sizes&quot;:[]},&quot;_transform_translateY_effect_tablet&quot;:{&quot;unit&quot;:&quot;px&quot;,&quot;size&quot;:&quot;&quot;,&quot;sizes&quot;:[]},&quot;_transform_translateY_effect_mobile&quot;:{&quot;unit&quot;:&quot;px&quot;,&quot;size&quot;:&quot;&quot;,&quot;sizes&quot;:[]}}\">\n\t\t\t\t\t<div class=\"e-con-inner\">\n\t\t<div class=\"elementor-element elementor-element-dd240b9 e-flex e-con-boxed e-con e-child\" data-id=\"dd240b9\" data-element_type=\"container\" data-e-type=\"container\">\n\t\t\t\t\t<div class=\"e-con-inner\">\n\t\t\t\t<div class=\"elementor-element elementor-element-570cd18 elementor-widget elementor-widget-heading\" data-id=\"570cd18\" data-element_type=\"widget\" data-e-type=\"widget\" data-widget_type=\"heading.default\">\n\t\t\t\t\t<h3 class=\"elementor-heading-title elementor-size-default\">Atrodiet savam sazi\u0146as stilam atbilsto\u0161u fontu<\/h3>\t\t\t\t<\/div>\n\t\t\t\t\t<\/div>\n\t\t\t\t<\/div>\n\t\t\t\t\t<\/div>\n\t\t\t\t<\/div>\n\t\t<div class=\"elementor-element elementor-element-8aa6c42 e-transform e-flex e-con-boxed e-con e-parent\" data-id=\"8aa6c42\" data-element_type=\"container\" data-e-type=\"container\" data-settings=\"{&quot;background_background&quot;:&quot;classic&quot;,&quot;_transform_translateX_effect&quot;:{&quot;unit&quot;:&quot;px&quot;,&quot;size&quot;:&quot;&quot;,&quot;sizes&quot;:[]},&quot;_transform_translateX_effect_tablet&quot;:{&quot;unit&quot;:&quot;px&quot;,&quot;size&quot;:&quot;&quot;,&quot;sizes&quot;:[]},&quot;_transform_translateX_effect_mobile&quot;:{&quot;unit&quot;:&quot;px&quot;,&quot;size&quot;:&quot;&quot;,&quot;sizes&quot;:[]},&quot;_transform_translateY_effect&quot;:{&quot;unit&quot;:&quot;px&quot;,&quot;size&quot;:&quot;&quot;,&quot;sizes&quot;:[]},&quot;_transform_translateY_effect_tablet&quot;:{&quot;unit&quot;:&quot;px&quot;,&quot;size&quot;:&quot;&quot;,&quot;sizes&quot;:[]},&quot;_transform_translateY_effect_mobile&quot;:{&quot;unit&quot;:&quot;px&quot;,&quot;size&quot;:&quot;&quot;,&quot;sizes&quot;:[]}}\">\n\t\t\t\t\t<div class=\"e-con-inner\">\n\t\t<div class=\"elementor-element elementor-element-ed5b5eb e-flex e-con-boxed e-con e-child\" data-id=\"ed5b5eb\" data-element_type=\"container\" data-e-type=\"container\">\n\t\t\t\t\t<div class=\"e-con-inner\">\n\t\t<div class=\"elementor-element elementor-element-bc4cd3b e-flex e-con-boxed e-con e-child\" data-id=\"bc4cd3b\" data-element_type=\"container\" data-e-type=\"container\">\n\t\t\t\t\t<div class=\"e-con-inner\">\n\t\t\t\t<div class=\"elementor-element elementor-element-396c4ad elementor-widget__width-inherit elementor-widget elementor-widget-heading\" data-id=\"396c4ad\" data-element_type=\"widget\" data-e-type=\"widget\" data-widget_type=\"heading.default\">\n\t\t\t\t\t<h3 class=\"elementor-heading-title elementor-size-default\">Izv\u0113lieties k\u0101du no vair\u0101k nek\u0101 150 fontu saim\u0113m<\/h3>\t\t\t\t<\/div>\n\t\t\t\t<div class=\"elementor-element elementor-element-2945795 elementor-widget elementor-widget-heading\" data-id=\"2945795\" data-element_type=\"widget\" data-e-type=\"widget\" data-widget_type=\"heading.default\">\n\t\t\t\t\t<p class=\"elementor-heading-title elementor-size-default\">M\u016bsu lokaliz\u0113tie fonti pied\u0101v\u0101 pla\u0161u Bitstream fontu izlasi, kas piel\u0101goti Centr\u0101leiropas, Austrumeiropas, Baltijas un kirilicas fontiem Macintosh un Windows datoriem, OpenType form\u0101t\u0101 un mantotos PostScript form\u0101tos visos svar\u012bg\u0101kajos kod\u0113jumos.<\/p>\t\t\t\t<\/div>\n\t\t\t\t\t<\/div>\n\t\t\t\t<\/div>\n\t\t<div class=\"elementor-element elementor-element-c1abe52 e-flex e-con-boxed e-con e-child\" data-id=\"c1abe52\" data-element_type=\"container\" data-e-type=\"container\">\n\t\t\t\t\t<div class=\"e-con-inner\">\n\t\t\t\t<div class=\"elementor-element elementor-element-fce1f48 elementor-widget elementor-widget-image\" data-id=\"fce1f48\" data-element_type=\"widget\" data-e-type=\"widget\" data-widget_type=\"image.default\">\n\t\t\t\t\t\t\t\t\t\t\t\t\t\t\t<img loading=\"lazy\" decoding=\"async\" width=\"226\" height=\"254\" src=\"https:\/\/tilde.ai\/wp-content\/uploads\/2024\/04\/liela_ikona_IT-2.svg\" class=\"attachment-medium_large size-medium_large wp-image-11610\" alt=\"\" \/>\t\t\t\t\t\t\t\t\t\t\t\t\t\t\t<\/div>\n\t\t\t\t\t<\/div>\n\t\t\t\t<\/div>\n\t\t\t\t\t<\/div>\n\t\t\t\t<\/div>\n\t\t\t\t\t<\/div>\n\t\t\t\t<\/div>\n\t\t\t\t<\/div>","protected":false},"excerpt":{"rendered":"<p>Tildes fonti - viet\u0113j\u0101m un glob\u0101l\u0101m auditorij\u0101m M\u016bsu daudzvalodu fonti padar\u012bs j\u016bsu v\u0113st\u012bjumu at\u0161\u0137ir\u012bgu. P\u0113rciet fontus tie\u0161saist\u0113 Tilde izstr\u0101d\u0101 jaunus fontus, padara fontus daudzvalodu un nodro\u0161ina daudzvalodu fontus j\u016bsu sazi\u0146as vajadz\u012bb\u0101m. Katra fonta noform\u0113jums ir unik\u0101ls. Ir vajadz\u012bgas ned\u0113\u013cas, m\u0113ne\u0161i un pat gadi, l\u012bdz idejas tiek p\u0101rv\u0113rstas vi\u0146u [\u2026]<\/p>","protected":false},"author":2,"featured_media":0,"parent":0,"menu_order":0,"comment_status":"closed","ping_status":"closed","template":"","meta":{"footnotes":""},"class_list":["post-11603","page","type-page","status-publish","hentry"],"_links":{"self":[{"href":"https:\/\/tilde.ai\/lv\/wp-json\/wp\/v2\/pages\/11603","targetHints":{"allow":["GET"]}}],"collection":[{"href":"https:\/\/tilde.ai\/lv\/wp-json\/wp\/v2\/pages"}],"about":[{"href":"https:\/\/tilde.ai\/lv\/wp-json\/wp\/v2\/types\/page"}],"author":[{"embeddable":true,"href":"https:\/\/tilde.ai\/lv\/wp-json\/wp\/v2\/users\/2"}],"replies":[{"embeddable":true,"href":"https:\/\/tilde.ai\/lv\/wp-json\/wp\/v2\/comments?post=11603"}],"version-history":[{"count":0,"href":"https:\/\/tilde.ai\/lv\/wp-json\/wp\/v2\/pages\/11603\/revisions"}],"wp:attachment":[{"href":"https:\/\/tilde.ai\/lv\/wp-json\/wp\/v2\/media?parent=11603"}],"curies":[{"name":"wp","href":"https:\/\/api.w.org\/{rel}","templated":true}]}}