{"id":11244,"date":"2024-04-23T06:02:34","date_gmt":"2024-04-23T06:02:34","guid":{"rendered":"https:\/\/tilde.ai\/?page_id=11244"},"modified":"2024-07-02T12:17:16","modified_gmt":"2024-07-02T12:17:16","slug":"projekta-informacijas-un-komunikacijas-tehnologiju-kompetences-centrs-aktualitates-2020-gada-tresaja","status":"publish","type":"page","link":"https:\/\/tilde.ai\/lv\/sia-tilde-projects\/projekta-informacijas-un-komunikacijas-tehnologiju-kompetences-centrs-aktualitates-2020-gada-tresaja\/","title":{"rendered":"Projekta \u201cInform\u0101cijas un komunik\u0101cijas tehnolo\u0123iju kompetences centrs\u201d aktualit\u0101tes 2020. gada tre\u0161aj\u0101 ceturksn\u012b"},"content":{"rendered":"<div data-elementor-type=\"wp-page\" data-elementor-id=\"11244\" class=\"elementor elementor-11244\" data-elementor-post-type=\"page\">\n\t\t\t\t<div class=\"elementor-element elementor-element-8fd0807 e-con-full e-flex e-con e-parent\" data-id=\"8fd0807\" data-element_type=\"container\" data-e-type=\"container\" data-settings=\"{&quot;background_background&quot;:&quot;classic&quot;}\">\n\t\t\t\t<\/div>\n\t\t<div class=\"elementor-element elementor-element-8bd6a4b e-flex e-con-boxed e-con e-parent\" data-id=\"8bd6a4b\" data-element_type=\"container\" data-e-type=\"container\">\n\t\t\t\t\t<div class=\"e-con-inner\">\n\t\t\t\t<div class=\"elementor-element elementor-element-dc9e708 elementor-widget elementor-widget-text-editor\" data-id=\"dc9e708\" data-element_type=\"widget\" data-e-type=\"widget\" data-widget_type=\"text-editor.default\">\n\t\t\t\t\t\t\t\t\t<p class=\"sub-title\"><b>Projekta \u201cInform\u0101cijas un komunik\u0101cijas tehnolo\u0123iju kompetences centrs\u201d aktualit\u0101tes 2020. gada tre\u0161aj\u0101 ceturksn\u012b<\/b><\/p><p>IT kompetences centrs atbilsto\u0161i 2019. gada 9. maij\u0101 ar Centr\u0101lo finan\u0161u un l\u012bgumu a\u0123ent\u016bru l\u012bgumam Nr. 1.2.1.1\/18\/A\/003 \u012bsteno projektu \u201cInform\u0101cijas un komunik\u0101cijas\u201d<b>\u00a0<\/b>tehnolo\u0123iju kompetences centrs\u201d.<\/p><p><b>Projekt\u0101<\/b>\u00a02020. gada tre\u0161aj\u0101 ceturksn\u012b Tiek turpin\u0101ta visa apstiprin\u0101to p\u0113t\u012bjumu \u012bsteno\u0161ana un uzs\u0101kta iena Jauna p\u0113t\u012bjuma \u012bsteno\u0161ana. Sagatavots un iesniegts jau piektais maks\u0101juma piepras\u012bjums, Regul\u0101ri notiek un zin\u0101tnisko virzienu vad\u012bt\u0101ju, gan Padomes s\u0113des, kur\u0101s Tiek izskat\u012bts \u012bstenoto p\u0113t\u012bjumu progress un sasniegtie rezult\u0101ti. Mazinot iesp\u0113ju infic\u0113ties ar Covid-19, san\u0101ksmes liel\u0101koties notiku\u0161as piln\u012bb\u0101 vai da\u013c\u0113ji att\u0101lin\u0101ti. Covid-19 rad\u012btie sare\u017e\u0123\u012bjumi atsevi\u0161\u0137os gad\u012bjumos ir ietekm\u0113ju\u0161i p\u0113t\u012bjumu norises laika grafiks, bet kopum\u0101 p\u0113t\u012bjumu nav b\u016btiski ietekm\u0113ta.<\/p><p><b>\u012astenoto p\u0113t\u012bjumu aktualit\u0101tes:<\/b><\/p><ul><li><b>SIA \u201cTilde\u201d p\u0113t\u012bjums Nr.2.2 \u201cAdapt\u012bva multimod\u0101la neironu t\u012bklos balst\u012bta\u201d\u00a0<\/b>uzs\u0101kts 2019. gada apr\u012bl\u012b. 2020. gada tre\u0161aj\u0101 ceturksn\u012b turpin\u0101s r\u016bpniecisk\u0101 p\u0113t\u012bjuma tre\u0161\u0101s aktivit\u0101tes \u201cP\u0113t\u012bjums par neirontulko\u0161anas sist\u0113mu piel\u0101go\u0161anu runas tulko\u0161anas risin\u0101\u0161anai\u201d un eksperiment\u0101l\u0101s izstr\u0101des aktivit\u0101tes \u201cAdapt\u012bva multimod\u0101la neironu t\u012bklos ma\u0161\u012bntulko\u0161anas risin\u0101juma prototips\u201d.<\/li><li><b>SIA \u201cTilde\u201d p\u0113t\u012bjums Nr.2.3 \u201cNeironu t\u012bklu ma\u0161\u012bnm\u0101c\u012b\u0161an\u0101s metodes virtu\u0101lo asistentu dialogu scen\u0101riju izveides automatiz\u0101cijai\u201d\u00a0<\/b>uzs\u0101kts 2019. gada apr\u012bl\u012b. 2020. gada tre\u0161aj\u0101 ceturksn\u012b turpin\u0101s tre\u0161\u0101s r\u016bpniecisk\u0101 aktivit\u0101tes \u201cdialogu scen\u0101riju ma\u0161\u012bnm\u0101c\u012b\u0161an\u0101s bez audio sarun\u0101m\u201d un eksperiment\u0101l\u0101s izstr\u0101des \u201cVirtu\u0101lo asistentu dialogu scen\u0101riju izveides automatiz\u0101cijas prototips\u201d \u012bsteno\u0161ana.<\/li><li><b>SIA \u201ctilde\u201d un SIA \u201cMerhels Revidenti Konsultanti\u201d starpnozaru p\u0113t\u012bjums Nr. 2.6 \u201cM\u0101ksl\u012bg\u0101 intelekta meto\u017eu izp\u0113te un kompleksu sist\u0113mu veido\u0161ana uz\u0146\u0113mumu uzskaites process automatiz\u0101cijai un l\u0113mumu model\u0113\u0161anai\u201d\u00a0<\/b>uzs\u0101kts 2019. gada maij\u0101. 2020. gada tre\u0161aj\u0101 ceturksn\u012b turpin\u0101s p\u0113t\u012bjumu nosl\u0113dzo\u0161\u0101s eksperiment\u0101l\u0101s izstr\u0101des aktivit\u0101tes \u201cM\u0101ksl\u012bg\u0101 intelekta prototipa izstr\u0101de uzskaites process automatiz\u0113\u0161anai un uz\u0146\u0113mumu darb\u012bbas r\u0101d\u012bt\u0101ju anal\u012bzei un prognoz\u0113\u0161anai\u201d, uru septembr\u012b pl\u0101nots Pabeigt.<\/li><\/ul><p>Projektu l\u012bdzfinans\u0113 Eiropas Re\u0123ion\u0101l\u0101s l\u012bdzdal\u012bbas fonds darb\u012bbas programmas \u201cIzaugsme un nodarbin\u0101t\u012bba\u201d 1.2.1. specifiskais atbalsta m\u0113r\u0137a \u201cPalielin\u0101t priv\u0101t\u0101 sektora invest\u012bcijas P &amp; A\u201d 1.2.1.1. pas\u0101kuma \u201cAtbalsts jaunu produktu un tehnolo\u0123iju izstr\u0101dei kompetences centru ietvaros.<\/p>\t\t\t\t\t\t\t\t<\/div>\n\t\t<div class=\"elementor-element elementor-element-027685a e-con-full e-flex e-con e-child\" data-id=\"027685a\" data-element_type=\"container\" data-e-type=\"container\">\n\t\t\t\t<div class=\"elementor-element elementor-element-d35e63b elementor-widget elementor-widget-image\" data-id=\"d35e63b\" data-element_type=\"widget\" data-e-type=\"widget\" data-widget_type=\"image.default\">\n\t\t\t\t\t\t\t\t\t\t\t\t\t\t\t<img fetchpriority=\"high\" decoding=\"async\" width=\"726\" height=\"152\" src=\"https:\/\/tilde.ai\/wp-content\/uploads\/2024\/04\/lv_id_eu_logo_ansamblis_eraf_rgb-1.png\" class=\"attachment-medium_large size-medium_large wp-image-11014\" alt=\"\" srcset=\"https:\/\/tilde.ai\/wp-content\/uploads\/2024\/04\/lv_id_eu_logo_ansamblis_eraf_rgb-1.png 726w, https:\/\/tilde.ai\/wp-content\/uploads\/2024\/04\/lv_id_eu_logo_ansamblis_eraf_rgb-1-300x63.png 300w, https:\/\/tilde.ai\/wp-content\/uploads\/2024\/04\/lv_id_eu_logo_ansamblis_eraf_rgb-1-18x4.png 18w\" sizes=\"(max-width: 726px) 100vw, 726px\" \/>\t\t\t\t\t\t\t\t\t\t\t\t\t\t\t<\/div>\n\t\t\t\t<\/div>\n\t\t\t\t\t<\/div>\n\t\t\t\t<\/div>\n\t\t\t\t<\/div>","protected":false},"excerpt":{"rendered":"<p>Projekta \u201cInform\u0101cijas un komunik\u0101cijas tehnolo\u0123iju kompetences centrs\u201d aktualit\u0101tes 2020. gada tre\u0161aj\u0101 ceturksn\u012b IT kompetences centrs atbilsto\u0161i 2019. gada 9. maij\u0101 ar Centr\u0101lo finan\u0161u un l\u012bgumu a\u0123ent\u016bru l\u012bgumam Nr. 1.2.1.1\/18\/A\/003 \u012bsteno projektu \u201cInform\u0101cijas un komunik\u0101cijas tehnolo\u0123iju kompetences centrs\u201d. Projekt\u0101 2020. gada tre\u0161aj\u0101 ceturksn\u012b Tiek turpin\u0101ta visa apstiprin\u0101to p\u0113t\u012bjumu \u012bsteno\u0161ana un uzs\u0101kta iena Jauna p\u0113t\u012bjuma \u012bsteno\u0161ana. Sagatavot\u0101js un [\u2026]<\/p>","protected":false},"author":2,"featured_media":0,"parent":11009,"menu_order":0,"comment_status":"closed","ping_status":"closed","template":"page-full-width.php","meta":{"footnotes":""},"class_list":["post-11244","page","type-page","status-publish","hentry"],"_links":{"self":[{"href":"https:\/\/tilde.ai\/lv\/wp-json\/wp\/v2\/pages\/11244","targetHints":{"allow":["GET"]}}],"collection":[{"href":"https:\/\/tilde.ai\/lv\/wp-json\/wp\/v2\/pages"}],"about":[{"href":"https:\/\/tilde.ai\/lv\/wp-json\/wp\/v2\/types\/page"}],"author":[{"embeddable":true,"href":"https:\/\/tilde.ai\/lv\/wp-json\/wp\/v2\/users\/2"}],"replies":[{"embeddable":true,"href":"https:\/\/tilde.ai\/lv\/wp-json\/wp\/v2\/comments?post=11244"}],"version-history":[{"count":0,"href":"https:\/\/tilde.ai\/lv\/wp-json\/wp\/v2\/pages\/11244\/revisions"}],"up":[{"embeddable":true,"href":"https:\/\/tilde.ai\/lv\/wp-json\/wp\/v2\/pages\/11009"}],"wp:attachment":[{"href":"https:\/\/tilde.ai\/lv\/wp-json\/wp\/v2\/media?parent=11244"}],"curies":[{"name":"wp","href":"https:\/\/api.w.org\/{rel}","templated":true}]}}