{"id":10353,"date":"2024-04-08T17:45:03","date_gmt":"2024-04-08T17:45:03","guid":{"rendered":"https:\/\/tilde.ai\/?page_id=10353"},"modified":"2026-04-01T15:31:08","modified_gmt":"2026-04-01T13:31:08","slug":"contact-us","status":"publish","type":"page","link":"https:\/\/tilde.ai\/lv\/contact-us\/","title":{"rendered":"Sazi\u0146a ar Tildi"},"content":{"rendered":"<div data-elementor-type=\"wp-page\" data-elementor-id=\"10353\" class=\"elementor elementor-10353\" data-elementor-post-type=\"page\">\n\t\t\t\t<div class=\"elementor-element elementor-element-9d2aeb1 e-grid e-con-boxed e-con e-parent\" data-id=\"9d2aeb1\" data-element_type=\"container\" data-e-type=\"container\" data-settings=\"{&quot;background_background&quot;:&quot;classic&quot;}\">\n\t\t\t\t\t<div class=\"e-con-inner\">\n\t\t\t\t<div class=\"elementor-element elementor-element-77dd50e e-con e-atomic-element e-div-block-base e-77dd50e-d912f57\" data-id=\"77dd50e\" data-element_type=\"e-div-block\" data-e-type=\"e-div-block\" data-interaction-id=\"77dd50e\">\n\t\t\t\t\t\t\t<h1 \n\t\tdata-interaction-id=\"ad51ad5\" \n\t\tclass=\"e-ad51ad5-dff35a6 e-heading-base\" \n\t\t \n\t\t\n\t>\n\t\n\t\t\tM\u0113s esam \u0161eit, lai pal\u012bdz\u0113tu\n\t\t<\/h1>\n\t\t\t\t\t\t\t\t<p class=\"e-c5bb5ba-678e335 e-paragraph-base\" data-interaction-id=\"c5bb5ba\"  >\n\t\t\t\t\t\t\t\tM\u0113s labpr\u0101t par\u0101d\u012bsim, k\u0101 Tildes valodas risin\u0101jumi var sniegt jums nepiecie\u0161amo, un atbild\u0113sim uz visiem j\u016bsu jaut\u0101jumiem.\nLai izm\u0113\u0123in\u0101tu k\u0101du no produktiem, l\u016bdzu, aizpildiet veidlapu, un m\u0113s ar jums dr\u012bzum\u0101 sazin\u0101simies.\n\t\t\t\t\t<\/p>\n\t\t\t\t<div class=\"elementor-element elementor-element-1579c20 elementor-widget elementor-widget-testimonial\" data-id=\"1579c20\" data-element_type=\"widget\" data-e-type=\"widget\" data-widget_type=\"testimonial.default\">\n\t\t\t\t\t\t\t<div class=\"elementor-testimonial-wrapper\">\n\t\t\t\t\t\t\t<div class=\"elementor-testimonial-content\">\"\u012asa saruna pal\u012bdz\u0113s saprast, k\u0101 varam jums pal\u012bdz\u0113t un vai m\u016bsu risin\u0101jumi atbilst j\u016bsu vajadz\u012bb\u0101m.\"<\/div>\n\t\t\t\n\t\t\t\t\t\t<div class=\"elementor-testimonial-meta elementor-has-image elementor-testimonial-image-position-aside\">\n\t\t\t\t<div class=\"elementor-testimonial-meta-inner\">\n\t\t\t\t\t\t\t\t\t\t\t<div class=\"elementor-testimonial-image\">\n\t\t\t\t\t\t\t<img fetchpriority=\"high\" decoding=\"async\" width=\"700\" height=\"542\" src=\"https:\/\/tilde.ai\/wp-content\/uploads\/2026\/04\/madara-macinska.webp\" class=\"attachment-full size-full wp-image-25287\" alt=\"Madara Mac\" srcset=\"https:\/\/tilde.ai\/wp-content\/uploads\/2026\/04\/madara-macinska.webp 700w, https:\/\/tilde.ai\/wp-content\/uploads\/2026\/04\/madara-macinska-300x232.webp 300w, https:\/\/tilde.ai\/wp-content\/uploads\/2026\/04\/madara-macinska-15x12.webp 15w\" sizes=\"(max-width: 700px) 100vw, 700px\" \/>\t\t\t\t\t\t<\/div>\n\t\t\t\t\t\n\t\t\t\t\t\t\t\t\t\t<div class=\"elementor-testimonial-details\">\n\t\t\t\t\t\t\t\t\t\t\t\t\t\t<div class=\"elementor-testimonial-name\">Madara Man\u010dinska<\/div>\n\t\t\t\t\t\t\t\t\t\t\t\t\t\t\t\t\t\t\t\t\t\t<div class=\"elementor-testimonial-job\">P\u0101rdo\u0161anas un klientu attiec\u012bbu noda\u013cas vad\u012bt\u0101ja<\/div>\n\t\t\t\t\t\t\t\t\t\t\t\t\t<\/div>\n\t\t\t\t\t\t\t\t\t<\/div>\n\t\t\t<\/div>\n\t\t\t\t\t<\/div>\n\t\t\t\t\t\t<\/div>\n\t\t\t\t<\/div>\n\t\t\t\t<div class=\"elementor-element elementor-element-042034d elementor-widget elementor-widget-wp-widget-forminator_widget\" data-id=\"042034d\" data-element_type=\"widget\" data-e-type=\"widget\" data-widget_type=\"wp-widget-forminator_widget.default\">\n\t\t\t\t<div class=\"elementor-widget-container\">\n\t\t\t\t\t<h5>Apspried\u012bsim lab\u0101k\u0101s iesp\u0113jas j\u016bsu biznesam<\/h5><div class=\"forminator-ui forminator-custom-form forminator-custom-form-23250 forminator-design--default  forminator_ajax\" data-forminator-render=\"0\" data-form=\"forminator-module-23250\" data-uid=\"69d5817fdeb38\"><br\/><\/div><form\n\t\t\t\tid=\"forminator-module-23250\"\n\t\t\t\tclass=\"forminator-ui forminator-custom-form forminator-custom-form-23250 forminator-design--default  forminator_ajax\"\n\t\t\t\tmethod=\"post\"\n\t\t\t\tdata-forminator-render=\"0\"\n\t\t\t\tdata-form-id=\"23250\"\n\t\t\t\t data-color-option=\"theme\" data-design=\"default\" data-grid=\"open\" style=\"display: none;\"\n\t\t\t\tdata-uid=\"69d5817fdeb38\" action=\"\"\n\t\t\t><div role=\"alert\" aria-live=\"polite\" class=\"forminator-response-message forminator-error\" aria-hidden=\"true\"><\/div><div class=\"forminator-row\"><div id=\"name-1\" class=\"forminator-field-name forminator-col forminator-col-12\"><div class=\"forminator-field\"><label for=\"forminator-field-name-1_69d5817fdeb38\" id=\"forminator-field-name-1_69d5817fdeb38-label\" class=\"forminator-label\">V\u0101rds, uzv\u0101rds <span class=\"forminator-required\">*<\/span><\/label><input type=\"text\" name=\"name-1\" value=\"\" placeholder=\"\" id=\"forminator-field-name-1_69d5817fdeb38\" class=\"forminator-input forminator-name--field\" aria-required=\"true\" autocomplete=\"name\" \/><\/div><\/div><\/div><div class=\"forminator-row\"><div id=\"text-1\" class=\"forminator-field-text forminator-col forminator-col-12\"><div class=\"forminator-field\"><label for=\"forminator-field-text-1_69d5817fdeb38\" id=\"forminator-field-text-1_69d5817fdeb38-label\" class=\"forminator-label\">Organiz\u0101cija <span class=\"forminator-required\">*<\/span><\/label><input type=\"text\" name=\"text-1\" value=\"\" placeholder=\"\" id=\"forminator-field-text-1_69d5817fdeb38\" class=\"forminator-input forminator-name--field\" data-required=\"1\" \/><\/div><\/div><\/div><div class=\"forminator-row\"><div id=\"text-2\" class=\"forminator-field-text forminator-col forminator-col-12\"><div class=\"forminator-field\"><label for=\"forminator-field-text-2_69d5817fdeb38\" id=\"forminator-field-text-2_69d5817fdeb38-label\" class=\"forminator-label\">Valsts<\/label><input type=\"text\" name=\"text-2\" value=\"\" placeholder=\"\" id=\"forminator-field-text-2_69d5817fdeb38\" class=\"forminator-input forminator-name--field\" data-required=\"\" \/><\/div><\/div><\/div><div class=\"forminator-row\"><div id=\"email-1\" class=\"forminator-field-email forminator-col forminator-col-12\"><div class=\"forminator-field\"><label for=\"forminator-field-email-1_69d5817fdeb38\" id=\"forminator-field-email-1_69d5817fdeb38-label\" class=\"forminator-label\">Darba e-pasts <span class=\"forminator-required\">*<\/span><\/label><input type=\"email\" name=\"email-1\" value=\"\" placeholder=\"\" id=\"forminator-field-email-1_69d5817fdeb38\" class=\"forminator-input forminator-email--field\" data-required=\"1\" aria-required=\"true\" autocomplete=\"email\" \/><\/div><\/div><\/div><div class=\"forminator-row\"><div id=\"phone-1\" class=\"forminator-field-phone forminator-col forminator-col-12\"><div class=\"forminator-field\"><label for=\"forminator-field-phone-1_69d5817fdeb38\" id=\"forminator-field-phone-1_69d5817fdeb38-label\" class=\"forminator-label\">T\u0101lrunis <span class=\"forminator-required\">*<\/span><\/label><input type=\"text\" name=\"phone-1\" value=\"\" placeholder=\"\" id=\"forminator-field-phone-1_69d5817fdeb38\" class=\"forminator-input forminator-field--phone\" data-required=\"1\" aria-required=\"true\" autocomplete=\"tel-national\" data-national_mode=\"disabled\" data-country=\"lv\" data-validation=\"international\" \/><\/div><\/div><\/div><div class=\"forminator-row\"><div id=\"select-1\" class=\"forminator-field-select forminator-col forminator-col-12\"><div class=\"forminator-field\"><label for=\"forminator-form-23250__field--select-1_69d5817fdeb38\" id=\"forminator-form-23250__field--select-1_69d5817fdeb38-label\" class=\"forminator-label\">Atlasiet Tildes risin\u0101jumu (s), kas j\u016bs interes\u0113 <span class=\"forminator-required\">*<\/span><\/label><select multiple id=\"forminator-form-23250__field--select-1_69d5817fdeb38\" class=\"forminator-select--field forminator-select2 forminator-select2-multiple\" data-required=\"1\" name=\"select-1[]\" data-default-value=\"\" data-hidden-behavior=\"zero\" data-placeholder=\"Select and option(s)\" data-search=\"false\" data-search-placeholder=\"Search\" data-checkbox=\"false\" data-allow-clear=\"true\" aria-labelledby=\"forminator-form-23250__field--select-1_69d5817fdeb38-label\"><option value=\"one\"  data-calculation=\"0\">Ma\u0161\u012bntulko\u0161ana<\/option><option value=\"two\"  data-calculation=\"0\">Cilv\u0113ktulko\u0161ana<\/option><option value=\"Speech-technologies\"  data-calculation=\"0\">Event Assistant<\/option><option value=\"AI assistant\"  data-calculation=\"0\">AI asistenti<\/option><option value=\"Speec-teh\"  data-calculation=\"0\">Runas tehnolo\u0123ijas<\/option><option value=\"Terminology-managmnet\"  data-calculation=\"0\">API integr\u0101cija<\/option><option value=\"AI-data-services\"  data-calculation=\"0\">M\u0101ksl\u012bg\u0101 intelekta datu pakalpojumi<\/option><option value=\"Other\"  data-calculation=\"0\">Citi risin\u0101jumi<\/option><\/select><\/div><\/div><\/div><div class=\"forminator-row\"><div id=\"select-2\" class=\"forminator-field-select forminator-col forminator-col-12\"><div class=\"forminator-field\"><label for=\"forminator-form-23250__field--select-2_69d5817fdeb38\" id=\"forminator-form-23250__field--select-2_69d5817fdeb38-label\" class=\"forminator-label\">Kur tu dzird\u0113ji par Tildi?<\/label><select multiple id=\"forminator-form-23250__field--select-2_69d5817fdeb38\" class=\"forminator-select--field forminator-select2 forminator-select2-multiple\" data-required=\"\" name=\"select-2[]\" data-default-value=\"\" data-hidden-behavior=\"zero\" data-placeholder=\"Select an option(s)\" data-search=\"false\" data-search-placeholder=\"Search\" data-checkbox=\"false\" data-allow-clear=\"true\" aria-labelledby=\"forminator-form-23250__field--select-2_69d5817fdeb38-label\"><option value=\"one\"  data-calculation=\"0\">Google\/Mekl\u0113t<\/option><option value=\"two\"  data-calculation=\"0\">Atsauksmes no citiem cilv\u0113kiem<\/option><option value=\"Speech-technologies\"  data-calculation=\"0\">Pas\u0101kum\u0101<\/option><option value=\"AI-chatbots\"  data-calculation=\"0\">Soci\u0101lajos t\u012bklos<\/option><option value=\"Terminology-managmnet\"  data-calculation=\"0\">Iepriek\u0161 str\u0101d\u0101ja ar Tildi<\/option><option value=\"Other\"  data-calculation=\"0\">Citi risin\u0101jumi<\/option><\/select><\/div><\/div><\/div><div class=\"forminator-row\"><div id=\"textarea-1\" class=\"forminator-field-textarea forminator-col forminator-col-12\"><div class=\"forminator-field\"><label for=\"forminator-field-textarea-1_69d5817fdeb38\" id=\"forminator-field-textarea-1_69d5817fdeb38-label\" class=\"forminator-label\">Papildu koment\u0101ri <span class=\"forminator-required\">*<\/span><\/label><textarea name=\"textarea-1\" placeholder=\"\" id=\"forminator-field-textarea-1_69d5817fdeb38\" class=\"forminator-textarea\" rows=\"6\" style=\"min-height:140px;\" ><\/textarea><\/div><\/div><\/div><div class=\"forminator-row\"><\/div><input type=\"hidden\" name=\"referer_url\" value=\"\" \/><div class=\"forminator-row forminator-row-last\"><div class=\"forminator-col\"><div class=\"forminator-field\"><button class=\"forminator-button forminator-button-submit\">Sazin\u0101ties ar mums<\/button><\/div><\/div><\/div><input type=\"hidden\" id=\"forminator_nonce\" name=\"forminator_nonce\" value=\"163719675d\" \/><input type=\"hidden\" name=\"_wp_http_referer\" value=\"\/lv\/wp-json\/wp\/v2\/pages\/10353\" \/><input type=\"hidden\" name=\"form_id\" value=\"23250\"><input type=\"hidden\" name=\"page_id\" value=\"10353\"><input type=\"hidden\" name=\"form_type\" value=\"default\"><input type=\"hidden\" name=\"current_url\" value=\"https:\/\/tilde.ai\/lv\/contact-us\/\"><input type=\"hidden\" name=\"render_id\" value=\"0\"><input type=\"hidden\" name=\"action\" value=\"forminator_submit_form_custom-forms\"><label for=\"input_9\" class=\"forminator-hidden\" aria-hidden=\"true\">L\u016bdzu, neaizpildiet \u0161o lauku. <input id=\"input_9\" type=\"text\" name=\"input_9\" value=\"\" autocomplete=\"off\"><\/label><input type=\"hidden\" name=\"twt-form-language\" value=\"lv\"\/><\/form>\t\t\t\t<\/div>\n\t\t\t\t<\/div>\n\t\t\t\t\t<\/div>\n\t\t\t\t<\/div>\n\t\t<div class=\"elementor-element elementor-element-966c91c e-flex e-con-boxed e-con e-parent\" data-id=\"966c91c\" data-element_type=\"container\" data-e-type=\"container\" data-settings=\"{&quot;background_background&quot;:&quot;classic&quot;}\">\n\t\t\t\t\t<div class=\"e-con-inner\">\n\t\t\t\t<div class=\"elementor-element elementor-element-4d0bb36 elementor-widget elementor-widget-heading\" data-id=\"4d0bb36\" data-element_type=\"widget\" data-e-type=\"widget\" data-widget_type=\"heading.default\">\n\t\t\t\t\t<h5 class=\"elementor-heading-title elementor-size-default\">Mums uzticas valsts iest\u0101des un uz\u0146\u0113mumi vis\u0101 Eirop\u0101<\/h5>\t\t\t\t<\/div>\n\t\t\t\t\t<\/div>\n\t\t\t\t<\/div>\n\t\t<div class=\"elementor-element elementor-element-e23a016 e-grid logo-slide-container e-con-boxed e-con e-child\" data-id=\"e23a016\" data-element_type=\"container\" data-e-type=\"container\" data-settings=\"{&quot;background_background&quot;:&quot;classic&quot;}\">\n\t\t\t\t\t<div class=\"e-con-inner\">\n\t\t\t\t<div class=\"elementor-element elementor-element-6833c2c elementor-widget__width-inherit elementor-widget elementor-widget-image\" data-id=\"6833c2c\" data-element_type=\"widget\" data-e-type=\"widget\" data-widget_type=\"image.default\">\n\t\t\t\t\t\t\t\t\t\t\t\t\t\t\t<img decoding=\"async\" width=\"800\" height=\"540\" src=\"https:\/\/tilde.ai\/wp-content\/uploads\/2026\/04\/EuropeanCommisionLogo.webp\" class=\"attachment-large size-large wp-image-25188\" alt=\"Eiropas Komisijas logotips\" srcset=\"https:\/\/tilde.ai\/wp-content\/uploads\/2026\/04\/EuropeanCommisionLogo.webp 800w, https:\/\/tilde.ai\/wp-content\/uploads\/2026\/04\/EuropeanCommisionLogo-300x203.webp 300w, https:\/\/tilde.ai\/wp-content\/uploads\/2026\/04\/EuropeanCommisionLogo-768x518.webp 768w, https:\/\/tilde.ai\/wp-content\/uploads\/2026\/04\/EuropeanCommisionLogo-18x12.webp 18w\" sizes=\"(max-width: 800px) 100vw, 800px\" \/>\t\t\t\t\t\t\t\t\t\t\t\t\t\t\t<\/div>\n\t\t\t\t<div class=\"elementor-element elementor-element-7cb9a87 elementor-widget__width-inherit elementor-widget elementor-widget-image\" data-id=\"7cb9a87\" data-element_type=\"widget\" data-e-type=\"widget\" data-widget_type=\"image.default\">\n\t\t\t\t\t\t\t\t\t\t\t\t\t\t\t<img decoding=\"async\" width=\"800\" height=\"540\" src=\"https:\/\/tilde.ai\/wp-content\/uploads\/2026\/04\/Microsoft-logo.webp\" class=\"attachment-full size-full wp-image-25187\" alt=\"Microsoft logotips\" srcset=\"https:\/\/tilde.ai\/wp-content\/uploads\/2026\/04\/Microsoft-logo.webp 800w, https:\/\/tilde.ai\/wp-content\/uploads\/2026\/04\/Microsoft-logo-300x203.webp 300w, https:\/\/tilde.ai\/wp-content\/uploads\/2026\/04\/Microsoft-logo-768x518.webp 768w, https:\/\/tilde.ai\/wp-content\/uploads\/2026\/04\/Microsoft-logo-18x12.webp 18w\" sizes=\"(max-width: 800px) 100vw, 800px\" \/>\t\t\t\t\t\t\t\t\t\t\t\t\t\t\t<\/div>\n\t\t\t\t<div class=\"elementor-element elementor-element-d060389 elementor-widget__width-inherit elementor-widget elementor-widget-image\" data-id=\"d060389\" data-element_type=\"widget\" data-e-type=\"widget\" data-widget_type=\"image.default\">\n\t\t\t\t\t\t\t\t\t\t\t\t\t\t\t<img loading=\"lazy\" decoding=\"async\" width=\"800\" height=\"540\" src=\"https:\/\/tilde.ai\/wp-content\/uploads\/2026\/03\/logo-getlini-eko.webp\" class=\"attachment-full size-full wp-image-24047\" alt=\"Getli\u0146i Eko Logotips\" srcset=\"https:\/\/tilde.ai\/wp-content\/uploads\/2026\/03\/logo-getlini-eko.webp 800w, https:\/\/tilde.ai\/wp-content\/uploads\/2026\/03\/logo-getlini-eko-300x203.webp 300w, https:\/\/tilde.ai\/wp-content\/uploads\/2026\/03\/logo-getlini-eko-768x518.webp 768w, https:\/\/tilde.ai\/wp-content\/uploads\/2026\/03\/logo-getlini-eko-18x12.webp 18w\" sizes=\"(max-width: 800px) 100vw, 800px\" \/>\t\t\t\t\t\t\t\t\t\t\t\t\t\t\t<\/div>\n\t\t\t\t<div class=\"elementor-element elementor-element-0a685d9 elementor-widget__width-inherit elementor-widget elementor-widget-image\" data-id=\"0a685d9\" data-element_type=\"widget\" data-e-type=\"widget\" data-widget_type=\"image.default\">\n\t\t\t\t\t\t\t\t\t\t\t\t\t\t\t<img loading=\"lazy\" decoding=\"async\" width=\"800\" height=\"540\" src=\"https:\/\/tilde.ai\/wp-content\/uploads\/2026\/04\/RSU-logo.webp\" class=\"attachment-large size-large wp-image-25195\" alt=\"RSU logotips\" srcset=\"https:\/\/tilde.ai\/wp-content\/uploads\/2026\/04\/RSU-logo.webp 800w, https:\/\/tilde.ai\/wp-content\/uploads\/2026\/04\/RSU-logo-300x203.webp 300w, https:\/\/tilde.ai\/wp-content\/uploads\/2026\/04\/RSU-logo-768x518.webp 768w, https:\/\/tilde.ai\/wp-content\/uploads\/2026\/04\/RSU-logo-18x12.webp 18w\" sizes=\"(max-width: 800px) 100vw, 800px\" \/>\t\t\t\t\t\t\t\t\t\t\t\t\t\t\t<\/div>\n\t\t\t\t<div class=\"elementor-element elementor-element-f13ec6f elementor-widget__width-inherit elementor-widget elementor-widget-image\" data-id=\"f13ec6f\" data-element_type=\"widget\" data-e-type=\"widget\" data-widget_type=\"image.default\">\n\t\t\t\t\t\t\t\t\t\t\t\t\t\t\t<img loading=\"lazy\" decoding=\"async\" width=\"800\" height=\"540\" src=\"https:\/\/tilde.ai\/wp-content\/uploads\/2026\/03\/logo-bta.webp\" class=\"attachment-full size-full wp-image-24050\" alt=\"BTA Logotips\" srcset=\"https:\/\/tilde.ai\/wp-content\/uploads\/2026\/03\/logo-bta.webp 800w, https:\/\/tilde.ai\/wp-content\/uploads\/2026\/03\/logo-bta-300x203.webp 300w, https:\/\/tilde.ai\/wp-content\/uploads\/2026\/03\/logo-bta-768x518.webp 768w, https:\/\/tilde.ai\/wp-content\/uploads\/2026\/03\/logo-bta-18x12.webp 18w\" sizes=\"(max-width: 800px) 100vw, 800px\" \/>\t\t\t\t\t\t\t\t\t\t\t\t\t\t\t<\/div>\n\t\t\t\t<div class=\"elementor-element elementor-element-8a83454 elementor-widget__width-inherit elementor-widget elementor-widget-image\" data-id=\"8a83454\" data-element_type=\"widget\" data-e-type=\"widget\" data-widget_type=\"image.default\">\n\t\t\t\t\t\t\t\t\t\t\t\t\t\t\t<img loading=\"lazy\" decoding=\"async\" width=\"800\" height=\"540\" src=\"https:\/\/tilde.ai\/wp-content\/uploads\/2026\/03\/logo-rix.webp\" class=\"attachment-full size-full wp-image-24051\" alt=\"RIX Logotips\" srcset=\"https:\/\/tilde.ai\/wp-content\/uploads\/2026\/03\/logo-rix.webp 800w, https:\/\/tilde.ai\/wp-content\/uploads\/2026\/03\/logo-rix-300x203.webp 300w, https:\/\/tilde.ai\/wp-content\/uploads\/2026\/03\/logo-rix-768x518.webp 768w, https:\/\/tilde.ai\/wp-content\/uploads\/2026\/03\/logo-rix-18x12.webp 18w\" sizes=\"(max-width: 800px) 100vw, 800px\" \/>\t\t\t\t\t\t\t\t\t\t\t\t\t\t\t<\/div>\n\t\t\t\t<div class=\"elementor-element elementor-element-a0a5a9d elementor-widget__width-inherit elementor-widget elementor-widget-image\" data-id=\"a0a5a9d\" data-element_type=\"widget\" data-e-type=\"widget\" data-widget_type=\"image.default\">\n\t\t\t\t\t\t\t\t\t\t\t\t\t\t\t<img loading=\"lazy\" decoding=\"async\" width=\"800\" height=\"540\" src=\"https:\/\/tilde.ai\/wp-content\/uploads\/2026\/03\/logo-eso.webp\" class=\"attachment-full size-full wp-image-24049\" alt=\"ESO Logotips\" srcset=\"https:\/\/tilde.ai\/wp-content\/uploads\/2026\/03\/logo-eso.webp 800w, https:\/\/tilde.ai\/wp-content\/uploads\/2026\/03\/logo-eso-300x203.webp 300w, https:\/\/tilde.ai\/wp-content\/uploads\/2026\/03\/logo-eso-768x518.webp 768w, https:\/\/tilde.ai\/wp-content\/uploads\/2026\/03\/logo-eso-18x12.webp 18w\" sizes=\"(max-width: 800px) 100vw, 800px\" \/>\t\t\t\t\t\t\t\t\t\t\t\t\t\t\t<\/div>\n\t\t\t\t<div class=\"elementor-element elementor-element-21c80de elementor-widget__width-inherit elementor-widget elementor-widget-image\" data-id=\"21c80de\" data-element_type=\"widget\" data-e-type=\"widget\" data-widget_type=\"image.default\">\n\t\t\t\t\t\t\t\t\t\t\t\t\t\t\t<img loading=\"lazy\" decoding=\"async\" width=\"800\" height=\"540\" src=\"https:\/\/tilde.ai\/wp-content\/uploads\/2026\/03\/logo-fn-serviss.webp\" class=\"attachment-full size-full wp-image-24052\" alt=\"FN serviss Logotips\" srcset=\"https:\/\/tilde.ai\/wp-content\/uploads\/2026\/03\/logo-fn-serviss.webp 800w, https:\/\/tilde.ai\/wp-content\/uploads\/2026\/03\/logo-fn-serviss-300x203.webp 300w, https:\/\/tilde.ai\/wp-content\/uploads\/2026\/03\/logo-fn-serviss-768x518.webp 768w, https:\/\/tilde.ai\/wp-content\/uploads\/2026\/03\/logo-fn-serviss-18x12.webp 18w\" sizes=\"(max-width: 800px) 100vw, 800px\" \/>\t\t\t\t\t\t\t\t\t\t\t\t\t\t\t<\/div>\n\t\t\t\t<div class=\"elementor-element elementor-element-91e40e2 elementor-widget__width-inherit elementor-widget elementor-widget-image\" data-id=\"91e40e2\" data-element_type=\"widget\" data-e-type=\"widget\" data-widget_type=\"image.default\">\n\t\t\t\t\t\t\t\t\t\t\t\t\t\t\t<img loading=\"lazy\" decoding=\"async\" width=\"800\" height=\"540\" src=\"https:\/\/tilde.ai\/wp-content\/uploads\/2026\/03\/logo-vca.webp\" class=\"attachment-large size-large wp-image-24053\" alt=\"VCA Logotips\" srcset=\"https:\/\/tilde.ai\/wp-content\/uploads\/2026\/03\/logo-vca.webp 800w, https:\/\/tilde.ai\/wp-content\/uploads\/2026\/03\/logo-vca-300x203.webp 300w, https:\/\/tilde.ai\/wp-content\/uploads\/2026\/03\/logo-vca-768x518.webp 768w, https:\/\/tilde.ai\/wp-content\/uploads\/2026\/03\/logo-vca-18x12.webp 18w\" sizes=\"(max-width: 800px) 100vw, 800px\" \/>\t\t\t\t\t\t\t\t\t\t\t\t\t\t\t<\/div>\n\t\t\t\t<div class=\"elementor-element elementor-element-6e21f5f elementor-widget__width-inherit elementor-widget elementor-widget-image\" data-id=\"6e21f5f\" data-element_type=\"widget\" data-e-type=\"widget\" data-widget_type=\"image.default\">\n\t\t\t\t\t\t\t\t\t\t\t\t\t\t\t<img loading=\"lazy\" decoding=\"async\" width=\"800\" height=\"540\" src=\"https:\/\/tilde.ai\/wp-content\/uploads\/2026\/03\/NacionalineSvietimoAgentura.webp\" class=\"attachment-large size-large wp-image-24303\" alt=\"\" srcset=\"https:\/\/tilde.ai\/wp-content\/uploads\/2026\/03\/NacionalineSvietimoAgentura.webp 800w, https:\/\/tilde.ai\/wp-content\/uploads\/2026\/03\/NacionalineSvietimoAgentura-300x203.webp 300w, https:\/\/tilde.ai\/wp-content\/uploads\/2026\/03\/NacionalineSvietimoAgentura-768x518.webp 768w, https:\/\/tilde.ai\/wp-content\/uploads\/2026\/03\/NacionalineSvietimoAgentura-18x12.webp 18w\" sizes=\"(max-width: 800px) 100vw, 800px\" \/>\t\t\t\t\t\t\t\t\t\t\t\t\t\t\t<\/div>\n\t\t\t\t\t<\/div>\n\t\t\t\t<\/div>\n\t\t\t\t<\/div>","protected":false},"excerpt":{"rendered":"<p>M\u0113s esam \u0161eit, lai pal\u012bdz\u0113tu ieinteres\u0113ti redz\u0113t Tildes valodas risin\u0101jumus darb\u012bb\u0101? Aizpildiet veidlapu, un m\u0113s sazin\u0101simies, lai apspriestu j\u016bsu vajadz\u012bbas un atbild\u0113tu uz j\u016bsu jaut\u0101jumiem. \u201cNek\u0101du spiedienu, nek\u0101du pien\u0101kumu - tikai \u012bsu t\u0113rz\u0113\u0161anu, lai redz\u0113tu, vai esam piem\u0113roti.\u201d Madara Man\u010dinska p\u0101rdo\u0161anas un klientu attiec\u012bbu departamenta vad\u012bt\u0101ja, kurai uzticas sabiedr\u012bba [\u2026]<\/p>","protected":false},"author":2,"featured_media":0,"parent":0,"menu_order":0,"comment_status":"closed","ping_status":"closed","template":"","meta":{"footnotes":""},"class_list":["post-10353","page","type-page","status-publish","hentry"],"_links":{"self":[{"href":"https:\/\/tilde.ai\/lv\/wp-json\/wp\/v2\/pages\/10353","targetHints":{"allow":["GET"]}}],"collection":[{"href":"https:\/\/tilde.ai\/lv\/wp-json\/wp\/v2\/pages"}],"about":[{"href":"https:\/\/tilde.ai\/lv\/wp-json\/wp\/v2\/types\/page"}],"author":[{"embeddable":true,"href":"https:\/\/tilde.ai\/lv\/wp-json\/wp\/v2\/users\/2"}],"replies":[{"embeddable":true,"href":"https:\/\/tilde.ai\/lv\/wp-json\/wp\/v2\/comments?post=10353"}],"version-history":[{"count":0,"href":"https:\/\/tilde.ai\/lv\/wp-json\/wp\/v2\/pages\/10353\/revisions"}],"wp:attachment":[{"href":"https:\/\/tilde.ai\/lv\/wp-json\/wp\/v2\/media?parent=10353"}],"curies":[{"name":"wp","href":"https:\/\/api.w.org\/{rel}","templated":true}]}}