{"id":25711,"date":"2026-04-08T09:29:01","date_gmt":"2026-04-08T07:29:01","guid":{"rendered":"https:\/\/tilde.ai\/?page_id=25711"},"modified":"2026-04-08T09:41:25","modified_gmt":"2026-04-08T07:41:25","slug":"thank-you","status":"publish","type":"page","link":"https:\/\/tilde.ai\/lt\/contact-us\/thank-you\/","title":{"rendered":"A\u010di\u016b jums"},"content":{"rendered":"<div data-elementor-type=\"wp-page\" data-elementor-id=\"25711\" class=\"elementor elementor-25711\" data-elementor-post-type=\"page\">\n\t\t\t\t<div class=\"elementor-element elementor-element-bdb38e1 e-flex e-con-boxed e-con e-parent\" data-id=\"bdb38e1\" data-element_type=\"container\" data-e-type=\"container\">\n\t\t\t\t\t<div class=\"e-con-inner\">\n\t\t\t\t<div class=\"elementor-element elementor-element-b8912e5 elementor-align-left elementor-widget elementor-widget-lottie\" data-id=\"b8912e5\" data-element_type=\"widget\" data-e-type=\"widget\" data-settings=\"{&quot;source_json&quot;:{&quot;url&quot;:&quot;https:\\\/\\\/tilde.ai\\\/wp-content\\\/uploads\\\/2026\\\/04\\\/Sent.json&quot;,&quot;id&quot;:25722,&quot;size&quot;:&quot;&quot;,&quot;alt&quot;:&quot;&quot;,&quot;source&quot;:&quot;library&quot;},&quot;lazyload&quot;:&quot;yes&quot;,&quot;source&quot;:&quot;media_file&quot;,&quot;caption_source&quot;:&quot;none&quot;,&quot;link_to&quot;:&quot;none&quot;,&quot;trigger&quot;:&quot;arriving_to_viewport&quot;,&quot;viewport&quot;:{&quot;unit&quot;:&quot;%&quot;,&quot;size&quot;:&quot;&quot;,&quot;sizes&quot;:{&quot;start&quot;:0,&quot;end&quot;:100}},&quot;play_speed&quot;:{&quot;unit&quot;:&quot;px&quot;,&quot;size&quot;:1,&quot;sizes&quot;:[]},&quot;start_point&quot;:{&quot;unit&quot;:&quot;%&quot;,&quot;size&quot;:0,&quot;sizes&quot;:[]},&quot;end_point&quot;:{&quot;unit&quot;:&quot;%&quot;,&quot;size&quot;:100,&quot;sizes&quot;:[]},&quot;renderer&quot;:&quot;svg&quot;}\" data-widget_type=\"lottie.default\">\n\t\t\t\t\t<div class=\"e-lottie__container\"><div class=\"e-lottie__animation\"><\/div><\/div>\t\t\t\t<\/div>\n\t\t\t\t<div class=\"elementor-element elementor-element-04a1a47 elementor-widget elementor-widget-text-editor\" data-id=\"04a1a47\" data-element_type=\"widget\" data-e-type=\"widget\" data-widget_type=\"text-editor.default\">\n\t\t\t\t\t\t\t\t\t<p>Per\u017ei\u016brime j\u016bs\u0173 u\u017eklaus\u0105 ir susisieksime su jumis per 1-3 darbo dienas<\/p>\t\t\t\t\t\t\t\t<\/div>\n\t\t\t\t\t<\/div>\n\t\t\t\t<\/div>\n\t\t<div class=\"elementor-element elementor-element-543d189 e-flex e-con-boxed e-con e-parent\" data-id=\"543d189\" data-element_type=\"container\" data-e-type=\"container\" data-settings=\"{&quot;background_background&quot;:&quot;classic&quot;}\">\n\t\t\t\t\t<div class=\"e-con-inner\">\n\t\t\t\t<div class=\"elementor-element elementor-element-529548f elementor-widget__width-initial elementor-widget-mobile__width-inherit elementor-widget elementor-widget-heading\" data-id=\"529548f\" data-element_type=\"widget\" data-e-type=\"widget\" data-widget_type=\"heading.default\">\n\t\t\t\t\t<h4 class=\"elementor-heading-title elementor-size-default\">Kol m\u016bs\u0173 komanda per\u017ei\u016br\u0117s j\u016bs\u0173 u\u017eklaus\u0105, i\u0161tirkite, kaip organizacijos gauna naudos i\u0161 \u201eTilde\u201c produkt\u0173 ir paslaug\u0173<\/h4>\t\t\t\t<\/div>\n\t\t\t\t<div class=\"elementor-element elementor-element-fa05dfd elementor-mobile-align-justify elementor-widget elementor-widget-button\" data-id=\"fa05dfd\" data-element_type=\"widget\" data-e-type=\"widget\" data-widget_type=\"button.default\">\n\t\t\t\t\t\t\t\t\t\t<a class=\"elementor-button elementor-button-link elementor-size-sm\" href=\"https:\/\/tilde.ai\/lt\/case-studies\/\">\n\t\t\t\t\t\t<span class=\"elementor-button-content-wrapper\">\n\t\t\t\t\t\t\t\t\t<span class=\"elementor-button-text\">Tirti atvej\u0173 tyrimus<\/span>\n\t\t\t\t\t<\/span>\n\t\t\t\t\t<\/a>\n\t\t\t\t\t\t\t\t<\/div>\n\t\t\t\t\t<\/div>\n\t\t\t\t<\/div>\n\t\t\t\t<\/div>","protected":false},"excerpt":{"rendered":"<p>D\u0117kojame, kad susisiek\u0117te Mes per\u017ei\u016brime j\u016bs\u0173 u\u017eklaus\u0105 ir susisieksime su jumis per 1-3 darbo dienas Kol m\u016bs\u0173 komanda per\u017ei\u016br\u0117s j\u016bs\u0173 u\u017eklaus\u0105, i\u0161tirkite, kuo organizacijoms naudinga \u201eTilde\u201c produkt\u0173 ir paslaug\u0173 analiz\u0117<\/p>","protected":false},"author":22,"featured_media":0,"parent":10353,"menu_order":0,"comment_status":"closed","ping_status":"closed","template":"","meta":{"footnotes":""},"class_list":["post-25711","page","type-page","status-publish","hentry"],"_links":{"self":[{"href":"https:\/\/tilde.ai\/lt\/wp-json\/wp\/v2\/pages\/25711","targetHints":{"allow":["GET"]}}],"collection":[{"href":"https:\/\/tilde.ai\/lt\/wp-json\/wp\/v2\/pages"}],"about":[{"href":"https:\/\/tilde.ai\/lt\/wp-json\/wp\/v2\/types\/page"}],"author":[{"embeddable":true,"href":"https:\/\/tilde.ai\/lt\/wp-json\/wp\/v2\/users\/22"}],"replies":[{"embeddable":true,"href":"https:\/\/tilde.ai\/lt\/wp-json\/wp\/v2\/comments?post=25711"}],"version-history":[{"count":0,"href":"https:\/\/tilde.ai\/lt\/wp-json\/wp\/v2\/pages\/25711\/revisions"}],"up":[{"embeddable":true,"href":"https:\/\/tilde.ai\/lt\/wp-json\/wp\/v2\/pages\/10353"}],"wp:attachment":[{"href":"https:\/\/tilde.ai\/lt\/wp-json\/wp\/v2\/media?parent=25711"}],"curies":[{"name":"wp","href":"https:\/\/api.w.org\/{rel}","templated":true}]}}