{"id":24076,"date":"2026-03-12T10:05:20","date_gmt":"2026-03-12T08:05:20","guid":{"rendered":"https:\/\/tilde.ai\/?page_id=24076"},"modified":"2026-04-24T13:23:04","modified_gmt":"2026-04-24T11:23:04","slug":"sia-tilde-petniecibas-projekta-daudzvalodibas-servisi-eiropas-makondatosanas-infrastruktura-aktualitates","status":"publish","type":"page","link":"https:\/\/tilde.ai\/lt\/sia-tilde-petniecibas-projekta-daudzvalodibas-servisi-eiropas-makondatosanas-infrastruktura-aktualitates\/","title":{"rendered":"SIA \u201eTILDE\u201c p\u0113tniec\u012bbas projekta \u201eDaudzvalod\u012bbas servisi Eiropas m\u0101ko\u0146dato\u0161anas infrastrukt\u016br\u0101\u201c aktualit\u0101tes"},"content":{"rendered":"<div data-elementor-type=\"wp-page\" data-elementor-id=\"24076\" class=\"elementor elementor-24076\" data-elementor-post-type=\"page\">\n\t\t\t\t<div class=\"elementor-element elementor-element-13cc4cd e-con-full e-flex e-con e-parent\" data-id=\"13cc4cd\" data-element_type=\"container\" data-e-type=\"container\" data-settings=\"{&quot;background_background&quot;:&quot;classic&quot;}\">\n\t\t\t\t<div class=\"elementor-element elementor-element-89a1aa2 elementor-widget elementor-widget-image\" data-id=\"89a1aa2\" data-element_type=\"widget\" data-e-type=\"widget\" data-widget_type=\"image.default\">\n\t\t\t\t\t\t\t\t\t\t\t\t\t\t\t<img fetchpriority=\"high\" decoding=\"async\" width=\"524\" height=\"230\" src=\"https:\/\/tilde.ai\/wp-content\/uploads\/2026\/03\/Screenshot-2026-03-12-at-10.07.03.png\" class=\"attachment-large size-large wp-image-24078\" alt=\"\" srcset=\"https:\/\/tilde.ai\/wp-content\/uploads\/2026\/03\/Screenshot-2026-03-12-at-10.07.03.png 524w, https:\/\/tilde.ai\/wp-content\/uploads\/2026\/03\/Screenshot-2026-03-12-at-10.07.03-300x132.png 300w, https:\/\/tilde.ai\/wp-content\/uploads\/2026\/03\/Screenshot-2026-03-12-at-10.07.03-18x8.png 18w\" sizes=\"(max-width: 524px) 100vw, 524px\" \/>\t\t\t\t\t\t\t\t\t\t\t\t\t\t\t<\/div>\n\t\t\t\t<\/div>\n\t\t<div class=\"elementor-element elementor-element-759b1a7 e-flex e-con-boxed e-con e-parent\" data-id=\"759b1a7\" data-element_type=\"container\" data-e-type=\"container\">\n\t\t\t\t\t<div class=\"e-con-inner\">\n\t\t\t\t<div class=\"elementor-element elementor-element-0dcb0ec elementor-widget elementor-widget-heading\" data-id=\"0dcb0ec\" data-element_type=\"widget\" data-e-type=\"widget\" data-widget_type=\"heading.default\">\n\t\t\t\t\t<h1 class=\"elementor-heading-title elementor-size-default\">SIA \u201eTILDE\u201c p\u0113tniec\u012bbas projekta \u201eDaudzvalod\u012bbas servisi Eiropas m\u0101ko\u0146dato\u0161anas infrastrukt\u016br\u0101\u201c aktualit\u0101tes<\/h1>\t\t\t\t<\/div>\n\t\t\t\t<div class=\"elementor-element elementor-element-0198818 elementor-widget elementor-widget-text-editor\" data-id=\"0198818\" data-element_type=\"widget\" data-e-type=\"widget\" data-widget_type=\"text-editor.default\">\n\t\t\t\t\t\t\t\t\t<p>SIA \u201eTILDE\u201c \u201e\u012bsteno projektu\u201c \u201eDaudzvalod\u012bbas servisi Eiropas m\u0101ko\u0146dato\u0161anas infrastrukt\u016br\u0101\u201c (l\u012bguma Nr. 5.1.1.2.i.0\/4\/24\/CFLA\/002), Kura m\u0113r\u0137is ir izp\u0113t\u012bt UN izveidot jaunus, \u0123enerat\u012bvaj\u0101 intelekt\u0101 balst\u012btus valodu tehnolo\u0123iju (VT) pakalpojumus UN infrastrukt\u016bras programmat\u016bru, nodro\u0161inot m\u0101ksl\u012bgaj\u0101 IPCEI-CIS ietvaros izvieto\u0161anu Eiropas m\u0101ko\u0146skait\u013co\u0161anas veidotaj\u0101 infrastrukt\u016br\u0101.<\/p><p>Projekta ietvaros Tiek izstr\u0101d\u0101ti ar\u012b efekt\u012bvi valodu tehnolo\u0123iju izvieto\u0161anas UN darb\u012bbas mode\u013ci, kas piel\u0101goti lielo valodas mode\u013cu (LVM) specifiskaj\u0101m tehniskaj\u0101m pras\u012bb\u0101m. Projektas rezult\u0101t\u0101 tiks rad\u012bts pamats m\u016bsdien\u012bgiem stabils, dro\u0161iem UN m\u0113rogojamiem daudzvalodu pakalpojumiem Esing m\u0101ko\u0146infrastrukt\u016br\u0101, veicinot inov\u0101ciju UN efekt\u012bvu daudzvalodu Datu apstr\u0101di UN lietojumprogrammu izstr\u0101di.<\/p><p>\u0160obr\u012bd, veiksm\u012bgai projekta realiz\u0101cijai, kopum\u0101 ir pl\u0101notas \u010detras r\u016bpniecisk\u0101 p\u0113t\u012bjuma UN divas eksperiment\u0101l\u0101s izstr\u0101des aktivit\u0101tes:<\/p><ol><li>Pras\u012bbu anal\u012bze<\/li><li>Valodas tehnolo\u0123iju m\u0101ko\u0146pakalpojumi<\/li><li>Pamatmode\u013ci<\/li><li>LVM balst\u012bti VT pakalpojumi<\/li><li>Datu glab\u0101\u0161ana JT apmai\u0146a<\/li><li>Izvieto\u0161ana<\/li><\/ol><p>Projekta realiz\u0101cijas laikotarpiai: 2024 12 20 \u2013 2027 12 31.<\/p><p>P\u0113tniec\u012bbas projekta kop\u0113j\u0101s izmaksas: 4 867 312,00<\/p><p>Atvese\u013co\u0161anas Fonda l\u012bdzfinans\u0113jums: 3 406 373,25<\/p><p>Projektu l\u012bdzfinans\u0113 Atvese\u013co\u0161anas fonds Darb\u012bbas programmas paaugstin\u0101\u0161ana Latvijas Atvese\u013co\u0161anas UN notur\u012bbas meh\u0101nisma pl\u0101na 5.1. reformu UN invest\u012bciju invest\u012bciju apjoma palielin\u0101\u0161anu caur Produktivit\u0101tes P &amp; A 5.1.1.r. reformas p\u0101rvald\u012bba Inov\u0101ciju UN priv\u0101to P &amp; A invest\u012bciju motiv\u0101cija\u201c\u201c\u201c 5.1.1.2.i. invest\u012bcijas atbalsta instruments p\u0113tniec\u012bbai UN internacionaliz\u0101cijai\u201c k\u0101rtas \u012bsteno\u0161anas noteikumi otr\u0101s virziena k\u0101rtas k\u0101rtas k\u0101rtas ietvaros.<\/p>\t\t\t\t\t\t\t\t<\/div>\n\t\t\t\t\t<\/div>\n\t\t\t\t<\/div>\n\t\t<div class=\"elementor-element elementor-element-592dc56 e-con-full e-flex e-con e-parent\" data-id=\"592dc56\" data-element_type=\"container\" data-e-type=\"container\" data-settings=\"{&quot;background_background&quot;:&quot;classic&quot;}\">\n\t\t\t\t<div class=\"elementor-element elementor-element-d89bad9 elementor-widget elementor-widget-image\" data-id=\"d89bad9\" data-element_type=\"widget\" data-e-type=\"widget\" data-widget_type=\"image.default\">\n\t\t\t\t\t\t\t\t\t\t\t\t\t\t\t<img fetchpriority=\"high\" decoding=\"async\" width=\"524\" height=\"230\" src=\"https:\/\/tilde.ai\/wp-content\/uploads\/2026\/03\/Screenshot-2026-03-12-at-10.07.03.png\" class=\"attachment-large size-large wp-image-24078\" alt=\"\" srcset=\"https:\/\/tilde.ai\/wp-content\/uploads\/2026\/03\/Screenshot-2026-03-12-at-10.07.03.png 524w, https:\/\/tilde.ai\/wp-content\/uploads\/2026\/03\/Screenshot-2026-03-12-at-10.07.03-300x132.png 300w, https:\/\/tilde.ai\/wp-content\/uploads\/2026\/03\/Screenshot-2026-03-12-at-10.07.03-18x8.png 18w\" sizes=\"(max-width: 524px) 100vw, 524px\" \/>\t\t\t\t\t\t\t\t\t\t\t\t\t\t\t<\/div>\n\t\t\t\t<\/div>\n\t\t<div class=\"elementor-element elementor-element-3b11508 e-flex e-con-boxed e-con e-parent\" data-id=\"3b11508\" data-element_type=\"container\" data-e-type=\"container\">\n\t\t\t\t\t<div class=\"e-con-inner\">\n\t\t\t\t<div class=\"elementor-element elementor-element-7632e36 elementor-widget elementor-widget-heading\" data-id=\"7632e36\" data-element_type=\"widget\" data-e-type=\"widget\" data-widget_type=\"heading.default\">\n\t\t\t\t\t<h4 class=\"elementor-heading-title elementor-size-default\">SIA \u201eTILDE\u201c p\u0113tniec\u012bbas projekta \u201eDaudzvalod\u012bbas servisi Eiropas m\u0101ko\u0146dato\u0161anas infrastrukt\u016br\u0101\u201c aktualit\u0101tes<\/h4>\t\t\t\t<\/div>\n\t\t\t\t<div class=\"elementor-element elementor-element-936d666 elementor-widget elementor-widget-text-editor\" data-id=\"936d666\" data-element_type=\"widget\" data-e-type=\"widget\" data-widget_type=\"text-editor.default\">\n\t\t\t\t\t\t\t\t\t<p>SIA \u201eTILDE\u201c \u012bsteno projektu \u201eDaudzvalod\u012bbas servisi Eiropas m\u0101ko\u0146dato\u0161anas infrastrukt\u016br\u0101\u201c (l\u012bguma Nr. 5.1.1.2.i.0\/4\/24\/CFLA\/002), Kura m\u0113r\u0137is ir izp\u0113t\u012bt UN izveidot jaunus, \u0123enerat\u012bvaj\u0101 intelekt\u0101 balst\u012btus valodu tehnolo\u0123iju (VT) pakalpojumus UN infrastrukt\u016bras programmat\u016bru, nodro\u0161inot izvieto\u0161anu IPCEI-CIS ietvaros m\u0101ksl\u012bgaj\u0101 Eiropas m\u0101ko\u0146skait\u013co\u0161anas veidotaj\u0101 infrastrukt\u016br\u0101.<\/p><p>\u00a0<\/p><p>Projekta ietvaros Tiek izstr\u0101d\u0101ti ar\u012b efekt\u012bvi valodu tehnolo\u0123iju izvieto\u0161anas UN darb\u012bbas mode\u013ci, kas piel\u0101goti lielo valodas mode\u013cu (LVM) specifiskaj\u0101m tehniskaj\u0101m pras\u012bb\u0101m. Projekta rezult\u0101t\u0101 tiks rad\u012bts pamats m\u016bsdien\u012bgiem stabils, dro\u0161iem UN m\u0113rogojamiem daudzvalodu pakalpojumiem Esing m\u0101ko\u0146infrastrukt\u016br\u0101, veicinot inov\u0101ciju UN efekt\u012bvu daudzvalodu Datu apstr\u0101di UN lietojumprogrammu izstr\u0101di<\/p><p>.<\/p><ol start=\"2025\"><li>gada otraj\u0101 turpin\u0101s r\u016bpniecisk\u0101 p\u0113t\u012bjuma pusgad\u0101 \u201eaktivit\u0101\u0161u Pamatmode\u013ci anal\u012bze, Pras\u012bbu, LVM balst\u012bti VT \u012bsteno\u0161ana UN Datu pakalpojumi UN apmai\u0146a glab\u0101\u0161ana. T\u0101pat turpin\u0101s eksperiment\u0101l\u0101s ar\u012b izstr\u0101des aktivit\u0101\u0161u \u201eVT m\u0101ko\u0146pakalpojumi\u201c \u012bsteno\u0161ana.<\/li><li>\u00a0<\/li><\/ol><p>Projekta 1. aktivit\u0101tes \u201ePras\u012bbu\u201c ietvaros tika analiz\u0113ta IPCEI-CIS\/8RA arhitekt\u016bras dokument\u0101cija, tehniskie pl\u0101ni, infrastrukt\u016bras apraksti UN daudzvalodu valodu tehnolo\u0123iju lietot\u0101ju vajadz\u012bbas, k\u0101 rezult\u0101t\u0101 tika izstr\u0101d\u0101ts LANG4CI pras\u012bbu anal\u012bzes dokuments, kas m\u0113r\u0137a arhitekt\u016bru UN detaliz\u0113tu pras\u012bbu ietver anal\u012bze kopumu platformas komponentiem. Defin\u0113t\u0101s pras\u012bbas nodro\u0161ina LANG4CI k\u0101 m\u0113rogojamas, dro\u0161as UN sadarbsp\u0113j\u012bgas darb\u012bbu Eiropas m\u0101ko\u0146pakalpojumu vid\u0113, k\u0101 ar\u012b par pamatu turpm\u0101kaj\u0101m projekta aktivit\u0101t\u0113m.<\/p><p>\u00a0<\/p><p>2 projektas. \u201eVT m\u0101ko\u0146pakalpojumi\u201c ietvaros tika uzs\u0101kta konceptu\u0101l\u0101 pieeja valodu tehnolo\u0123iju izvieto\u0161anai m\u0101ko\u0146vid\u0113, analiz\u0113jot arhitekt\u016bras integr\u0101cijas UN pakalpojumu risin\u0101jumus Eiropas m\u0101ko\u0146skait\u013co\u0161anas scen\u0101rijus. Tika izv\u0113rt\u0113ti potenci\u0101lie tehniskie risin\u0101jumi UN defin\u0113ti s\u0101kotn\u0113jie principi VT pakalpojumu nodro\u0161in\u0101\u0161anai m\u0101ko\u0146vid\u0113.<\/p><p>\u00a0<\/p><p>Projekta 3. aktivit\u0101tes \u201ePamatmode\u013ci\u201c ietvaros tika uzs\u0101kta ar LLM saist\u012bto izp\u0113te UN eso\u0161o risin\u0101jumu anal\u012bze, Lajus identific\u0113tu piem\u0113rot\u0101k\u0101s pieejas daudzvalodu pamatmode\u013cu izmanto\u0161anai projekta ietvaros. Tika izv\u0113rt\u0113ti da\u017e\u0101di arhitekt\u016bru mode\u013cu JT izmanto\u0161anas scen\u0101riji turpm\u0101kajai izstr\u0101dei.<\/p><p>\u00a0<\/p><p>4 projektas. aktivit\u0101tes \u201eLVM balst\u012bti VT pakalpojumi\u201c ietvaros tika veikta s\u0101kotn\u0113j\u0101 izp\u0113te par LLM balst\u012btu valodu tehnolo\u0123iju iesp\u0113jamo pielietojumu UN integr\u0101cijas iesp\u0113j\u0101m pakalpojumu m\u0101ko\u0146vid\u0113. Tika analiz\u0113ti potenci\u0101lie scen\u0101riji pielietojuma UN defin\u0113ti turpm\u0101k\u0101s izstr\u0101des virzieni.<\/p><p>\u00a0<\/p><p>5 projektas. aktivit\u0101tes \u201edu saglab\u0101\u0161anas UN apmai\u0146a\u201c ietvaros tika izskat\u012btas pras\u012bbas, kas ir iek\u013cautas pras\u012bbu anal\u012bzes dokument\u0101.<\/p><p>Projekta realiz\u0101cijas laikotarpiai: 2024 12 20 \u2013 2027 12 31.<\/p><p>P\u0113tniec\u012bbas projekta kop\u0113j\u0101s izmaksas: 4 867 312,00<\/p><p>Atvese\u013co\u0161anas Fonda l\u012bdzfinans\u0113jums: 3 406 373,25<\/p><p>\u00a0<\/p><p>Projektu l\u012bdzfinans\u0113 Atvese\u013co\u0161anas fonds Darb\u012bbas programmas paaugstin\u0101\u0161ana Latvijas Atvese\u013co\u0161anas UN notur\u012bbas meh\u0101nisma pl\u0101na 5.1. reformu UN invest\u012bciju invest\u012bciju apjoma palielin\u0101\u0161anu caur Produktivit\u0101tes P &amp; A 5.1.1.r. reformas p\u0101rvald\u012bba Inov\u0101ciju UN priv\u0101to P &amp; A invest\u012bciju motiv\u0101cija\u201c\u201c\u201c 5.1.1.2.i. invest\u012bcijas atbalsta instruments p\u0113tniec\u012bbai UN internacionaliz\u0101cijai\u201c k\u0101rtas \u012bsteno\u0161anas noteikumi otr\u0101s virziena k\u0101rtas k\u0101rtas k\u0101rtas ietvaros.<\/p><p>\u00a0<\/p>\t\t\t\t\t\t\t\t<\/div>\n\t\t\t\t\t<\/div>\n\t\t\t\t<\/div>\n\t\t\t\t<\/div>","protected":false},"excerpt":{"rendered":"<p>SAI \u201eTILDE\u201c p\u0113tniec\u012bbas projekta \u201eDaudzvalod\u012bbas servisi Eiropas m\u0101ko\u0146dato\u0161anas\u201c aktualit\u0101tes SAI \u201eTILDE\u201c \u201e\u012bsteno projektu \u201eDaudzvalod\u012bbas Eiropas m\u0101ko\u0146dato\u0161anas infrastrukt\u016br\u0101\u201c (l\u012bguma Nr. 5.1.1.2.i.0\/4\/24\/CFLA\/002), Kura m\u0113r\u0137is ir izp\u0113t\u012bt UN izveidot jaunus, \u0123enerat\u012bvaj\u0101 intelekt\u0101 m\u0101ksl\u012bgaj\u0101 valodu tehnolo\u0123iju (VT) pakalpojumus UN infrastrukt\u016bras infrastrukt\u016br\u0101, nodro\u0161inot balst\u012btus izvieto\u0161anu IPCEI-CIS ietvaros Eiropas m\u0101ko\u0146skait\u013co\u0161anas programmat\u016bru. Projekta ietvaros Tiesioginio izstr\u0101d\u0101ti ar\u012b efekt\u012bvi [\u2026]<\/p>","protected":false},"author":2,"featured_media":0,"parent":0,"menu_order":0,"comment_status":"closed","ping_status":"closed","template":"","meta":{"footnotes":""},"class_list":["post-24076","page","type-page","status-publish","hentry"],"_links":{"self":[{"href":"https:\/\/tilde.ai\/lt\/wp-json\/wp\/v2\/pages\/24076","targetHints":{"allow":["GET"]}}],"collection":[{"href":"https:\/\/tilde.ai\/lt\/wp-json\/wp\/v2\/pages"}],"about":[{"href":"https:\/\/tilde.ai\/lt\/wp-json\/wp\/v2\/types\/page"}],"author":[{"embeddable":true,"href":"https:\/\/tilde.ai\/lt\/wp-json\/wp\/v2\/users\/2"}],"replies":[{"embeddable":true,"href":"https:\/\/tilde.ai\/lt\/wp-json\/wp\/v2\/comments?post=24076"}],"version-history":[{"count":0,"href":"https:\/\/tilde.ai\/lt\/wp-json\/wp\/v2\/pages\/24076\/revisions"}],"wp:attachment":[{"href":"https:\/\/tilde.ai\/lt\/wp-json\/wp\/v2\/media?parent=24076"}],"curies":[{"name":"wp","href":"https:\/\/api.w.org\/{rel}","templated":true}]}}