{"id":11244,"date":"2024-04-23T06:02:34","date_gmt":"2024-04-23T06:02:34","guid":{"rendered":"https:\/\/tilde.ai\/?page_id=11244"},"modified":"2024-07-02T12:17:16","modified_gmt":"2024-07-02T12:17:16","slug":"projekta-informacijas-un-komunikacijas-tehnologiju-kompetences-centrs-aktualitates-2020-gada-tresaja","status":"publish","type":"page","link":"https:\/\/tilde.ai\/lt\/sia-tilde-projects\/projekta-informacijas-un-komunikacijas-tehnologiju-kompetences-centrs-aktualitates-2020-gada-tresaja\/","title":{"rendered":"Projektas \u201eInform\u0101cijas UN komunik\u0101cijas tehnolo\u0123iju kompetences Centrs\u201c aktualit\u0101tes 2020. gada tre\u0161aj\u0101 ceturksn\u012b"},"content":{"rendered":"<div data-elementor-type=\"wp-page\" data-elementor-id=\"11244\" class=\"elementor elementor-11244\" data-elementor-post-type=\"page\">\n\t\t\t\t<div class=\"elementor-element elementor-element-8fd0807 e-con-full e-flex e-con e-parent\" data-id=\"8fd0807\" data-element_type=\"container\" data-e-type=\"container\" data-settings=\"{&quot;background_background&quot;:&quot;classic&quot;}\">\n\t\t\t\t<\/div>\n\t\t<div class=\"elementor-element elementor-element-8bd6a4b e-flex e-con-boxed e-con e-parent\" data-id=\"8bd6a4b\" data-element_type=\"container\" data-e-type=\"container\">\n\t\t\t\t\t<div class=\"e-con-inner\">\n\t\t\t\t<div class=\"elementor-element elementor-element-dc9e708 elementor-widget elementor-widget-text-editor\" data-id=\"dc9e708\" data-element_type=\"widget\" data-e-type=\"widget\" data-widget_type=\"text-editor.default\">\n\t\t\t\t\t\t\t\t\t<p class=\"sub-title\"><b>Projektas \u201eInform\u0101cijas UN komunik\u0101cijas tehnolo\u0123iju kompetences Centrs\u201c aktualit\u0101tes 2020. gada tre\u0161aj\u0101 ceturksn\u012b<\/b><\/p><p>IT kompetences Centrs atbilsto\u0161i 2019. gada 9. maij\u0101 ar CENTR\u0100LO Finan\u0161u JT l\u012bgumu a\u0123ent\u016bru l\u012bgumam Nr. 1.2.1.1\/18\/A\/003 nosl\u0113gtajam Nr. Nr. \u012bsteno Inform\u0101cijas projektu JT komunik\u0101cijas<b>\u00a0<\/b>tehnolo\u0123iju kompetences centrus \u201e.<\/p><p><b>Projekt\u0101<\/b>\u00a02020. gada tre\u0161aj\u0101 ceturksn\u012b Tiek turpin\u0101ta visu p\u0113t\u012bjumu apstiprin\u0101to \u012bsteno\u0161ana JT uzs\u0101kta viena UN jauna p\u0113t\u012bjuma \u012bsteno\u0161ana. Sagatavots JT iesniegts jau maks\u0101juma piektais piepras\u012bjums, regul\u0101ri notiek gan zin\u0101tnisko virzienu vad\u012bt\u0101ju, gan padomes s\u0113des, kur\u0101s Tiek izskat\u012bts \u012bstenoto p\u0113t\u012bjumu pa\u017eanga JT sasniegtie rezult\u0101ti. Mazinot iesp\u0113ju infic\u0113ties ar COVID-19, san\u0101ksmes liel\u0101koties notiku\u0161as piln\u012bb\u0101 VAI da\u013c\u0113ji att\u0101lin\u0101ti. COVID-19 rad\u012btie sare\u017e\u0123\u012bjumi gad\u012bjumos atsevi\u0161\u0137os ir ietekm\u0113ju\u0161i p\u0113t\u012bjumu laika grafikus, la\u017einamasi kopum\u0101 \u012bsteno\u0161ana p\u0113t\u012bjumu NAV b\u016btiski ietekm\u0113ta.<\/p><p><b>\u012astenoto p\u0113t\u012bjumu aktualit\u0101tes:<\/b><\/p><ul><li><b>SIA \u201eTilde\u201c p\u0113t\u012bjums Nr. 2.2 \u201eAdapt\u012bva multimod\u0101la t\u012bklos balst\u012bta ma\u0161\u012bntulko\u0161ana\u201c\u00a0<\/b>2019 m. uzs\u0101kts. gada apr\u012bl\u012b. 2020. gada tre\u0161aj\u0101 turpin\u0101s r\u016bpniecisk\u0101 p\u0113t\u012bjuma tre\u0161\u0101s ceturksn\u012b par aktivit\u0101tes par par par P\u0113t\u012bjums par neirontulko\u0161anas sist\u0113mu runos tulko\u0161anas piel\u0101go\u0161anu risin\u0101\u0161anai probl\u0113mu JT eksperiment\u0101l\u0101s aktivit\u0101tes izstr\u0101des\u201c\u201c\u201c Adapt\u012bva multimod\u0101la neironu \u012bsteno\u0161ana t\u012bklos\u201c balst\u012bta\u201c ma\u0161\u012bntulko\u0161anas\u201c\u201c\u201c risin\u0101juma prototips.<\/li><li><b>SIA \u201eTilde\u201c p\u0113t\u012bjums Nr. 2.3 \u201eNeironu t\u012bklu metodai virtu\u0101lo ma\u0161\u012bnm\u0101c\u012b\u0161an\u0101s dialogu scen\u0101riju izveides automatiz\u0101cijai\u201c\u00a0<\/b>2019 m. uzs\u0101kts. gada apr\u012bl\u012b. 2020. gada tre\u0161aj\u0101 turpin\u0101s tre\u0161\u0101s r\u016bpniecisk\u0101 ceturksn\u012b p\u0113t\u012bjuma \u201eaktivit\u0101tes ma\u0161\u012bnm\u0101c\u012b\u0161an\u0101s \u201eDialogu scen\u0101riju no audio sarun\u0101m\u201c JT eksperiment\u0101l\u0101s aktivit\u0101tes izstr\u0101des \u012bsteno\u0161ana dialogu Virtu\u0101lo asistentu\u201c\u201c scen\u0101riju\u201c izveides automatiz\u0101cijas prototips.<\/li><li><b>SAI \u201eTilde\u201c JT SAI \u201eMerhels Revidenti Konsultanti\u201c starpnozaru p\u0113t\u012bjums Nr. 2.6 \u201eM\u0101ksl\u012bg\u0101 intelekta izp\u0113te JT kompleksu meto\u017eu uz\u0146\u0113mumu veido\u0161ana sist\u0113mu model\u0113\u0161anai procesu uzskaites JT l\u0113mumu gr\u0101matved\u012bbas\u201c\u00a0<\/b>2019 m. uzs\u0101kts. gada maij\u0101. 2020. gada tre\u0161aj\u0101 turpin\u0101s p\u0113t\u012bjumu nosl\u0113dzo\u0161\u0101s eksperiment\u0101l\u0101s \u012bsteno\u0161ana izstr\u0101des aktivit\u0101tes intelekta M\u0101ksl\u012bg\u0101 tehnolo\u0123iju prototipa izstr\u0101de gr\u0101matved\u012bbas procesu uzskaites JT uz\u0146\u0113mumu automatiz\u0113\u0161anai septembr\u012b JT prognoz\u0113\u0161anai darb\u012bbas pl\u0101nots, kuru anal\u012bzei r\u0101d\u012bt\u0101ju pabeigt.<\/li><\/ul><p>Projektu l\u012bdzfinans\u0113 Eiropas Re\u0123ion\u0101l\u0101s att\u012bst\u012bbas fonds Darb\u012bbas programmas Izaugsme UN nodarbin\u0101t\u012bba 1.2.1. specifisk\u0101 atbalsta m\u0113r\u0137a priv\u0101t\u0101 sektora invest\u012bcijas P &amp; A izstr\u0101dei 1.2.1.1. pas\u0101kuma Palielin\u0101t Atbalsts jaunu produktai UN tehnolo\u0123iju kompetences centru ietvaros.<\/p>\t\t\t\t\t\t\t\t<\/div>\n\t\t<div class=\"elementor-element elementor-element-027685a e-con-full e-flex e-con e-child\" data-id=\"027685a\" data-element_type=\"container\" data-e-type=\"container\">\n\t\t\t\t<div class=\"elementor-element elementor-element-d35e63b elementor-widget elementor-widget-image\" data-id=\"d35e63b\" data-element_type=\"widget\" data-e-type=\"widget\" data-widget_type=\"image.default\">\n\t\t\t\t\t\t\t\t\t\t\t\t\t\t\t<img fetchpriority=\"high\" decoding=\"async\" width=\"726\" height=\"152\" src=\"https:\/\/tilde.ai\/wp-content\/uploads\/2024\/04\/lv_id_eu_logo_ansamblis_eraf_rgb-1.png\" class=\"attachment-medium_large size-medium_large wp-image-11014\" alt=\"\" srcset=\"https:\/\/tilde.ai\/wp-content\/uploads\/2024\/04\/lv_id_eu_logo_ansamblis_eraf_rgb-1.png 726w, https:\/\/tilde.ai\/wp-content\/uploads\/2024\/04\/lv_id_eu_logo_ansamblis_eraf_rgb-1-300x63.png 300w, https:\/\/tilde.ai\/wp-content\/uploads\/2024\/04\/lv_id_eu_logo_ansamblis_eraf_rgb-1-18x4.png 18w\" sizes=\"(max-width: 726px) 100vw, 726px\" \/>\t\t\t\t\t\t\t\t\t\t\t\t\t\t\t<\/div>\n\t\t\t\t<\/div>\n\t\t\t\t\t<\/div>\n\t\t\t\t<\/div>\n\t\t\t\t<\/div>","protected":false},"excerpt":{"rendered":"<p>Projektas \u201eInform\u0101cijas UN komunik\u0101cijas tehnolo\u0123iju kompetences Centrs\u201c aktualit\u0101tes 2020. gada tre\u0161aj\u0101 ceturksn\u012b IT kompetences Centrs atbilsto\u0161i 2019. gada 9. maij\u0101 ar CENTR\u0100LO Finan\u0161u UN l\u012bgumu nosl\u0113gtajam l\u012bgumam Nr. 1.2.1.1\/18\/A\/003 \u012bsteno a\u0123ent\u016bru Nr. Nr. tehnolo\u0123iju projektu Inform\u0101cijas UN komunik\u0101cijas kompetences Centrs. Projekt\u0101 2020. gada tre\u0161aj\u0101 ceturksn\u012b Tiek turpin\u0101ta apstiprin\u0101to p\u0113t\u012bjumu \u012bsteno\u0161ana visu JT uzs\u0101kta viena UN jauna p\u0113t\u012bjuma \u012bsteno\u0161ana. Sagatavots JT [\u2026]<\/p>","protected":false},"author":2,"featured_media":0,"parent":11009,"menu_order":0,"comment_status":"closed","ping_status":"closed","template":"page-full-width.php","meta":{"footnotes":""},"class_list":["post-11244","page","type-page","status-publish","hentry"],"_links":{"self":[{"href":"https:\/\/tilde.ai\/lt\/wp-json\/wp\/v2\/pages\/11244","targetHints":{"allow":["GET"]}}],"collection":[{"href":"https:\/\/tilde.ai\/lt\/wp-json\/wp\/v2\/pages"}],"about":[{"href":"https:\/\/tilde.ai\/lt\/wp-json\/wp\/v2\/types\/page"}],"author":[{"embeddable":true,"href":"https:\/\/tilde.ai\/lt\/wp-json\/wp\/v2\/users\/2"}],"replies":[{"embeddable":true,"href":"https:\/\/tilde.ai\/lt\/wp-json\/wp\/v2\/comments?post=11244"}],"version-history":[{"count":0,"href":"https:\/\/tilde.ai\/lt\/wp-json\/wp\/v2\/pages\/11244\/revisions"}],"up":[{"embeddable":true,"href":"https:\/\/tilde.ai\/lt\/wp-json\/wp\/v2\/pages\/11009"}],"wp:attachment":[{"href":"https:\/\/tilde.ai\/lt\/wp-json\/wp\/v2\/media?parent=11244"}],"curies":[{"name":"wp","href":"https:\/\/api.w.org\/{rel}","templated":true}]}}