{"id":24076,"date":"2026-03-12T10:05:20","date_gmt":"2026-03-12T08:05:20","guid":{"rendered":"https:\/\/tilde.ai\/?page_id=24076"},"modified":"2026-04-24T13:23:04","modified_gmt":"2026-04-24T11:23:04","slug":"sia-tilde-petniecibas-projekta-daudzvalodibas-servisi-eiropas-makondatosanas-infrastruktura-aktualitates","status":"publish","type":"page","link":"https:\/\/tilde.ai\/et\/sia-tilde-petniecibas-projekta-daudzvalodibas-servisi-eiropas-makondatosanas-infrastruktura-aktualitates\/","title":{"rendered":"SIA \u201eTILDE\u201d p\u0113tniec\u012bbas projekta \u201eDaudzvalod\u012bbas servisi EIROPAS m\u0101ko\u0146dato\u0161anas infrastrukt\u016br\u0101\u201d aktualit\u0101tes"},"content":{"rendered":"<div data-elementor-type=\"wp-page\" data-elementor-id=\"24076\" class=\"elementor elementor-24076\" data-elementor-post-type=\"page\">\n\t\t\t\t<div class=\"elementor-element elementor-element-13cc4cd e-con-full e-flex e-con e-parent\" data-id=\"13cc4cd\" data-element_type=\"container\" data-e-type=\"container\" data-settings=\"{&quot;background_background&quot;:&quot;classic&quot;}\">\n\t\t\t\t<div class=\"elementor-element elementor-element-89a1aa2 elementor-widget elementor-widget-image\" data-id=\"89a1aa2\" data-element_type=\"widget\" data-e-type=\"widget\" data-widget_type=\"image.default\">\n\t\t\t\t\t\t\t\t\t\t\t\t\t\t\t<img fetchpriority=\"high\" decoding=\"async\" width=\"524\" height=\"230\" src=\"https:\/\/tilde.ai\/wp-content\/uploads\/2026\/03\/Screenshot-2026-03-12-at-10.07.03.png\" class=\"attachment-large size-large wp-image-24078\" alt=\"\" srcset=\"https:\/\/tilde.ai\/wp-content\/uploads\/2026\/03\/Screenshot-2026-03-12-at-10.07.03.png 524w, https:\/\/tilde.ai\/wp-content\/uploads\/2026\/03\/Screenshot-2026-03-12-at-10.07.03-300x132.png 300w, https:\/\/tilde.ai\/wp-content\/uploads\/2026\/03\/Screenshot-2026-03-12-at-10.07.03-18x8.png 18w\" sizes=\"(max-width: 524px) 100vw, 524px\" \/>\t\t\t\t\t\t\t\t\t\t\t\t\t\t\t<\/div>\n\t\t\t\t<\/div>\n\t\t<div class=\"elementor-element elementor-element-759b1a7 e-flex e-con-boxed e-con e-parent\" data-id=\"759b1a7\" data-element_type=\"container\" data-e-type=\"container\">\n\t\t\t\t\t<div class=\"e-con-inner\">\n\t\t\t\t<div class=\"elementor-element elementor-element-0dcb0ec elementor-widget elementor-widget-heading\" data-id=\"0dcb0ec\" data-element_type=\"widget\" data-e-type=\"widget\" data-widget_type=\"heading.default\">\n\t\t\t\t\t<h1 class=\"elementor-heading-title elementor-size-default\">SIA \u201eTILDE\u201d p\u0113tniec\u012bbas projekta \u201eDaudzvalod\u012bbas servisi EIROPAS m\u0101ko\u0146dato\u0161anas infrastrukt\u016br\u0101\u201d aktualit\u0101tes<\/h1>\t\t\t\t<\/div>\n\t\t\t\t<div class=\"elementor-element elementor-element-0198818 elementor-widget elementor-widget-text-editor\" data-id=\"0198818\" data-element_type=\"widget\" data-e-type=\"widget\" data-widget_type=\"text-editor.default\">\n\t\t\t\t\t\t\t\t\t<p>SIA \u201eTILDE\u201d \u201e\u012bsteno projektu\u201d \u201eDaudzvalod\u012bbas servisi EIROPAS m\u0101ko\u0146dato\u0161anas infrastrukt\u016br\u0101\u201d (l\u012bguma nr 5.1.1.2.i .0\/4\/24\/CFLA\/002), Kura m\u0113r\u0137is IR izp\u0113t\u012bt UN izveidot jaunus, \u0123enerat\u012bvaj\u0101 m\u0101ksl\u012bgaj\u0101 intelekt\u0101 balst\u012btus valodu tehnolo\u0123iju (VT) pakalpojumus UN infrastrukt\u016bras programmat\u016bru, nodro\u0161inot to izvieto\u0161anu ietvaros IPCEI-CIS EIROPAS m\u0101ko\u0146skait\u013co\u0161anas infrastrukt\u016br\u0101 veidotaj\u0101.<\/p><p>Projekta ietvaros Tiek izstr\u0101d\u0101ti ar\u012b valodu tehnolo\u0123iju risin\u0101jumu izvieto\u0161anas UN darb\u012bbas mode\u013ci whether piel\u0101goti lielo valodas mode\u013cu (LVM) specifiskaj\u0101m tehniskaj\u0101m pras\u012bb\u0101m. Projekta rezult\u0101t\u0101 tiks rad\u012bts pussitab pamats m\u016bsdien\u012bgiem, dro\u0161iem \u00dcRO m\u0113rogojamiem pakalpojumiem ES m\u0101ko\u0146infrastrukt\u016br\u0101, veicinot inov\u0101ciju \u00dcRO efekt\u012bvu daudzvalodu Datu apstr\u0101di \u00dcRO lietojumprogrammu izstr\u0101di.<\/p><p>\u0160obr\u012bd, veiksm\u012bgai projekta realiz\u0101cijai, kopum\u0101 IR pl\u0101notas \u010detras r\u016bpniecisk\u0101 p\u0113t\u012bjuma UN UN divas eksperiment\u0101l\u0101s izstr\u0101des aktivit\u0101tes:<\/p><ol><li>Pras\u012bbu anal\u012bze<\/li><li>Valodas tehnolo\u0123iju m\u0101ko\u0146pakalpojumi<\/li><li>Pamatmode\u013ci<\/li><li>LVM balst\u012bti VT pakalpojumi<\/li><li>Datu glab\u0101\u0161ana \u00dcRO apmai\u0146a<\/li><li>Izvieto\u0161ana<\/li><\/ol><p>Projekta realiz\u0101cijas perioodid: 20.12.2024. \u2013 31.12.2027.<\/p><p>P\u0113tniec\u012bbas projekta izmaksas: 4 867 312,00<\/p><p>Atvese\u013co\u0161anas Fonda l\u012bdzfinans\u0113jums: 3 406 373,25<\/p><p>Projektu l\u012bdzfinans\u0113 fonds Darb\u012bbas programmas \u201eLatvijas Atvese\u013co\u0161anas UN notur\u012bbas meh\u0101nisma pl\u0101na 5.1.\u201d reformu UN invest\u012bciju virziena \u201eProduktivit\u0101tes caur invest\u012bciju apjoma palielin\u0101\u0161anu P &amp; A\u201d 5.1.1. R. reformas \u201eInov\u0101ciju p\u0101rvald\u012bba UN priv\u0101to P &amp; A invest\u012bciju motiv\u0101cija\u201d 5.1.1.2.i. \u201eatbalsta instruments p\u0113tniec\u012bbai UN internacionaliz\u0101cijai\u201d otr\u0101s k\u0101rtas \u012bsteno\u0161anas\u201d.<\/p>\t\t\t\t\t\t\t\t<\/div>\n\t\t\t\t\t<\/div>\n\t\t\t\t<\/div>\n\t\t<div class=\"elementor-element elementor-element-592dc56 e-con-full e-flex e-con e-parent\" data-id=\"592dc56\" data-element_type=\"container\" data-e-type=\"container\" data-settings=\"{&quot;background_background&quot;:&quot;classic&quot;}\">\n\t\t\t\t<div class=\"elementor-element elementor-element-d89bad9 elementor-widget elementor-widget-image\" data-id=\"d89bad9\" data-element_type=\"widget\" data-e-type=\"widget\" data-widget_type=\"image.default\">\n\t\t\t\t\t\t\t\t\t\t\t\t\t\t\t<img fetchpriority=\"high\" decoding=\"async\" width=\"524\" height=\"230\" src=\"https:\/\/tilde.ai\/wp-content\/uploads\/2026\/03\/Screenshot-2026-03-12-at-10.07.03.png\" class=\"attachment-large size-large wp-image-24078\" alt=\"\" srcset=\"https:\/\/tilde.ai\/wp-content\/uploads\/2026\/03\/Screenshot-2026-03-12-at-10.07.03.png 524w, https:\/\/tilde.ai\/wp-content\/uploads\/2026\/03\/Screenshot-2026-03-12-at-10.07.03-300x132.png 300w, https:\/\/tilde.ai\/wp-content\/uploads\/2026\/03\/Screenshot-2026-03-12-at-10.07.03-18x8.png 18w\" sizes=\"(max-width: 524px) 100vw, 524px\" \/>\t\t\t\t\t\t\t\t\t\t\t\t\t\t\t<\/div>\n\t\t\t\t<\/div>\n\t\t<div class=\"elementor-element elementor-element-3b11508 e-flex e-con-boxed e-con e-parent\" data-id=\"3b11508\" data-element_type=\"container\" data-e-type=\"container\">\n\t\t\t\t\t<div class=\"e-con-inner\">\n\t\t\t\t<div class=\"elementor-element elementor-element-7632e36 elementor-widget elementor-widget-heading\" data-id=\"7632e36\" data-element_type=\"widget\" data-e-type=\"widget\" data-widget_type=\"heading.default\">\n\t\t\t\t\t<h4 class=\"elementor-heading-title elementor-size-default\">SIA \u201eTILDE\u201d p\u0113tniec\u012bbas projekta \u201eDaudzvalod\u012bbas servisi EIROPAS m\u0101ko\u0146dato\u0161anas infrastrukt\u016br\u0101\u201d aktualit\u0101tes<\/h4>\t\t\t\t<\/div>\n\t\t\t\t<div class=\"elementor-element elementor-element-936d666 elementor-widget elementor-widget-text-editor\" data-id=\"936d666\" data-element_type=\"widget\" data-e-type=\"widget\" data-widget_type=\"text-editor.default\">\n\t\t\t\t\t\t\t\t\t<p>SIA \u201eTILDE\u201d \u012bsteno projektu \u201eDaudzvalod\u012bbas servisi EIROPAS m\u0101ko\u0146dato\u0161anas infrastrukt\u016br\u0101\u201d (l\u012bguma nr 5.1.1.2.i .0\/4\/24\/CFLA\/002), Kura m\u0113r\u0137is IR izp\u0113t\u012bt UN izveidot jaunus, \u0123enerat\u012bvaj\u0101 m\u0101ksl\u012bgaj\u0101 intelekt\u0101 balst\u012btus valodu tehnolo\u0123iju (VT) pakalpojumus UN infrastrukt\u016bras programmat\u016bru, nodro\u0161inot izvieto\u0161anu IPCEI-CIS ietvaros veidotaj\u0101 EIROPAS m\u0101ko\u0146skait\u013co\u0161anas infrastrukt\u016br\u0101.<\/p><p>\u00a0<\/p><p>Projekta ietvaros Tiek izstr\u0101d\u0101ti ar\u012b valodu tehnolo\u0123iju risin\u0101jumu izvieto\u0161anas UN darb\u012bbas mode\u013ci whether piel\u0101goti lielo valodas mode\u013cu (LVM) specifiskaj\u0101m tehniskaj\u0101m pras\u012bb\u0101m. Projekta rezult\u0101t\u0101 tiks rad\u012bts pussitab pamats m\u016bsdien\u012bgiem, dro\u0161iem \u00dcRO m\u0113rogojamiem pakalpojumiem ES m\u0101ko\u0146infrastrukt\u016br\u0101, veicinot inov\u0101ciju \u00dcRO efekt\u012bvu daudzvalodu Datu apstr\u0101di \u00dcRO lietojumprogrammu izstr\u0101di<\/p><p>.<\/p><ol start=\"2025\"><li>Gada otraj\u0101 pusgad\u0101 r\u016bpniecisk\u0101 turpin\u0101s p\u0113t\u012bjuma aktivit\u0101\u0161u \u201ePras\u012bbu anal\u012bze\u201d, \u201ePamatmode\u013ci\u201d, \u201eLVM balst\u012bti VT pakalpojumi\u201d UN \u201eDatu glab\u0101\u0161ana UN apmai\u0146a\u201d \u012bsteno\u0161ana. T\u0101pat turpin\u0101s ar\u012b eksperiment\u0101l\u0101s izstr\u0101des aktivit\u0101\u0161u VT \u012bsteno\u0161ana m\u0101ko\u0146pakalpojumi.<\/li><li>\u00a0<\/li><\/ol><p>Projekta 1. aktivit\u0101tes \u201ePras\u012bbu anal\u012bze\u201d ietvaros tika analiz\u0113ta IPCEI-CIS\/8RA arhitekt\u016bras dokument\u0101cija, tehniskie pl\u0101ni apraksti infrastrukt\u016bras tehnolo\u0123iju lietot\u0101ju vajadz\u012bbas daudzvalodu,, k\u0101 rezult\u0101t\u0101 tika izstr\u0101d\u0101ts LANG4CI anal\u012bzes pras\u012bbu,,,, dokuments,,,, m\u0113r\u0137a arhitekt\u016bru detaliz\u0113tu komponentiem pras\u012bbu kopumu Platforms. Defin\u0113t\u0101s pras\u012bbas nodro\u0161ina LANG4CI k\u0101 m\u0113rogojamas, dro\u0161as UN sadarbsp\u0113j\u012bgas platformas darb\u012bbu EIROPAS m\u0101ko\u0146pakalpojumu vid\u0113, k\u0101 ar\u012b kalpo par pamatu turpm\u0101kaj\u0101m projekta aktivit\u0101t\u0113m.<\/p><p>\u00a0<\/p><p>Projekta 2. aktivit\u0101tes \u201eVT m\u0101ko\u0146pakalpojumi\u201d ietvaros uzs\u0101kta konceptu\u0101l\u0101 pieeja valodu tehnolo\u0123iju pakalpojumu izvieto\u0161anai m\u0101ko\u0146vid\u0113 arhitekt\u016bras iesp\u0113jamos risin\u0101jumus UN pakalpojumu integr\u0101cijas scen\u0101rijus EIROPAS m\u0101ko\u0146skait\u013co\u0161anas infrastrukt\u016br\u0101. Tika izv\u0113rt\u0113ti potenci\u0101lie tehniskie risin\u0101jumi UN defin\u0113ti s\u0101kotn\u0113jie PRINCIPI VT pakalpojumu nodro\u0161in\u0101\u0161anai m\u0101ko\u0146vid\u0113.<\/p><p>\u00a0<\/p><p>Projekta 3. aktivit\u0101tes \u201ePamatmode\u013ci\u201d ietvaros tika uzs\u0101kta ar LLM saist\u012bto tehnolo\u0123iju izp\u0113te UN eso\u0161o risin\u0101jumu anal\u012bze, lai identific\u0113tu pieejas pamatmode\u013cu daudzvalodu piem\u0113rot\u0101k\u0101s.. ietvaros izmanto\u0161anai projekta. Tika izv\u0113rt\u0113ti da\u017e\u0101di mode\u013cu arhitekt\u016bru UN izmanto\u0161anas scen\u0101riji UN izstr\u0101dei turpm\u0101kajai.<\/p><p>\u00a0<\/p><p>Projekta 4. aktivit\u0101tes \u201eLVM balst\u012bti VT pakalpojumi\u201d ietvaros tika veikta s\u0101kotn\u0113j\u0101 izp\u0113te par LLM balst\u012btu valodu tehnolo\u0123iju pakalpojumu iesp\u0113jamo pielietojumu UN integr\u0101cijas iesp\u0113j\u0101m m\u0101ko\u0146vid\u0113. Tika analiz\u0113ti potenci\u0101lie pielietojuma scen\u0101riji UN defin\u0113ti turpm\u0101k\u0101s izstr\u0101des virzieni.<\/p><p>\u00a0<\/p><p>Projekta 5. aktivit\u0101tes \u201eDatu saglab\u0101\u0161anas UN apmai\u0146a\u201d ietvaros izskat\u012btas pras\u012bbas, if IR iek\u013cautas pras\u012bbu anal\u012bzes dokument\u0101.<\/p><p>Projekta realiz\u0101cijas perioodid: 20.12.2024. \u2013 31.12.2027.<\/p><p>P\u0113tniec\u012bbas projekta izmaksas: 4 867 312,00<\/p><p>Atvese\u013co\u0161anas Fonda l\u012bdzfinans\u0113jums: 3 406 373,25<\/p><p>\u00a0<\/p><p>Projektu l\u012bdzfinans\u0113 fonds Darb\u012bbas programmas \u201eLatvijas Atvese\u013co\u0161anas UN notur\u012bbas meh\u0101nisma pl\u0101na 5.1.\u201d reformu UN invest\u012bciju virziena \u201eProduktivit\u0101tes caur invest\u012bciju apjoma palielin\u0101\u0161anu P &amp; A\u201d 5.1.1. R. reformas \u201eInov\u0101ciju p\u0101rvald\u012bba UN priv\u0101to P &amp; A invest\u012bciju motiv\u0101cija\u201d 5.1.1.2.i. \u201eatbalsta instruments p\u0113tniec\u012bbai UN internacionaliz\u0101cijai\u201d otr\u0101s k\u0101rtas \u012bsteno\u0161anas\u201d.<\/p><p>\u00a0<\/p>\t\t\t\t\t\t\t\t<\/div>\n\t\t\t\t\t<\/div>\n\t\t\t\t<\/div>\n\t\t\t\t<\/div>","protected":false},"excerpt":{"rendered":"<p>SIA \u201eTILDE\u201d p\u0113tniec\u012bbas \u201eDaudzvalod\u012bbas servisi EIROPAS m\u0101ko\u0146dato\u0161anas\u201d aktualit\u0101tes SIA \u201eTILDE\u201d \u201e\u012bsteno projektu\u201d \u201eDaudzvalod\u012bbas servisi EIROPAS m\u0101ko\u0146dato\u0161anas infrastrukt\u016br\u0101\u201d (l\u012bguma nr 5.1.1.2.i .0\/4\/24\/CFLA\/002), Kura m\u0113r\u0137is IR izp\u0113t\u012bt UN izveidot jaunus, \u0123enerat\u012bvaj\u0101 intelekt\u0101 balst\u012btus valodu tehnolo\u0123iju (VT) pakalpojumus UN infrastrukt\u016bras programmat\u016bru, nodro\u0161inot to izvieto\u0161anu IPCEI-CIS ietvaros EIROPAS m\u0101ko\u0146skait\u013co\u0161anas m\u0101ksl\u012bgaj\u0101 infrastrukt\u016br\u0101 veidotaj\u0101. Projekta ietvaros Tiek izstr\u0101d\u0101ti ar\u012b efekt\u012bvi [\u2026]<\/p>","protected":false},"author":2,"featured_media":0,"parent":0,"menu_order":0,"comment_status":"closed","ping_status":"closed","template":"","meta":{"footnotes":""},"class_list":["post-24076","page","type-page","status-publish","hentry"],"_links":{"self":[{"href":"https:\/\/tilde.ai\/et\/wp-json\/wp\/v2\/pages\/24076","targetHints":{"allow":["GET"]}}],"collection":[{"href":"https:\/\/tilde.ai\/et\/wp-json\/wp\/v2\/pages"}],"about":[{"href":"https:\/\/tilde.ai\/et\/wp-json\/wp\/v2\/types\/page"}],"author":[{"embeddable":true,"href":"https:\/\/tilde.ai\/et\/wp-json\/wp\/v2\/users\/2"}],"replies":[{"embeddable":true,"href":"https:\/\/tilde.ai\/et\/wp-json\/wp\/v2\/comments?post=24076"}],"version-history":[{"count":0,"href":"https:\/\/tilde.ai\/et\/wp-json\/wp\/v2\/pages\/24076\/revisions"}],"wp:attachment":[{"href":"https:\/\/tilde.ai\/et\/wp-json\/wp\/v2\/media?parent=24076"}],"curies":[{"name":"wp","href":"https:\/\/api.w.org\/{rel}","templated":true}]}}