{"id":22133,"date":"2025-12-02T21:57:52","date_gmt":"2025-12-02T19:57:52","guid":{"rendered":"https:\/\/tilde.ai\/?page_id=22133"},"modified":"2026-03-16T16:52:09","modified_gmt":"2026-03-16T14:52:09","slug":"blog","status":"publish","type":"page","link":"https:\/\/tilde.ai\/et\/blog\/","title":{"rendered":"Ajaveeb"},"content":{"rendered":"<div data-elementor-type=\"wp-page\" data-elementor-id=\"22133\" class=\"elementor elementor-22133\" data-elementor-post-type=\"page\">\n\t\t\t\t<div class=\"elementor-element elementor-element-c56eed5 e-flex e-con-boxed e-con e-parent\" data-id=\"c56eed5\" data-element_type=\"container\" data-e-type=\"container\" data-settings=\"{&quot;background_background&quot;:&quot;classic&quot;}\">\n\t\t\t\t\t<div class=\"e-con-inner\">\n\t\t\t\t<div class=\"elementor-element elementor-element-8afb5dd elementor-widget elementor-widget-shortcode\" data-id=\"8afb5dd\" data-element_type=\"widget\" data-e-type=\"widget\" data-widget_type=\"shortcode.default\">\n\t\t\t\t\t\t\t<div class=\"elementor-shortcode\"><nav aria-label=\"riivsai\" class=\"rank-math-breadcrumb\"><p><span class=\"last\">Avaleht<\/span><\/p><\/nav><\/div>\n\t\t\t\t\t\t<\/div>\n\t\t\t\t\t<\/div>\n\t\t\t\t<\/div>\n\t\t<div class=\"elementor-element elementor-element-80a9018 e-flex e-con-boxed e-con e-parent\" data-id=\"80a9018\" data-element_type=\"container\" data-e-type=\"container\">\n\t\t\t\t\t<div class=\"e-con-inner\">\n\t\t\t\t<div class=\"elementor-element elementor-element-da854e0 elementor-posts--align-left elementor-posts__hover-none elementor-grid-3 elementor-grid-tablet-2 elementor-grid-mobile-1 elementor-posts--thumbnail-top load-more-align-center elementor-widget elementor-widget-posts\" data-id=\"da854e0\" data-element_type=\"widget\" data-e-type=\"widget\" data-settings=\"{&quot;cards_row_gap&quot;:{&quot;unit&quot;:&quot;em&quot;,&quot;size&quot;:2,&quot;sizes&quot;:[]},&quot;cards_row_gap_tablet&quot;:{&quot;unit&quot;:&quot;em&quot;,&quot;size&quot;:&quot;&quot;,&quot;sizes&quot;:[]},&quot;cards_row_gap_mobile&quot;:{&quot;unit&quot;:&quot;em&quot;,&quot;size&quot;:&quot;&quot;,&quot;sizes&quot;:[]},&quot;pagination_type&quot;:&quot;load_more_on_click&quot;,&quot;cards_columns&quot;:&quot;3&quot;,&quot;cards_columns_tablet&quot;:&quot;2&quot;,&quot;cards_columns_mobile&quot;:&quot;1&quot;,&quot;load_more_spinner&quot;:{&quot;value&quot;:&quot;fas fa-spinner&quot;,&quot;library&quot;:&quot;fa-solid&quot;}}\" data-widget_type=\"posts.cards\">\n\t\t\t\t<div class=\"elementor-widget-container\">\n\t\t\t\t\t\t\t<div class=\"elementor-posts-container elementor-posts elementor-posts--skin-cards elementor-grid\" role=\"list\">\n\t\t\t\t<article class=\"elementor-post elementor-grid-item post-25064 post type-post status-publish format-standard has-post-thumbnail hentry category-ai-chatbots category-case-study category-uncategorized\" role=\"listitem\">\n\t\t\t<div class=\"elementor-post__card\">\n\t\t\t\t<a class=\"elementor-post__thumbnail__link\" href=\"https:\/\/tilde.ai\/et\/uncategorized\/customer-ai-assistant-for-bta\/\" tabindex=\"-1\" ><div class=\"elementor-post__thumbnail\"><img fetchpriority=\"high\" decoding=\"async\" width=\"2560\" height=\"1706\" src=\"https:\/\/tilde.ai\/wp-content\/uploads\/2026\/03\/young-woman-with-cup-smartphone-scaled.jpg\" class=\"attachment-full size-full wp-image-25066\" alt=\"Noor naine tassi, nutitelefoniga, istub kodus diivanil sooja fliisteki all, kopeerimisruum\" srcset=\"https:\/\/tilde.ai\/wp-content\/uploads\/2026\/03\/young-woman-with-cup-smartphone-scaled.jpg 2560w, https:\/\/tilde.ai\/wp-content\/uploads\/2026\/03\/young-woman-with-cup-smartphone-300x200.jpg 300w, https:\/\/tilde.ai\/wp-content\/uploads\/2026\/03\/young-woman-with-cup-smartphone-1024x683.jpg 1024w, https:\/\/tilde.ai\/wp-content\/uploads\/2026\/03\/young-woman-with-cup-smartphone-768x512.jpg 768w, https:\/\/tilde.ai\/wp-content\/uploads\/2026\/03\/young-woman-with-cup-smartphone-1536x1024.jpg 1536w, https:\/\/tilde.ai\/wp-content\/uploads\/2026\/03\/young-woman-with-cup-smartphone-2048x1365.jpg 2048w, https:\/\/tilde.ai\/wp-content\/uploads\/2026\/03\/young-woman-with-cup-smartphone-18x12.jpg 18w\" sizes=\"(max-width: 2560px) 100vw, 2560px\" \/><\/div><\/a>\n\t\t\t\t<div class=\"elementor-post__text\">\n\t\t\t\t<h2 class=\"elementor-post__title\">\n\t\t\t<a href=\"https:\/\/tilde.ai\/et\/uncategorized\/customer-ai-assistant-for-bta\/\" >\n\t\t\t\tBTA tervisekindlustuse klienditoe tehisaruassistent\u00a0\t\t\t<\/a>\n\t\t<\/h2>\n\t\t\t\t<\/div>\n\t\t\t\t<div class=\"elementor-post__meta-data\">\n\t\t\t\t\t<span class=\"elementor-post-date\">\n\t\t\t30. m\u00e4rts 2026\t\t<\/span>\n\t\t\t\t<\/div>\n\t\t\t\t\t<\/div>\n\t\t<\/article>\n\t\t\t\t<article class=\"elementor-post elementor-grid-item post-23132 post type-post status-publish format-standard has-post-thumbnail hentry category-case-study category-speech-tech\" role=\"listitem\">\n\t\t\t<div class=\"elementor-post__card\">\n\t\t\t\t<a class=\"elementor-post__thumbnail__link\" href=\"https:\/\/tilde.ai\/et\/case-study\/how-ai-made-techritory-2025-accessible-in-every-language\/\" tabindex=\"-1\" ><div class=\"elementor-post__thumbnail\"><img decoding=\"async\" width=\"2000\" height=\"1333\" src=\"https:\/\/tilde.ai\/wp-content\/uploads\/2026\/02\/Titulbilde.jpg\" class=\"attachment-full size-full wp-image-23133\" alt=\"\" srcset=\"https:\/\/tilde.ai\/wp-content\/uploads\/2026\/02\/Titulbilde.jpg 2000w, https:\/\/tilde.ai\/wp-content\/uploads\/2026\/02\/Titulbilde-300x200.jpg 300w, https:\/\/tilde.ai\/wp-content\/uploads\/2026\/02\/Titulbilde-1024x682.jpg 1024w, https:\/\/tilde.ai\/wp-content\/uploads\/2026\/02\/Titulbilde-768x512.jpg 768w, https:\/\/tilde.ai\/wp-content\/uploads\/2026\/02\/Titulbilde-1536x1024.jpg 1536w, https:\/\/tilde.ai\/wp-content\/uploads\/2026\/02\/Titulbilde-18x12.jpg 18w\" sizes=\"(max-width: 2000px) 100vw, 2000px\" \/><\/div><\/a>\n\t\t\t\t<div class=\"elementor-post__text\">\n\t\t\t\t<h2 class=\"elementor-post__title\">\n\t\t\t<a href=\"https:\/\/tilde.ai\/et\/case-study\/how-ai-made-techritory-2025-accessible-in-every-language\/\" >\n\t\t\t\tKuidas AI Techritory 2025 igas keeles k\u00e4ttesaadavaks tegi\u00a0\t\t\t<\/a>\n\t\t<\/h2>\n\t\t\t\t<\/div>\n\t\t\t\t<div class=\"elementor-post__meta-data\">\n\t\t\t\t\t<span class=\"elementor-post-date\">\n\t\t\t3. veebruar 2026\t\t<\/span>\n\t\t\t\t<\/div>\n\t\t\t\t\t<\/div>\n\t\t<\/article>\n\t\t\t\t<article class=\"elementor-post elementor-grid-item post-19394 post type-post status-publish format-standard has-post-thumbnail hentry category-blog category-llm\" role=\"listitem\">\n\t\t\t<div class=\"elementor-post__card\">\n\t\t\t\t<a class=\"elementor-post__thumbnail__link\" href=\"https:\/\/tilde.ai\/et\/blog\/human-level-ai-scientific-breakthroughs\/\" tabindex=\"-1\" ><div class=\"elementor-post__thumbnail\"><img decoding=\"async\" width=\"800\" height=\"476\" src=\"https:\/\/tilde.ai\/wp-content\/uploads\/2025\/06\/Jurgita_blogam.jpg\" class=\"attachment-full size-full wp-image-19397\" alt=\"Jurgita Kapo\u010di\u016bte-Dzikiene\" srcset=\"https:\/\/tilde.ai\/wp-content\/uploads\/2025\/06\/Jurgita_blogam.jpg 800w, https:\/\/tilde.ai\/wp-content\/uploads\/2025\/06\/Jurgita_blogam-300x179.jpg 300w, https:\/\/tilde.ai\/wp-content\/uploads\/2025\/06\/Jurgita_blogam-768x457.jpg 768w, https:\/\/tilde.ai\/wp-content\/uploads\/2025\/06\/Jurgita_blogam-18x12.jpg 18w\" sizes=\"(max-width: 800px) 100vw, 800px\" \/><\/div><\/a>\n\t\t\t\t<div class=\"elementor-post__text\">\n\t\t\t\t<h2 class=\"elementor-post__title\">\n\t\t\t<a href=\"https:\/\/tilde.ai\/et\/blog\/human-level-ai-scientific-breakthroughs\/\" >\n\t\t\t\tInimtasemel tehisaru: millised teaduslikud l\u00e4bimurded toimuvad?\u00a0\t\t\t<\/a>\n\t\t<\/h2>\n\t\t\t\t<\/div>\n\t\t\t\t<div class=\"elementor-post__meta-data\">\n\t\t\t\t\t<span class=\"elementor-post-date\">\n\t\t\t18. juuni 2025\t\t<\/span>\n\t\t\t\t<\/div>\n\t\t\t\t\t<\/div>\n\t\t<\/article>\n\t\t\t\t<article class=\"elementor-post elementor-grid-item post-18979 post type-post status-publish format-standard has-post-thumbnail hentry category-blog category-llm\" role=\"listitem\">\n\t\t\t<div class=\"elementor-post__card\">\n\t\t\t\t<a class=\"elementor-post__thumbnail__link\" href=\"https:\/\/tilde.ai\/et\/blog\/going-beyond-simple-rag\/\" tabindex=\"-1\" ><div class=\"elementor-post__thumbnail\"><img loading=\"lazy\" decoding=\"async\" width=\"1596\" height=\"950\" src=\"https:\/\/tilde.ai\/wp-content\/uploads\/2025\/05\/Marcis_blogam-1.png\" class=\"attachment-full size-full wp-image-18980\" alt=\"Tiitlipilt wihth Marcis Pinnis\" srcset=\"https:\/\/tilde.ai\/wp-content\/uploads\/2025\/05\/Marcis_blogam-1.png 1596w, https:\/\/tilde.ai\/wp-content\/uploads\/2025\/05\/Marcis_blogam-1-300x179.png 300w, https:\/\/tilde.ai\/wp-content\/uploads\/2025\/05\/Marcis_blogam-1-1024x610.png 1024w, https:\/\/tilde.ai\/wp-content\/uploads\/2025\/05\/Marcis_blogam-1-768x457.png 768w, https:\/\/tilde.ai\/wp-content\/uploads\/2025\/05\/Marcis_blogam-1-1536x914.png 1536w, https:\/\/tilde.ai\/wp-content\/uploads\/2025\/05\/Marcis_blogam-1-18x12.png 18w\" sizes=\"(max-width: 1596px) 100vw, 1596px\" \/><\/div><\/a>\n\t\t\t\t<div class=\"elementor-post__text\">\n\t\t\t\t<h2 class=\"elementor-post__title\">\n\t\t\t<a href=\"https:\/\/tilde.ai\/et\/blog\/going-beyond-simple-rag\/\" >\n\t\t\t\tEdasiminek lihtsast lugemisega t\u00e4iendatud genereerimisest\u00a0\t\t\t<\/a>\n\t\t<\/h2>\n\t\t\t\t<\/div>\n\t\t\t\t<div class=\"elementor-post__meta-data\">\n\t\t\t\t\t<span class=\"elementor-post-date\">\n\t\t\tmai 14, 2025\t\t<\/span>\n\t\t\t\t<\/div>\n\t\t\t\t\t<\/div>\n\t\t<\/article>\n\t\t\t\t<article class=\"elementor-post elementor-grid-item post-18159 post type-post status-publish format-standard has-post-thumbnail hentry category-blog category-llm\" role=\"listitem\">\n\t\t\t<div class=\"elementor-post__card\">\n\t\t\t\t<a class=\"elementor-post__thumbnail__link\" href=\"https:\/\/tilde.ai\/et\/blog\/the-race-of-ai-models\/\" tabindex=\"-1\" ><div class=\"elementor-post__thumbnail\"><img loading=\"lazy\" decoding=\"async\" width=\"1596\" height=\"950\" src=\"https:\/\/tilde.ai\/wp-content\/uploads\/2025\/02\/Jurgita_blogam.png\" class=\"attachment-full size-full wp-image-18164\" alt=\"Tiitlipilt koos dr Jurgita Kapo\u010di\u016bt\u0117-Dzikien\u0117\" srcset=\"https:\/\/tilde.ai\/wp-content\/uploads\/2025\/02\/Jurgita_blogam.png 1596w, https:\/\/tilde.ai\/wp-content\/uploads\/2025\/02\/Jurgita_blogam-300x179.png 300w, https:\/\/tilde.ai\/wp-content\/uploads\/2025\/02\/Jurgita_blogam-1024x610.png 1024w, https:\/\/tilde.ai\/wp-content\/uploads\/2025\/02\/Jurgita_blogam-768x457.png 768w, https:\/\/tilde.ai\/wp-content\/uploads\/2025\/02\/Jurgita_blogam-1536x914.png 1536w, https:\/\/tilde.ai\/wp-content\/uploads\/2025\/02\/Jurgita_blogam-18x12.png 18w\" sizes=\"(max-width: 1596px) 100vw, 1596px\" \/><\/div><\/a>\n\t\t\t\t<div class=\"elementor-post__text\">\n\t\t\t\t<h2 class=\"elementor-post__title\">\n\t\t\t<a href=\"https:\/\/tilde.ai\/et\/blog\/the-race-of-ai-models\/\" >\n\t\t\t\tTehisaru v\u00f5idujooks: kuidas v\u00e4iksemad keeled tempos p\u00fcsivad?\u00a0\t\t\t<\/a>\n\t\t<\/h2>\n\t\t\t\t<\/div>\n\t\t\t\t<div class=\"elementor-post__meta-data\">\n\t\t\t\t\t<span class=\"elementor-post-date\">\n\t\t\t4. veebruar 2025\t\t<\/span>\n\t\t\t\t<\/div>\n\t\t\t\t\t<\/div>\n\t\t<\/article>\n\t\t\t\t<article class=\"elementor-post elementor-grid-item post-18127 post type-post status-publish format-standard has-post-thumbnail hentry category-blog\" role=\"listitem\">\n\t\t\t<div class=\"elementor-post__card\">\n\t\t\t\t<a class=\"elementor-post__thumbnail__link\" href=\"https:\/\/tilde.ai\/et\/blog\/what-public-administration-aspects-are-holding-ai-integration-back\/\" tabindex=\"-1\" ><div class=\"elementor-post__thumbnail\"><img loading=\"lazy\" decoding=\"async\" width=\"3333\" height=\"2000\" src=\"https:\/\/tilde.ai\/wp-content\/uploads\/2025\/01\/Article_4.png\" class=\"attachment-full size-full wp-image-18128\" alt=\"Tiitlipilt koos Giedriuse ja Vytautasega\" srcset=\"https:\/\/tilde.ai\/wp-content\/uploads\/2025\/01\/Article_4.png 3333w, https:\/\/tilde.ai\/wp-content\/uploads\/2025\/01\/Article_4-300x180.png 300w, https:\/\/tilde.ai\/wp-content\/uploads\/2025\/01\/Article_4-1024x614.png 1024w, https:\/\/tilde.ai\/wp-content\/uploads\/2025\/01\/Article_4-768x461.png 768w, https:\/\/tilde.ai\/wp-content\/uploads\/2025\/01\/Article_4-1536x922.png 1536w, https:\/\/tilde.ai\/wp-content\/uploads\/2025\/01\/Article_4-2048x1229.png 2048w, https:\/\/tilde.ai\/wp-content\/uploads\/2025\/01\/Article_4-18x12.png 18w\" sizes=\"(max-width: 3333px) 100vw, 3333px\" \/><\/div><\/a>\n\t\t\t\t<div class=\"elementor-post__text\">\n\t\t\t\t<h2 class=\"elementor-post__title\">\n\t\t\t<a href=\"https:\/\/tilde.ai\/et\/blog\/what-public-administration-aspects-are-holding-ai-integration-back\/\" >\n\t\t\t\tVestlus Tilde ja endise ministri vahel: millised poliitika ja avaliku halduse aspektid takistavad tehisaru integratsiooni?\u00a0\u00a0\t\t\t<\/a>\n\t\t<\/h2>\n\t\t\t\t<\/div>\n\t\t\t\t<div class=\"elementor-post__meta-data\">\n\t\t\t\t\t<span class=\"elementor-post-date\">\n\t\t\t30. jaanuar 2025\t\t<\/span>\n\t\t\t\t<\/div>\n\t\t\t\t\t<\/div>\n\t\t<\/article>\n\t\t\t\t<article class=\"elementor-post elementor-grid-item post-18099 post type-post status-publish format-standard has-post-thumbnail hentry category-case-study category-ai-chatbots\" role=\"listitem\">\n\t\t\t<div class=\"elementor-post__card\">\n\t\t\t\t<a class=\"elementor-post__thumbnail__link\" href=\"https:\/\/tilde.ai\/et\/case-study\/vidis-for-srs-internal-operations\/\" tabindex=\"-1\" ><div class=\"elementor-post__thumbnail\"><img loading=\"lazy\" decoding=\"async\" width=\"2560\" height=\"1707\" src=\"https:\/\/tilde.ai\/wp-content\/uploads\/2025\/01\/IMG_0906-min-scaled.jpg\" class=\"attachment-full size-full wp-image-18100\" alt=\"Pealkirjapilt koos SRS-hoonega\" srcset=\"https:\/\/tilde.ai\/wp-content\/uploads\/2025\/01\/IMG_0906-min-scaled.jpg 2560w, https:\/\/tilde.ai\/wp-content\/uploads\/2025\/01\/IMG_0906-min-300x200.jpg 300w, https:\/\/tilde.ai\/wp-content\/uploads\/2025\/01\/IMG_0906-min-1024x683.jpg 1024w, https:\/\/tilde.ai\/wp-content\/uploads\/2025\/01\/IMG_0906-min-768x512.jpg 768w, https:\/\/tilde.ai\/wp-content\/uploads\/2025\/01\/IMG_0906-min-1536x1024.jpg 1536w, https:\/\/tilde.ai\/wp-content\/uploads\/2025\/01\/IMG_0906-min-2048x1365.jpg 2048w, https:\/\/tilde.ai\/wp-content\/uploads\/2025\/01\/IMG_0906-min-18x12.jpg 18w\" sizes=\"(max-width: 2560px) 100vw, 2560px\" \/><\/div><\/a>\n\t\t\t\t<div class=\"elementor-post__text\">\n\t\t\t\t<h2 class=\"elementor-post__title\">\n\t\t\t<a href=\"https:\/\/tilde.ai\/et\/case-study\/vidis-for-srs-internal-operations\/\" >\n\t\t\t\tTehisintellekt t\u00f6\u00f6tajatele: Vidis toetab VID sisetoiminguid\u00a0\u00a0\t\t\t<\/a>\n\t\t<\/h2>\n\t\t\t\t<\/div>\n\t\t\t\t<div class=\"elementor-post__meta-data\">\n\t\t\t\t\t<span class=\"elementor-post-date\">\n\t\t\t27. jaanuar 2025\t\t<\/span>\n\t\t\t\t<\/div>\n\t\t\t\t\t<\/div>\n\t\t<\/article>\n\t\t\t\t<article class=\"elementor-post elementor-grid-item post-18029 post type-post status-publish format-standard has-post-thumbnail hentry category-blog category-llm\" role=\"listitem\">\n\t\t\t<div class=\"elementor-post__card\">\n\t\t\t\t<a class=\"elementor-post__thumbnail__link\" href=\"https:\/\/tilde.ai\/et\/blog\/the-llm-data-dilemma\/\" tabindex=\"-1\" ><div class=\"elementor-post__thumbnail\"><img loading=\"lazy\" decoding=\"async\" width=\"1596\" height=\"950\" src=\"https:\/\/tilde.ai\/wp-content\/uploads\/2025\/01\/Toma_blogam_3-min.png\" class=\"attachment-full size-full wp-image-18061\" alt=\"\" srcset=\"https:\/\/tilde.ai\/wp-content\/uploads\/2025\/01\/Toma_blogam_3-min.png 1596w, https:\/\/tilde.ai\/wp-content\/uploads\/2025\/01\/Toma_blogam_3-min-300x179.png 300w, https:\/\/tilde.ai\/wp-content\/uploads\/2025\/01\/Toma_blogam_3-min-1024x610.png 1024w, https:\/\/tilde.ai\/wp-content\/uploads\/2025\/01\/Toma_blogam_3-min-768x457.png 768w, https:\/\/tilde.ai\/wp-content\/uploads\/2025\/01\/Toma_blogam_3-min-1536x914.png 1536w, https:\/\/tilde.ai\/wp-content\/uploads\/2025\/01\/Toma_blogam_3-min-18x12.png 18w\" sizes=\"(max-width: 1596px) 100vw, 1596px\" \/><\/div><\/a>\n\t\t\t\t<div class=\"elementor-post__text\">\n\t\t\t\t<h2 class=\"elementor-post__title\">\n\t\t\t<a href=\"https:\/\/tilde.ai\/et\/blog\/the-llm-data-dilemma\/\" >\n\t\t\t\tSuurte keelemudelite andmedilemma: p\u00f5hjatu sopalaugas v\u00f5i kindlapiiriline kullasoon?\u00a0\t\t\t<\/a>\n\t\t<\/h2>\n\t\t\t\t<\/div>\n\t\t\t\t<div class=\"elementor-post__meta-data\">\n\t\t\t\t\t<span class=\"elementor-post-date\">\n\t\t\t22. jaanuar 2025\t\t<\/span>\n\t\t\t\t<\/div>\n\t\t\t\t\t<\/div>\n\t\t<\/article>\n\t\t\t\t<article class=\"elementor-post elementor-grid-item post-17956 post type-post status-publish format-standard has-post-thumbnail hentry category-blog\" role=\"listitem\">\n\t\t\t<div class=\"elementor-post__card\">\n\t\t\t\t<a class=\"elementor-post__thumbnail__link\" href=\"https:\/\/tilde.ai\/et\/blog\/domino-e-virtual-assistant\/\" tabindex=\"-1\" ><div class=\"elementor-post__thumbnail\"><img loading=\"lazy\" decoding=\"async\" width=\"2560\" height=\"1707\" src=\"https:\/\/tilde.ai\/wp-content\/uploads\/2024\/12\/spacecraft-launching-into-vast-expanse-space-carrying-scientific-instruments-min-scaled.jpg\" class=\"attachment-full size-full wp-image-17962\" alt=\"Tiitlipilt satelliidi ja planeediga Maa\" srcset=\"https:\/\/tilde.ai\/wp-content\/uploads\/2024\/12\/spacecraft-launching-into-vast-expanse-space-carrying-scientific-instruments-min-scaled.jpg 2560w, https:\/\/tilde.ai\/wp-content\/uploads\/2024\/12\/spacecraft-launching-into-vast-expanse-space-carrying-scientific-instruments-min-300x200.jpg 300w, https:\/\/tilde.ai\/wp-content\/uploads\/2024\/12\/spacecraft-launching-into-vast-expanse-space-carrying-scientific-instruments-min-1024x683.jpg 1024w, https:\/\/tilde.ai\/wp-content\/uploads\/2024\/12\/spacecraft-launching-into-vast-expanse-space-carrying-scientific-instruments-min-768x512.jpg 768w, https:\/\/tilde.ai\/wp-content\/uploads\/2024\/12\/spacecraft-launching-into-vast-expanse-space-carrying-scientific-instruments-min-1536x1024.jpg 1536w, https:\/\/tilde.ai\/wp-content\/uploads\/2024\/12\/spacecraft-launching-into-vast-expanse-space-carrying-scientific-instruments-min-2048x1365.jpg 2048w, https:\/\/tilde.ai\/wp-content\/uploads\/2024\/12\/spacecraft-launching-into-vast-expanse-space-carrying-scientific-instruments-min-18x12.jpg 18w\" sizes=\"(max-width: 2560px) 100vw, 2560px\" \/><\/div><\/a>\n\t\t\t\t<div class=\"elementor-post__text\">\n\t\t\t\t<h2 class=\"elementor-post__title\">\n\t\t\t<a href=\"https:\/\/tilde.ai\/et\/blog\/domino-e-virtual-assistant\/\" >\n\t\t\t\tVirtuaalassistent t\u00f6\u00f6tab sillana Maa seire ja kasutajate vajaduste vahel\u00a0\t\t\t<\/a>\n\t\t<\/h2>\n\t\t\t\t<\/div>\n\t\t\t\t<div class=\"elementor-post__meta-data\">\n\t\t\t\t\t<span class=\"elementor-post-date\">\n\t\t\t7. jaanuar 2025\t\t<\/span>\n\t\t\t\t<\/div>\n\t\t\t\t\t<\/div>\n\t\t<\/article>\n\t\t\t\t<\/div>\n\t\t\t\t\t<span class=\"e-load-more-spinner\">\n\t\t\t\t<svg aria-hidden=\"true\" class=\"e-font-icon-svg e-fas-spinner\" viewbox=\"0 0 512 512\" xmlns=\"http:\/\/www.w3.org\/2000\/svg\"><path d=\"M304 48c0 26.51-21.49 48-48 48s-48-21.49-48-48 21.49-48 48-48 48 21.49 48 48zm-48 368c-26.51 0-48 21.49-48 48s21.49 48 48 48 48-21.49 48-48-21.49-48-48-48zm208-208c-26.51 0-48 21.49-48 48s21.49 48 48 48 48-21.49 48-48-21.49-48-48-48zM96 256c0-26.51-21.49-48-48-48S0 229.49 0 256s21.49 48 48 48 48-21.49 48-48zm12.922 99.078c-26.51 0-48 21.49-48 48s21.49 48 48 48 48-21.49 48-48c0-26.509-21.491-48-48-48zm294.156 0c-26.51 0-48 21.49-48 48s21.49 48 48 48 48-21.49 48-48c0-26.509-21.49-48-48-48zM108.922 60.922c-26.51 0-48 21.49-48 48s21.49 48 48 48 48-21.49 48-48-21.491-48-48-48z\"><\/path><\/svg>\t\t\t<\/span>\n\t\t\n\t\t\t\t<div class=\"e-load-more-anchor\" data-page=\"1\" data-max-page=\"10\" data-next-page=\"https:\/\/tilde.ai\/et\/wp-json\/wp\/v2\/pages\/22133\/page\/2\/\"><\/div>\n\t\t\t\t<div class=\"elementor-button-wrapper\">\n\t\t\t<a class=\"elementor-button elementor-size-sm\" role=\"button\">\n\t\t\t\t\t\t<span class=\"elementor-button-content-wrapper\">\n\t\t\t\t\t\t\t\t\t<span class=\"elementor-button-text\">Laadi rohkem<\/span>\n\t\t\t\t\t<\/span>\n\t\t\t\t\t<\/a>\n\t\t<\/div>\n\t\t\t\t<div class=\"e-load-more-message\"><\/div>\n\t\t\t\t\t\t<\/div>\n\t\t\t\t<\/div>\n\t\t\t\t\t<\/div>\n\t\t\t\t<\/div>\n\t\t\t\t<\/div>","protected":false},"excerpt":{"rendered":"","protected":false},"author":22,"featured_media":0,"parent":0,"menu_order":0,"comment_status":"closed","ping_status":"closed","template":"","meta":{"footnotes":""},"class_list":["post-22133","page","type-page","status-publish","hentry"],"_links":{"self":[{"href":"https:\/\/tilde.ai\/et\/wp-json\/wp\/v2\/pages\/22133","targetHints":{"allow":["GET"]}}],"collection":[{"href":"https:\/\/tilde.ai\/et\/wp-json\/wp\/v2\/pages"}],"about":[{"href":"https:\/\/tilde.ai\/et\/wp-json\/wp\/v2\/types\/page"}],"author":[{"embeddable":true,"href":"https:\/\/tilde.ai\/et\/wp-json\/wp\/v2\/users\/22"}],"replies":[{"embeddable":true,"href":"https:\/\/tilde.ai\/et\/wp-json\/wp\/v2\/comments?post=22133"}],"version-history":[{"count":0,"href":"https:\/\/tilde.ai\/et\/wp-json\/wp\/v2\/pages\/22133\/revisions"}],"wp:attachment":[{"href":"https:\/\/tilde.ai\/et\/wp-json\/wp\/v2\/media?parent=22133"}],"curies":[{"name":"wp","href":"https:\/\/api.w.org\/{rel}","templated":true}]}}