{"id":18695,"date":"2025-04-03T20:21:30","date_gmt":"2025-04-03T20:21:30","guid":{"rendered":"https:\/\/tilde.ai\/?page_id=18695"},"modified":"2026-04-05T18:50:53","modified_gmt":"2026-04-05T16:50:53","slug":"contact-sales","status":"publish","type":"page","link":"https:\/\/tilde.ai\/et\/contact-sales\/","title":{"rendered":"V\u00f5tke meiega \u00fchendust"},"content":{"rendered":"<div data-elementor-type=\"wp-page\" data-elementor-id=\"18695\" class=\"elementor elementor-18695\" data-elementor-post-type=\"page\">\n\t\t\t\t<div class=\"elementor-element elementor-element-3fb9ce5 e-flex e-con-boxed e-con e-parent\" data-id=\"3fb9ce5\" data-element_type=\"container\" data-e-type=\"container\" data-settings=\"{&quot;background_background&quot;:&quot;classic&quot;}\">\n\t\t\t\t\t<div class=\"e-con-inner\">\n\t\t\t\t<div class=\"elementor-element elementor-element-0224204 elementor-widget elementor-widget-heading\" data-id=\"0224204\" data-element_type=\"widget\" data-e-type=\"widget\" data-widget_type=\"heading.default\">\n\t\t\t\t\t<h1 class=\"elementor-heading-title elementor-size-default\">Kontakti m\u00fc\u00fck<\/h1>\t\t\t\t<\/div>\n\t\t\t\t<div class=\"elementor-element elementor-element-f012db0 elementor-widget elementor-widget-text-editor\" data-id=\"f012db0\" data-element_type=\"widget\" data-e-type=\"widget\" data-widget_type=\"text-editor.default\">\n\t\t\t\t\t\t\t\t\t<p>Hea meelega n\u00e4itame, kuidas Tilde keelelahendused v\u00f5ivad teie vajadustele vastata ja k\u00e4sitleme v\u00f5imalikke k\u00fcsimusi.<\/p><p>Kui soovid m\u00f5nda toodet katsetada, t\u00e4ida vorm ja me v\u00f5tame peatselt \u00fchendust.<\/p>\t\t\t\t\t\t\t\t<\/div>\n\t\t\t\t\t<\/div>\n\t\t\t\t<\/div>\n\t\t<div class=\"elementor-element elementor-element-451264a e-transform tilde-custom-form e-flex e-con-boxed e-con e-parent\" data-id=\"451264a\" data-element_type=\"container\" data-e-type=\"container\" data-settings=\"{&quot;background_background&quot;:&quot;classic&quot;,&quot;_transform_translateX_effect&quot;:{&quot;unit&quot;:&quot;px&quot;,&quot;size&quot;:&quot;&quot;,&quot;sizes&quot;:[]},&quot;_transform_translateX_effect_tablet&quot;:{&quot;unit&quot;:&quot;px&quot;,&quot;size&quot;:&quot;&quot;,&quot;sizes&quot;:[]},&quot;_transform_translateX_effect_mobile&quot;:{&quot;unit&quot;:&quot;px&quot;,&quot;size&quot;:&quot;&quot;,&quot;sizes&quot;:[]},&quot;_transform_translateY_effect&quot;:{&quot;unit&quot;:&quot;px&quot;,&quot;size&quot;:&quot;&quot;,&quot;sizes&quot;:[]},&quot;_transform_translateY_effect_tablet&quot;:{&quot;unit&quot;:&quot;px&quot;,&quot;size&quot;:&quot;&quot;,&quot;sizes&quot;:[]},&quot;_transform_translateY_effect_mobile&quot;:{&quot;unit&quot;:&quot;px&quot;,&quot;size&quot;:&quot;&quot;,&quot;sizes&quot;:[]}}\">\n\t\t\t\t\t<div class=\"e-con-inner\">\n\t\t<div class=\"elementor-element elementor-element-cc41aae e-con-full e-flex e-con e-child\" data-id=\"cc41aae\" data-element_type=\"container\" data-e-type=\"container\">\n\t\t<div class=\"elementor-element elementor-element-768e8a1 e-con-full e-flex e-con e-child\" data-id=\"768e8a1\" data-element_type=\"container\" data-e-type=\"container\" data-settings=\"{&quot;background_background&quot;:&quot;classic&quot;}\">\n\t\t\t\t<div class=\"elementor-element elementor-element-2b86689 elementor-widget elementor-widget-heading\" data-id=\"2b86689\" data-element_type=\"widget\" data-e-type=\"widget\" data-widget_type=\"heading.default\">\n\t\t\t\t\t<span class=\"elementor-heading-title elementor-size-default\">Kirjutage m\u00fc\u00fcgile s\u00f5num<\/span>\t\t\t\t<\/div>\n\t\t\t\t<div class=\"elementor-element elementor-element-6552738 elementor-button-align-stretch elementor-widget elementor-widget-form\" data-id=\"6552738\" data-element_type=\"widget\" data-e-type=\"widget\" data-settings=\"{&quot;step_next_label&quot;:&quot;Next&quot;,&quot;step_previous_label&quot;:&quot;Previous&quot;,&quot;button_width&quot;:&quot;100&quot;,&quot;step_type&quot;:&quot;number_text&quot;,&quot;step_icon_shape&quot;:&quot;circle&quot;}\" data-widget_type=\"form.default\">\n\t\t\t\t\t\t\t<form class=\"elementor-form\" method=\"post\" name=\"New Form\" aria-label=\"Uus vorm\" action=\"\">\n\t\t\t<input type=\"hidden\" name=\"post_id\" value=\"18695\"\/>\n\t\t\t<input type=\"hidden\" name=\"form_id\" value=\"6552738\"\/>\n\t\t\t<input type=\"hidden\" name=\"referer_title\" value=\"Contact Sales for Pricing &amp; Demos | Tilde.ai\" \/>\n\n\t\t\t\t\t\t\t<input type=\"hidden\" name=\"queried_id\" value=\"18695\"\/>\n\t\t\t\n\t\t\t<div class=\"elementor-form-fields-wrapper elementor-labels-above\">\n\t\t\t\t\t\t\t\t<div class=\"elementor-field-type-text elementor-field-group elementor-column elementor-field-group-name elementor-col-100\">\n\t\t\t\t\t\t\t\t\t\t\t\t<label for=\"form-field-name\" class=\"elementor-field-label\">\n\t\t\t\t\t\t\t\tNimi\t\t\t\t\t\t\t<\/label>\n\t\t\t\t\t\t\t\t\t\t\t\t\t\t<input size=\"1\" type=\"text\" name=\"form_fields[name]\" id=\"form-field-name\" class=\"elementor-field elementor-size-md  elementor-field-textual\" placeholder=\"Nimi\">\n\t\t\t\t\t\t\t\t\t\t\t<\/div>\n\t\t\t\t\t\t\t\t<div class=\"elementor-field-type-email elementor-field-group elementor-column elementor-field-group-email elementor-col-100 elementor-field-required elementor-mark-required\">\n\t\t\t\t\t\t\t\t\t\t\t\t<label for=\"form-field-email\" class=\"elementor-field-label\">\n\t\t\t\t\t\t\t\tE-post\t\t\t\t\t\t\t<\/label>\n\t\t\t\t\t\t\t\t\t\t\t\t\t\t<input size=\"1\" type=\"email\" name=\"form_fields[email]\" id=\"form-field-email\" class=\"elementor-field elementor-size-md  elementor-field-textual\" placeholder=\"E-post\" required=\"required\">\n\t\t\t\t\t\t\t\t\t\t\t<\/div>\n\t\t\t\t\t\t\t\t<div class=\"elementor-field-type-textarea elementor-field-group elementor-column elementor-field-group-message elementor-col-100\">\n\t\t\t\t\t\t\t\t\t\t\t\t<label for=\"form-field-message\" class=\"elementor-field-label\">\n\t\t\t\t\t\t\t\tS\u00f5num\t\t\t\t\t\t\t<\/label>\n\t\t\t\t\t\t<textarea class=\"elementor-field-textual elementor-field  elementor-size-md\" name=\"form_fields[message]\" id=\"form-field-message\" rows=\"4\" placeholder=\"S\u00f5num\"><\/textarea>\t\t\t\t<\/div>\n\t\t\t\t\t\t\t\t<div class=\"elementor-field-group elementor-column elementor-field-type-submit elementor-col-100 e-form__buttons\">\n\t\t\t\t\t<button class=\"elementor-button elementor-size-md\" type=\"submit\">\n\t\t\t\t\t\t<span class=\"elementor-button-content-wrapper\">\n\t\t\t\t\t\t\t\t\t\t\t\t\t\t\t\t\t\t\t\t\t\t<span class=\"elementor-button-text\">Saada<\/span>\n\t\t\t\t\t\t\t\t\t\t\t\t\t<\/span>\n\t\t\t\t\t<\/button>\n\t\t\t\t<\/div>\n\t\t\t<\/div>\n\t\t<input type=\"hidden\" name=\"twt-form-language\" value=\"et\"\/><\/form>\n\t\t\t\t\t\t<\/div>\n\t\t\t\t<\/div>\n\t\t<div class=\"elementor-element elementor-element-c660e64 e-con-full e-flex e-con e-child\" data-id=\"c660e64\" data-element_type=\"container\" data-e-type=\"container\">\n\t\t<div class=\"elementor-element elementor-element-229c6f4 e-con-full e-flex e-con e-child\" data-id=\"229c6f4\" data-element_type=\"container\" data-e-type=\"container\" data-settings=\"{&quot;background_background&quot;:&quot;classic&quot;}\">\n\t\t\t\t<div class=\"elementor-element elementor-element-790243c elementor-widget-mobile__width-initial elementor-widget elementor-widget-heading\" data-id=\"790243c\" data-element_type=\"widget\" data-e-type=\"widget\" data-widget_type=\"heading.default\">\n\t\t\t\t\t<h2 class=\"elementor-heading-title elementor-size-default\">K\u00fcsimusi? Helista meile<\/h2>\t\t\t\t<\/div>\n\t\t\t\t<div class=\"elementor-element elementor-element-51c30b7 js-contact-tabs e-n-tabs-mobile elementor-widget elementor-widget-n-tabs\" data-id=\"51c30b7\" data-element_type=\"widget\" data-e-type=\"widget\" data-settings=\"{&quot;horizontal_scroll&quot;:&quot;disable&quot;}\" data-widget_type=\"nested-tabs.default\">\n\t\t\t\t\t\t\t<div class=\"e-n-tabs\" data-widget-number=\"85733559\" aria-label=\"Skirtukai. Atidarykite elementus naudodami klavi\u0161\u0105 Enter arba tarp\u0105, u\u017edarykite naudodami klavi\u0161\u0105 Escape ir nar\u0161ykite naudodami rodykli\u0173 klavi\u0161us.\" data-no-translation-aria-label=\"\">\n\t\t\t<div class=\"e-n-tabs-heading\" role=\"tablist\">\n\t\t\t\t\t<button id=\"e-n-tab-title-857335591\" data-tab-title-id=\"e-n-tab-title-857335591\" class=\"e-n-tab-title\" aria-selected=\"true\" data-tab-index=\"1\" role=\"tab\" tabindex=\"0\" aria-controls=\"e-n-tab-content-857335591\" style=\"--n-tabs-title-order: 1;\">\n\t\t\t\t\t\t<span class=\"e-n-tab-title-text\">\n\t\t\t\tVahekaart # 1\t\t\t<\/span>\n\t\t<\/button>\n\t\t\t\t<button id=\"e-n-tab-title-857335592\" data-tab-title-id=\"e-n-tab-title-857335592\" class=\"e-n-tab-title\" aria-selected=\"false\" data-tab-index=\"2\" role=\"tab\" tabindex=\"-1\" aria-controls=\"e-n-tab-content-857335592\" style=\"--n-tabs-title-order: 2;\">\n\t\t\t\t\t\t<span class=\"e-n-tab-title-text\">\n\t\t\t\tVahekaart # 2\t\t\t<\/span>\n\t\t<\/button>\n\t\t\t\t<button id=\"e-n-tab-title-857335593\" data-tab-title-id=\"e-n-tab-title-857335593\" class=\"e-n-tab-title\" aria-selected=\"false\" data-tab-index=\"3\" role=\"tab\" tabindex=\"-1\" aria-controls=\"e-n-tab-content-857335593\" style=\"--n-tabs-title-order: 3;\">\n\t\t\t\t\t\t<span class=\"e-n-tab-title-text\">\n\t\t\t\tVahekaart # 3\t\t\t<\/span>\n\t\t<\/button>\n\t\t\t\t<button id=\"e-n-tab-title-857335594\" data-tab-title-id=\"e-n-tab-title-857335594\" class=\"e-n-tab-title\" aria-selected=\"false\" data-tab-index=\"4\" role=\"tab\" tabindex=\"-1\" aria-controls=\"e-n-tab-content-857335594\" style=\"--n-tabs-title-order: 4;\">\n\t\t\t\t\t\t<span class=\"e-n-tab-title-text\">\n\t\t\t\tVahekaart # 4\t\t\t<\/span>\n\t\t<\/button>\n\t\t\t\t\t<\/div>\n\t\t\t<div class=\"e-n-tabs-content\">\n\t\t\t\t<div id=\"e-n-tab-content-857335591\" role=\"tabpanel\" aria-labelledby=\"e-n-tab-title-857335591\" data-tab-index=\"1\" style=\"--n-tabs-title-order: 1;\" class=\"e-active elementor-element elementor-element-662d869 e-con-full e-flex e-con e-child\" data-id=\"662d869\" data-element_type=\"container\" data-e-type=\"container\">\n\t\t<div class=\"elementor-element elementor-element-21626a6 e-con-full e-flex e-con e-child\" data-id=\"21626a6\" data-element_type=\"container\" data-e-type=\"container\">\n\t\t\t\t<div class=\"elementor-element elementor-element-75e2498 elementor-widget elementor-widget-heading\" data-id=\"75e2498\" data-element_type=\"widget\" data-e-type=\"widget\" data-widget_type=\"heading.default\">\n\t\t\t\t\t<span class=\"elementor-heading-title elementor-size-default\">M\u00fc\u00fck<\/span>\t\t\t\t<\/div>\n\t\t\t\t<div class=\"elementor-element elementor-element-bda7808 elementor-widget elementor-widget-heading\" data-id=\"bda7808\" data-element_type=\"widget\" data-e-type=\"widget\" data-widget_type=\"heading.default\">\n\t\t\t\t\t<span class=\"elementor-heading-title elementor-size-default\"><a href=\"tel: 371288743005\">+371 288743005<\/a><\/span>\t\t\t\t<\/div>\n\t\t\t\t<\/div>\n\t\t<div class=\"elementor-element elementor-element-984cc18 e-con-full e-flex e-con e-child\" data-id=\"984cc18\" data-element_type=\"container\" data-e-type=\"container\">\n\t\t\t\t<div class=\"elementor-element elementor-element-f1786f7 elementor-widget elementor-widget-heading\" data-id=\"f1786f7\" data-element_type=\"widget\" data-e-type=\"widget\" data-widget_type=\"heading.default\">\n\t\t\t\t\t<span class=\"elementor-heading-title elementor-size-default\">Office<\/span>\t\t\t\t<\/div>\n\t\t\t\t<div class=\"elementor-element elementor-element-b5877db elementor-widget elementor-widget-heading\" data-id=\"b5877db\" data-element_type=\"widget\" data-e-type=\"widget\" data-widget_type=\"heading.default\">\n\t\t\t\t\t<span class=\"elementor-heading-title elementor-size-default\"><a href=\"tel: 371288743005\">+371 288743005<\/a><\/span>\t\t\t\t<\/div>\n\t\t\t\t<\/div>\n\t\t<div class=\"elementor-element elementor-element-1a4fcc1 e-con-full e-flex e-con e-child\" data-id=\"1a4fcc1\" data-element_type=\"container\" data-e-type=\"container\">\n\t\t\t\t<div class=\"elementor-element elementor-element-800ee6c elementor-widget elementor-widget-heading\" data-id=\"800ee6c\" data-element_type=\"widget\" data-e-type=\"widget\" data-widget_type=\"heading.default\">\n\t\t\t\t\t<span class=\"elementor-heading-title elementor-size-default\">Lokaliseerimine<\/span>\t\t\t\t<\/div>\n\t\t\t\t<div class=\"elementor-element elementor-element-f1da7f1 elementor-widget elementor-widget-heading\" data-id=\"f1da7f1\" data-element_type=\"widget\" data-e-type=\"widget\" data-widget_type=\"heading.default\">\n\t\t\t\t\t<span class=\"elementor-heading-title elementor-size-default\"><a href=\"tel: 371288743005\">+371 288743005<\/a><\/span>\t\t\t\t<\/div>\n\t\t\t\t<\/div>\n\t\t\t\t<\/div>\n\t\t<div id=\"e-n-tab-content-857335592\" role=\"tabpanel\" aria-labelledby=\"e-n-tab-title-857335592\" data-tab-index=\"2\" style=\"--n-tabs-title-order: 2;\" class=\"elementor-element elementor-element-1b81685 e-con-full e-flex e-con e-child\" data-id=\"1b81685\" data-element_type=\"container\" data-e-type=\"container\">\n\t\t<div class=\"elementor-element elementor-element-35fac94 e-con-full e-flex e-con e-child\" data-id=\"35fac94\" data-element_type=\"container\" data-e-type=\"container\">\n\t\t\t\t<div class=\"elementor-element elementor-element-a79ef60 elementor-widget elementor-widget-heading\" data-id=\"a79ef60\" data-element_type=\"widget\" data-e-type=\"widget\" data-widget_type=\"heading.default\">\n\t\t\t\t\t<span class=\"elementor-heading-title elementor-size-default\">Lokaliseerimine<\/span>\t\t\t\t<\/div>\n\t\t\t\t<div class=\"elementor-element elementor-element-ff96b0d elementor-widget elementor-widget-heading\" data-id=\"ff96b0d\" data-element_type=\"widget\" data-e-type=\"widget\" data-widget_type=\"heading.default\">\n\t\t\t\t\t<span class=\"elementor-heading-title elementor-size-default\"><a href=\"tel: 371288743005\">+371 288743005<\/a><\/span>\t\t\t\t<\/div>\n\t\t\t\t<\/div>\n\t\t<div class=\"elementor-element elementor-element-3c91599 e-con-full e-flex e-con e-child\" data-id=\"3c91599\" data-element_type=\"container\" data-e-type=\"container\">\n\t\t\t\t<div class=\"elementor-element elementor-element-4a9082e elementor-widget elementor-widget-heading\" data-id=\"4a9082e\" data-element_type=\"widget\" data-e-type=\"widget\" data-widget_type=\"heading.default\">\n\t\t\t\t\t<span class=\"elementor-heading-title elementor-size-default\">M\u00fc\u00fck<\/span>\t\t\t\t<\/div>\n\t\t\t\t<div class=\"elementor-element elementor-element-5c4ab25 elementor-widget elementor-widget-heading\" data-id=\"5c4ab25\" data-element_type=\"widget\" data-e-type=\"widget\" data-widget_type=\"heading.default\">\n\t\t\t\t\t<span class=\"elementor-heading-title elementor-size-default\"><a href=\"tel: 371288743005\">+371 288743005<\/a><\/span>\t\t\t\t<\/div>\n\t\t\t\t<\/div>\n\t\t<div class=\"elementor-element elementor-element-136edfd e-con-full e-flex e-con e-child\" data-id=\"136edfd\" data-element_type=\"container\" data-e-type=\"container\">\n\t\t\t\t<div class=\"elementor-element elementor-element-4258815 elementor-widget elementor-widget-heading\" data-id=\"4258815\" data-element_type=\"widget\" data-e-type=\"widget\" data-widget_type=\"heading.default\">\n\t\t\t\t\t<span class=\"elementor-heading-title elementor-size-default\">Office<\/span>\t\t\t\t<\/div>\n\t\t\t\t<div class=\"elementor-element elementor-element-bb63c1d elementor-widget elementor-widget-heading\" data-id=\"bb63c1d\" data-element_type=\"widget\" data-e-type=\"widget\" data-widget_type=\"heading.default\">\n\t\t\t\t\t<span class=\"elementor-heading-title elementor-size-default\"><a href=\"tel: 371288743005\">+371 288743005<\/a><\/span>\t\t\t\t<\/div>\n\t\t\t\t<\/div>\n\t\t\t\t<\/div>\n\t\t<div id=\"e-n-tab-content-857335593\" role=\"tabpanel\" aria-labelledby=\"e-n-tab-title-857335593\" data-tab-index=\"3\" style=\"--n-tabs-title-order: 3;\" class=\"elementor-element elementor-element-f9f1ef5 e-flex e-con-boxed e-con e-child\" data-id=\"f9f1ef5\" data-element_type=\"container\" data-e-type=\"container\">\n\t\t\t\t\t<div class=\"e-con-inner\">\n\t\t<div class=\"elementor-element elementor-element-cb5f6f4 e-con-full e-flex e-con e-child\" data-id=\"cb5f6f4\" data-element_type=\"container\" data-e-type=\"container\">\n\t\t\t\t<div class=\"elementor-element elementor-element-02cc8f9 elementor-widget elementor-widget-heading\" data-id=\"02cc8f9\" data-element_type=\"widget\" data-e-type=\"widget\" data-widget_type=\"heading.default\">\n\t\t\t\t\t<span class=\"elementor-heading-title elementor-size-default\">Office<\/span>\t\t\t\t<\/div>\n\t\t\t\t<div class=\"elementor-element elementor-element-63455b5 elementor-widget elementor-widget-heading\" data-id=\"63455b5\" data-element_type=\"widget\" data-e-type=\"widget\" data-widget_type=\"heading.default\">\n\t\t\t\t\t<span class=\"elementor-heading-title elementor-size-default\"><a href=\"tel: 371288743005\">+371 288743005<\/a><\/span>\t\t\t\t<\/div>\n\t\t\t\t<\/div>\n\t\t\t\t\t<\/div>\n\t\t\t\t<\/div>\n\t\t<div id=\"e-n-tab-content-857335594\" role=\"tabpanel\" aria-labelledby=\"e-n-tab-title-857335594\" data-tab-index=\"4\" style=\"--n-tabs-title-order: 4;\" class=\"elementor-element elementor-element-7c316b9 e-flex e-con-boxed e-con e-child\" data-id=\"7c316b9\" data-element_type=\"container\" data-e-type=\"container\">\n\t\t\t\t\t<div class=\"e-con-inner\">\n\t\t<div class=\"elementor-element elementor-element-ec1ffef e-con-full e-flex e-con e-child\" data-id=\"ec1ffef\" data-element_type=\"container\" data-e-type=\"container\">\n\t\t\t\t<div class=\"elementor-element elementor-element-333754f elementor-widget elementor-widget-heading\" data-id=\"333754f\" data-element_type=\"widget\" data-e-type=\"widget\" data-widget_type=\"heading.default\">\n\t\t\t\t\t<span class=\"elementor-heading-title elementor-size-default\">Office<\/span>\t\t\t\t<\/div>\n\t\t\t\t<div class=\"elementor-element elementor-element-6311937 elementor-widget elementor-widget-heading\" data-id=\"6311937\" data-element_type=\"widget\" data-e-type=\"widget\" data-widget_type=\"heading.default\">\n\t\t\t\t\t<span class=\"elementor-heading-title elementor-size-default\"><a href=\"tel: 371288743005\">+371 288743005<\/a><\/span>\t\t\t\t<\/div>\n\t\t\t\t<\/div>\n\t\t<div class=\"elementor-element elementor-element-3b687a6 e-con-full e-flex e-con e-child\" data-id=\"3b687a6\" data-element_type=\"container\" data-e-type=\"container\">\n\t\t\t\t<div class=\"elementor-element elementor-element-17e671b elementor-widget elementor-widget-heading\" data-id=\"17e671b\" data-element_type=\"widget\" data-e-type=\"widget\" data-widget_type=\"heading.default\">\n\t\t\t\t\t<span class=\"elementor-heading-title elementor-size-default\">Office<\/span>\t\t\t\t<\/div>\n\t\t\t\t<div class=\"elementor-element elementor-element-3135143 elementor-widget elementor-widget-heading\" data-id=\"3135143\" data-element_type=\"widget\" data-e-type=\"widget\" data-widget_type=\"heading.default\">\n\t\t\t\t\t<span class=\"elementor-heading-title elementor-size-default\"><a href=\"tel: 371288743005\">+371 288743005<\/a><\/span>\t\t\t\t<\/div>\n\t\t\t\t<\/div>\n\t\t\t\t\t<\/div>\n\t\t\t\t<\/div>\n\t\t\t\t\t<\/div>\n\t\t<\/div>\n\t\t\t\t\t\t<\/div>\n\t\t\t\t<div class=\"elementor-element elementor-element-c42c365 elementor-widget elementor-widget-html\" data-id=\"c42c365\" data-element_type=\"widget\" data-e-type=\"widget\" data-widget_type=\"html.default\">\n\t\t\t\t\t<script>\n    document.addEventListener('DOMContentLoaded', function() {\n        var selectEl = document.querySelector('.js-contact-select select');\n        var tabs = document.querySelectorAll('.js-contact-tabs .e-n-tab-title');\n        if (selectEl && tabs.length > 0) {\n            selectEl.addEventListener('change', function() {\n                var selectedIndex = this.selectedIndex;\n                if (tabs[selectedIndex]) {\n                    tabs[selectedIndex].click();\n                }\n            });\n        }\n    });\n<\/script>\n\n<style>\n    .js-contact-select label {\n        margin-bottom: 24px;\n        color:#000;\n        \/*font-size: 12px;*\/\n        line-height: 26px;\n        letter-spacing: 0.1px;\n        font-weight: 400;\n    }\n    .js-contact-select select{\n        color:#000;\n    }\n    .js-contact-tabs .e-n-tab-title{\n        display: none;\n    }\n<\/style>\t\t\t\t<\/div>\n\t\t\t\t<\/div>\n\t\t\t\t<\/div>\n\t\t\t\t<div class=\"elementor-element elementor-element-6dd08b2 elementor-widget elementor-widget-html\" data-id=\"6dd08b2\" data-element_type=\"widget\" data-e-type=\"widget\" data-widget_type=\"html.default\">\n\t\t\t\t\t<style>\n    .tilde-custom-form label{\n        color:#000;\n    }\n    .tilde-custom-form input,\n    .tilde-custom-form textarea,\n    .tilde-custom-form select{\n        margin-top:5px !important;\n    }\n    .tilde-custom-form .wpcf7-submit{\n        width: 100%;\n        text-align: center;\n        background-color: #97002D;\n    }\n    .tilde-custom-form .wpcf7-submit:hover{\n        width: 100%;\n        text-align: center;\n    }\n    .tilde-custom-form .wpcf7-submit span{\n        text-align: center;\n        margin: auto;\n    }\n     .tilde-custom-form textarea{\n         height: 94px\n    }\n<\/style>\n\t\t\t\t<\/div>\n\t\t\t\t<\/div>\n\t\t\t\t\t<\/div>\n\t\t\t\t<\/div>\n\t\t<div class=\"elementor-element elementor-element-2f03f33 e-flex e-con-boxed e-con e-parent\" data-id=\"2f03f33\" data-element_type=\"container\" data-e-type=\"container\">\n\t\t\t\t\t<div class=\"e-con-inner\">\n\t\t\t\t\t<\/div>\n\t\t\t\t<\/div>\n\t\t\t\t<\/div>","protected":false},"excerpt":{"rendered":"<p>V\u00f5tke \u00fchendust m\u00fc\u00fcgiesindajatega Soovime n\u00e4idata, kuidas Tilde keelelahendused v\u00f5ivad teie vajadustele vastata, ja k\u00e4sitleda v\u00f5imalikke k\u00fcsimusi. Kui soovite, et m\u00f5ni toode toimiks, t\u00e4itke vorm ja me v\u00f5tame teiega peagi \u00fchendust. Kas kirjutada s\u00f5num m\u00fc\u00fcgik\u00fcsimustele? Vahekaart Helista meile vahekaart # 1 vahekaart # 2 [\u2026]<\/p>","protected":false},"author":2,"featured_media":0,"parent":0,"menu_order":0,"comment_status":"closed","ping_status":"closed","template":"","meta":{"footnotes":""},"class_list":["post-18695","page","type-page","status-publish","hentry"],"_links":{"self":[{"href":"https:\/\/tilde.ai\/et\/wp-json\/wp\/v2\/pages\/18695","targetHints":{"allow":["GET"]}}],"collection":[{"href":"https:\/\/tilde.ai\/et\/wp-json\/wp\/v2\/pages"}],"about":[{"href":"https:\/\/tilde.ai\/et\/wp-json\/wp\/v2\/types\/page"}],"author":[{"embeddable":true,"href":"https:\/\/tilde.ai\/et\/wp-json\/wp\/v2\/users\/2"}],"replies":[{"embeddable":true,"href":"https:\/\/tilde.ai\/et\/wp-json\/wp\/v2\/comments?post=18695"}],"version-history":[{"count":0,"href":"https:\/\/tilde.ai\/et\/wp-json\/wp\/v2\/pages\/18695\/revisions"}],"wp:attachment":[{"href":"https:\/\/tilde.ai\/et\/wp-json\/wp\/v2\/media?parent=18695"}],"curies":[{"name":"wp","href":"https:\/\/api.w.org\/{rel}","templated":true}]}}