{"id":11244,"date":"2024-04-23T06:02:34","date_gmt":"2024-04-23T06:02:34","guid":{"rendered":"https:\/\/tilde.ai\/?page_id=11244"},"modified":"2024-07-02T12:17:16","modified_gmt":"2024-07-02T12:17:16","slug":"projekta-informacijas-un-komunikacijas-tehnologiju-kompetences-centrs-aktualitates-2020-gada-tresaja","status":"publish","type":"page","link":"https:\/\/tilde.ai\/et\/sia-tilde-projects\/projekta-informacijas-un-komunikacijas-tehnologiju-kompetences-centrs-aktualitates-2020-gada-tresaja\/","title":{"rendered":"Projekta \u201eInform\u0101cijas UN komunik\u0101cijas tehnolo\u0123iju kompetences Centrs\u201d aktualit\u0101tes 2020. Gada tre\u0161aj\u0101 ceturksn\u012b"},"content":{"rendered":"<div data-elementor-type=\"wp-page\" data-elementor-id=\"11244\" class=\"elementor elementor-11244\" data-elementor-post-type=\"page\">\n\t\t\t\t<div class=\"elementor-element elementor-element-8fd0807 e-con-full e-flex e-con e-parent\" data-id=\"8fd0807\" data-element_type=\"container\" data-e-type=\"container\" data-settings=\"{&quot;background_background&quot;:&quot;classic&quot;}\">\n\t\t\t\t<\/div>\n\t\t<div class=\"elementor-element elementor-element-8bd6a4b e-flex e-con-boxed e-con e-parent\" data-id=\"8bd6a4b\" data-element_type=\"container\" data-e-type=\"container\">\n\t\t\t\t\t<div class=\"e-con-inner\">\n\t\t\t\t<div class=\"elementor-element elementor-element-dc9e708 elementor-widget elementor-widget-text-editor\" data-id=\"dc9e708\" data-element_type=\"widget\" data-e-type=\"widget\" data-widget_type=\"text-editor.default\">\n\t\t\t\t\t\t\t\t\t<p class=\"sub-title\"><b>Projekta \u201eInform\u0101cijas UN komunik\u0101cijas tehnolo\u0123iju kompetences Centrs\u201d aktualit\u0101tes 2020. Gada tre\u0161aj\u0101 ceturksn\u012b<\/b><\/p><p>IT kompetents Centrs atbilsto\u0161i 2019. Gada 9. maij\u0101 ar Centr\u0101lo Finan\u0161u \u00dcRO l\u012bgumu nosl\u0113gtajam l\u012bgumam a\u0123ent\u016bru Nr. 1.2.1.1\/18\/A\/003 \u012bsteno projektu \u201eInform\u0101cijas \u00dcRO komunik\u0101cijas<b>\u00a0<\/b>tehnolo\u0123iju kompetents Centrs.<\/p><p><b>Projekt\u0101<\/b>\u00a02020. Gada tre\u0161aj\u0101 ceturksn\u012b Tiek turpin\u0101ta Visu apstiprin\u0101to p\u0113t\u012bjumu \u012bsteno\u0161ana UN uzs\u0101kta Viena jauna p\u0113t\u012bjuma \u012bsteno\u0161ana. Sagatavots UN iesniegts jau piektais maks\u0101juma piepras\u012bjums, regul\u0101ri notiek GAN zin\u0101tnisko virzienu vad\u012bt\u0101ju, GAN padomes s\u0113des, kur\u0101s Tiek izskat\u012bts \u012bstenoto rezult\u0101ti progress UN sasniegtie p\u0113t\u012bjumu. Mazinot iesp\u0113ju infic\u0113ties ar COVID-19, san\u0101ksmes liel\u0101koties notiku\u0161as piln\u012bb\u0101 vai da\u013c\u0113ji att\u0101lin\u0101ti. COVID-19 rad\u012btie sare\u017e\u0123\u012bjumi gad\u012bjumos atsevi\u0161\u0137os IR IR ietekm\u0113ju\u0161i p\u0113t\u012bjumu norises laika grafikus, bet kopum\u0101 p\u0113t\u012bjumu \u012bsteno\u0161ana NAV b\u016btiski ietekm\u0113ta.<\/p><p><b>\u012astenoto p\u0113t\u012bjumu aktualit\u0101tes:<\/b><\/p><ul><li><b>SIA \u201eTilde\u201d p\u0113t\u012bjums nr 2,2 \u201eAdapt\u012bva multimod\u0101la t\u012bklos neironu balst\u012bta ma\u0161\u012bntulko\u0161ana\u201d\u00a0<\/b>uzs\u0101kts 2019. Gada apr\u012bl\u012b. 2020. Gada tre\u0161aj\u0101 turpin\u0101s r\u016bpniecisk\u0101 p\u0113t\u012bjuma ceturksn\u012b tre\u0161\u0101s neirontulko\u0161anas aktivit\u0101tes \u012bsteno\u0161ana P\u0113t\u012bjums sist\u0113mu piel\u0101go\u0161anu RunAs tulko\u0161anas probl\u0113mu risin\u0101\u0161anai UN eksperiment\u0101l\u0101s izstr\u0101des aktivit\u0101tes t\u012bklos neironu multimod\u0101la Adapt\u012bva balst\u012bta ma\u0161\u012bntulko\u0161anas risin\u0101juma prototips.<\/li><li><b>SIA \u201eTilde\u201d p\u0113t\u012bjums nr 2,3 \u201eNeironu t\u012bklu ma\u0161\u012bnm\u0101c\u012b\u0161an\u0101s metoodid virtu\u0101lo asistentu dialogu scen\u0101riju izveides automatiz\u0101cijai\u201d\u00a0<\/b>uzs\u0101kts 2019. Gada apr\u012bl\u012b. 2020. Gada tre\u0161aj\u0101 ceturksn\u012b tre\u0161\u0101s r\u016bpniecisk\u0101 turpin\u0101s p\u0113t\u012bjuma aktivit\u0101tes \u201eDialogu scen\u0101riju no audio sarun\u0101m\u201d UN eksperiment\u0101l\u0101s izstr\u0101des aktivit\u0101tes \u201eVirtu\u0101lo asistentu dialogu izveides automatiz\u0101cijas\u201d \u012bsteno\u0161ana.<\/li><li><b>SIA \u201eTilde\u201d \u00dcRO SIA \u201eMerhels Revidenti Konsultanti\u201d starpnozaru p\u0113t\u012bjums nr 2,6 \u201eM\u0101ksl\u012bg\u0101 intelekta\u201d izp\u0113te \u00dcRO kompleksu veido\u0161ana uz\u0146\u0113mumu sist\u0113mu meto\u017eu gr\u0101matved\u012bbas uzskaites procesu automatiz\u0101cijai \u00dcRO l\u0113mumu model\u0113\u0161anai\u201d\u00a0<\/b>uzs\u0101kts 2019. Gada maij\u0101. 2020. Gada tre\u0161aj\u0101 ceturksn\u012b p\u0113t\u012bjumu turpin\u0101s nosl\u0113dzo\u0161\u0101s eksperiment\u0101l\u0101s izstr\u0101des aktivit\u0101tes \u201eM\u0101ksl\u012bg\u0101 intelekta tehnolo\u0123iju izstr\u0101de gr\u0101matved\u012bbas uzskaites procesu automatiz\u0113\u0161anai UN uz\u0146\u0113mumu r\u0101d\u012bt\u0101ju anal\u012bzei UN prognoz\u0113\u0161anai\u201d \u012bsteno\u0161ana, Kuru septembr\u012b pl\u0101nots pabeigt.<\/li><\/ul><p>Projektu l\u012bdzfinans\u0113 EIROPAS Re\u0123ion\u0101l\u0101s fonds Darb\u012bbas programmas \u201eIzaugsme UN nodarbin\u0101t\u012bba\u201d 1.2.1. specifisk\u0101 atbalsta m\u0113r\u0137a \u201ePalielin\u0101t priv\u0101t\u0101 sektora invest\u012bcijas P &amp; A\u201d 1.2.1.1. pas\u0101kuma \u201eAtbalsts jaunu produktu UN tehnolo\u0123iju kompetences Centru ietvaros.<\/p>\t\t\t\t\t\t\t\t<\/div>\n\t\t<div class=\"elementor-element elementor-element-027685a e-con-full e-flex e-con e-child\" data-id=\"027685a\" data-element_type=\"container\" data-e-type=\"container\">\n\t\t\t\t<div class=\"elementor-element elementor-element-d35e63b elementor-widget elementor-widget-image\" data-id=\"d35e63b\" data-element_type=\"widget\" data-e-type=\"widget\" data-widget_type=\"image.default\">\n\t\t\t\t\t\t\t\t\t\t\t\t\t\t\t<img fetchpriority=\"high\" decoding=\"async\" width=\"726\" height=\"152\" src=\"https:\/\/tilde.ai\/wp-content\/uploads\/2024\/04\/lv_id_eu_logo_ansamblis_eraf_rgb-1.png\" class=\"attachment-medium_large size-medium_large wp-image-11014\" alt=\"\" srcset=\"https:\/\/tilde.ai\/wp-content\/uploads\/2024\/04\/lv_id_eu_logo_ansamblis_eraf_rgb-1.png 726w, https:\/\/tilde.ai\/wp-content\/uploads\/2024\/04\/lv_id_eu_logo_ansamblis_eraf_rgb-1-300x63.png 300w, https:\/\/tilde.ai\/wp-content\/uploads\/2024\/04\/lv_id_eu_logo_ansamblis_eraf_rgb-1-18x4.png 18w\" sizes=\"(max-width: 726px) 100vw, 726px\" \/>\t\t\t\t\t\t\t\t\t\t\t\t\t\t\t<\/div>\n\t\t\t\t<\/div>\n\t\t\t\t\t<\/div>\n\t\t\t\t<\/div>\n\t\t\t\t<\/div>","protected":false},"excerpt":{"rendered":"<p>Projekta \u201eInform\u0101cijas UN komunik\u0101cijas kompetences Centrs\u201d aktualit\u0101tes 2020. Gada tre\u0161aj\u0101 ceturksn\u012b IT kompetences Centrs atbilsto\u0161i 2019. Gada 9. maij\u0101 ar Centr\u0101lo Finan\u0161u UN l\u012bgumu nosl\u0113gtajam l\u012bgumam a\u0123ent\u016bru Nr. 1.2.1.1\/18\/A\/003 \u012bsteno projektu \u201eInform\u0101cijas UN komunik\u0101cijas kompetences Centrs\u201d. Project 2020. Gada tre\u0161aj\u0101 ceturksn\u012b Tiek turpin\u0101ta Visu apstiprin\u0101to p\u0113t\u012bjumu \u012bsteno\u0161ana UN uzs\u0101kta Viena jauna p\u0113t\u012bjuma \u012bsteno\u0161ana. Sagatavots UN [\u2026]<\/p>","protected":false},"author":2,"featured_media":0,"parent":11009,"menu_order":0,"comment_status":"closed","ping_status":"closed","template":"page-full-width.php","meta":{"footnotes":""},"class_list":["post-11244","page","type-page","status-publish","hentry"],"_links":{"self":[{"href":"https:\/\/tilde.ai\/et\/wp-json\/wp\/v2\/pages\/11244","targetHints":{"allow":["GET"]}}],"collection":[{"href":"https:\/\/tilde.ai\/et\/wp-json\/wp\/v2\/pages"}],"about":[{"href":"https:\/\/tilde.ai\/et\/wp-json\/wp\/v2\/types\/page"}],"author":[{"embeddable":true,"href":"https:\/\/tilde.ai\/et\/wp-json\/wp\/v2\/users\/2"}],"replies":[{"embeddable":true,"href":"https:\/\/tilde.ai\/et\/wp-json\/wp\/v2\/comments?post=11244"}],"version-history":[{"count":0,"href":"https:\/\/tilde.ai\/et\/wp-json\/wp\/v2\/pages\/11244\/revisions"}],"up":[{"embeddable":true,"href":"https:\/\/tilde.ai\/et\/wp-json\/wp\/v2\/pages\/11009"}],"wp:attachment":[{"href":"https:\/\/tilde.ai\/et\/wp-json\/wp\/v2\/media?parent=11244"}],"curies":[{"name":"wp","href":"https:\/\/api.w.org\/{rel}","templated":true}]}}