{"id":10353,"date":"2024-04-08T17:45:03","date_gmt":"2024-04-08T17:45:03","guid":{"rendered":"https:\/\/tilde.ai\/?page_id=10353"},"modified":"2026-03-03T09:42:05","modified_gmt":"2026-03-03T07:42:05","slug":"contact-us","status":"publish","type":"page","link":"https:\/\/tilde.ai\/et\/contact-us\/","title":{"rendered":"V\u00f5ta Tildega \u00fchendust"},"content":{"rendered":"<div data-elementor-type=\"wp-page\" data-elementor-id=\"10353\" class=\"elementor elementor-10353\" data-elementor-post-type=\"page\">\n\t\t\t\t<div class=\"elementor-element elementor-element-9d2aeb1 e-grid e-con-boxed e-con e-parent\" data-id=\"9d2aeb1\" data-element_type=\"container\" data-e-type=\"container\" data-settings=\"{&quot;background_background&quot;:&quot;classic&quot;}\">\n\t\t\t\t\t<div class=\"e-con-inner\">\n\t\t\t\t<div class=\"elementor-element elementor-element-77dd50e e-con e-atomic-element e-div-block-base e-77dd50e-d912f57\" data-id=\"77dd50e\" data-element_type=\"e-div-block\" data-e-type=\"e-div-block\" data-interaction-id=\"77dd50e\">\n\t\t\t\t\t\t\t<h1 \n\t\tdata-interaction-id=\"ad51ad5\" \n\t\tclass=\"e-ad51ad5-dff35a6 e-heading-base\" \n\t\t \n\t\t\n\t>\n\t\n\t\t\tOleme siin, et aidata\n\t\t<\/h1>\n\t\t\t\t\t\t\t\t<p class=\"e-c5bb5ba-678e335 e-paragraph-base\" data-interaction-id=\"c5bb5ba\"  >\n\t\t\t\t\t\t\t\tN\u00e4itame hea meelega, kuidas Tilde keelelahendused sinu vajadustega sobivad ja vastame v\u00f5imalikele tekkinud k\u00fcsimustele.\nKui soovid m\u00f5nda toodet katsetada, t\u00e4ida vorm ja me v\u00f5tame peatselt \u00fchendust.\n\t\t\t\t\t<\/p>\n\t\t\t\t<div class=\"elementor-element elementor-element-1579c20 elementor-widget elementor-widget-testimonial\" data-id=\"1579c20\" data-element_type=\"widget\" data-e-type=\"widget\" data-widget_type=\"testimonial.default\">\n\t\t\t\t\t\t\t<div class=\"elementor-testimonial-wrapper\">\n\t\t\t\t\t\t\t<div class=\"elementor-testimonial-content\">\"L\u00fchike vestlus aitab m\u00f5ista, kuidas saame teid aidata ja kas meie lahendused vastavad teie vajadustele.\"<\/div>\n\t\t\t\n\t\t\t\t\t\t<div class=\"elementor-testimonial-meta elementor-has-image elementor-testimonial-image-position-aside\">\n\t\t\t\t<div class=\"elementor-testimonial-meta-inner\">\n\t\t\t\t\t\t\t\t\t\t\t<div class=\"elementor-testimonial-image\">\n\t\t\t\t\t\t\t<img fetchpriority=\"high\" decoding=\"async\" width=\"700\" height=\"542\" src=\"https:\/\/staging.tilde.ai\/wp-content\/uploads\/2026\/04\/madara-macinska.webp\" class=\"attachment-full size-full wp-image-25287\" alt=\"Madara Mac \u030c inska\" srcset=\"https:\/\/staging.tilde.ai\/wp-content\/uploads\/2026\/04\/madara-macinska.webp 700w, https:\/\/staging.tilde.ai\/wp-content\/uploads\/2026\/04\/madara-macinska-300x232.webp 300w, https:\/\/staging.tilde.ai\/wp-content\/uploads\/2026\/04\/madara-macinska-15x12.webp 15w\" sizes=\"(max-width: 700px) 100vw, 700px\" \/>\t\t\t\t\t\t<\/div>\n\t\t\t\t\t\n\t\t\t\t\t\t\t\t\t\t<div class=\"elementor-testimonial-details\">\n\t\t\t\t\t\t\t\t\t\t\t\t\t\t<div class=\"elementor-testimonial-name\">Madara Man\u010dinska<\/div>\n\t\t\t\t\t\t\t\t\t\t\t\t\t\t\t\t\t\t\t\t\t\t<div class=\"elementor-testimonial-job\">M\u00fc\u00fcgi - ja kliendisuhete osakonna juhataja<\/div>\n\t\t\t\t\t\t\t\t\t\t\t\t\t<\/div>\n\t\t\t\t\t\t\t\t\t<\/div>\n\t\t\t<\/div>\n\t\t\t\t\t<\/div>\n\t\t\t\t\t\t<\/div>\n\t\t\t\t<\/div>\n\t\t\t\t<div class=\"elementor-element elementor-element-042034d elementor-widget elementor-widget-wp-widget-forminator_widget\" data-id=\"042034d\" data-element_type=\"widget\" data-e-type=\"widget\" data-widget_type=\"wp-widget-forminator_widget.default\">\n\t\t\t\t<div class=\"elementor-widget-container\">\n\t\t\t\t\t<h5>Arutame teie ettev\u00f5tte parimaid v\u00f5imalusi<\/h5><div class=\"forminator-ui forminator-custom-form forminator-custom-form-23250 forminator-design--default forminator-enclosed forminator_ajax\" data-forminator-render=\"0\" data-form=\"forminator-module-23250\" data-uid=\"69d4cacfb28f7\"><br\/><\/div><form\n\t\t\t\tid=\"forminator-module-23250\"\n\t\t\t\tclass=\"forminator-ui forminator-custom-form forminator-custom-form-23250 forminator-design--default forminator-enclosed forminator_ajax\"\n\t\t\t\tmethod=\"post\"\n\t\t\t\tdata-forminator-render=\"0\"\n\t\t\t\tdata-form-id=\"23250\"\n\t\t\t\t data-color-option=\"theme\" data-design=\"default\" data-grid=\"enclosed\" style=\"display: none;\"\n\t\t\t\tdata-uid=\"69d4cacfb28f7\" action=\"\"\n\t\t\t><div role=\"alert\" aria-live=\"polite\" class=\"forminator-response-message forminator-error\" aria-hidden=\"true\"><\/div><div class=\"forminator-row\"><div id=\"name-1\" class=\"forminator-field-name forminator-col forminator-col-12\"><div class=\"forminator-field\"><label for=\"forminator-field-name-1_69d4cacfb28f7\" id=\"forminator-field-name-1_69d4cacfb28f7-label\" class=\"forminator-label\">Nimi <span class=\"forminator-required\">*<\/span><\/label><input type=\"text\" name=\"name-1\" value=\"\" placeholder=\"\" id=\"forminator-field-name-1_69d4cacfb28f7\" class=\"forminator-input forminator-name--field\" aria-required=\"true\" autocomplete=\"name\" \/><\/div><\/div><\/div><div class=\"forminator-row\"><div id=\"text-1\" class=\"forminator-field-text forminator-col forminator-col-12\"><div class=\"forminator-field\"><label for=\"forminator-field-text-1_69d4cacfb28f7\" id=\"forminator-field-text-1_69d4cacfb28f7-label\" class=\"forminator-label\">Organisatsioon<\/label><input type=\"text\" name=\"text-1\" value=\"\" placeholder=\"\" id=\"forminator-field-text-1_69d4cacfb28f7\" class=\"forminator-input forminator-name--field\" data-required=\"\" \/><\/div><\/div><\/div><div class=\"forminator-row\"><div id=\"text-2\" class=\"forminator-field-text forminator-col forminator-col-12\"><div class=\"forminator-field\"><label for=\"forminator-field-text-2_69d4cacfb28f7\" id=\"forminator-field-text-2_69d4cacfb28f7-label\" class=\"forminator-label\">Riik<\/label><input type=\"text\" name=\"text-2\" value=\"\" placeholder=\"\" id=\"forminator-field-text-2_69d4cacfb28f7\" class=\"forminator-input forminator-name--field\" data-required=\"\" \/><\/div><\/div><\/div><div class=\"forminator-row\"><div id=\"email-1\" class=\"forminator-field-email forminator-col forminator-col-12\"><div class=\"forminator-field\"><label for=\"forminator-field-email-1_69d4cacfb28f7\" id=\"forminator-field-email-1_69d4cacfb28f7-label\" class=\"forminator-label\">T\u00f6\u00f6meiliaadress <span class=\"forminator-required\">*<\/span><\/label><input type=\"email\" name=\"email-1\" value=\"\" placeholder=\"\" id=\"forminator-field-email-1_69d4cacfb28f7\" class=\"forminator-input forminator-email--field\" data-required=\"1\" aria-required=\"true\" autocomplete=\"email\" \/><\/div><\/div><\/div><div class=\"forminator-row\"><div id=\"phone-1\" class=\"forminator-field-phone forminator-col forminator-col-12\"><div class=\"forminator-field\"><label for=\"forminator-field-phone-1_69d4cacfb28f7\" id=\"forminator-field-phone-1_69d4cacfb28f7-label\" class=\"forminator-label\">Telefon <span class=\"forminator-required\">*<\/span><\/label><input type=\"text\" name=\"phone-1\" value=\"\" placeholder=\"\" id=\"forminator-field-phone-1_69d4cacfb28f7\" class=\"forminator-input forminator-field--phone\" data-required=\"1\" aria-required=\"true\" autocomplete=\"tel-national\" data-national_mode=\"disabled\" data-country=\"lv\" data-validation=\"international\" \/><\/div><\/div><\/div><div class=\"forminator-row\"><div id=\"textarea-1\" class=\"forminator-field-textarea forminator-col forminator-col-12\"><div class=\"forminator-field\"><label for=\"forminator-field-textarea-1_69d4cacfb28f7\" id=\"forminator-field-textarea-1_69d4cacfb28f7-label\" class=\"forminator-label\">T\u00e4iendavad m\u00e4rkused <span class=\"forminator-required\">*<\/span><\/label><textarea name=\"textarea-1\" placeholder=\"\" id=\"forminator-field-textarea-1_69d4cacfb28f7\" class=\"forminator-textarea\" rows=\"6\" style=\"min-height:140px;\" ><\/textarea><\/div><\/div><\/div><div class=\"forminator-row\"><div id=\"select-1\" class=\"forminator-field-select forminator-col forminator-col-12\"><div class=\"forminator-field\"><label for=\"forminator-form-23250__field--select-1_69d4cacfb28f7\" id=\"forminator-form-23250__field--select-1_69d4cacfb28f7-label\" class=\"forminator-label\">Valige Tilde lahendus, millest olete huvitatud <span class=\"forminator-required\">*<\/span><\/label><select multiple id=\"forminator-form-23250__field--select-1_69d4cacfb28f7\" class=\"forminator-select--field forminator-select2 forminator-select2-multiple\" data-required=\"1\" name=\"select-1[]\" data-default-value=\"\" data-hidden-behavior=\"zero\" data-placeholder=\"Please select an option\" data-search=\"false\" data-search-placeholder=\"Search\" data-checkbox=\"false\" data-allow-clear=\"true\" aria-labelledby=\"forminator-form-23250__field--select-1_69d4cacfb28f7-label\"><option value=\"one\"  data-calculation=\"0\">Masint\u00f5lge<\/option><option value=\"two\"  data-calculation=\"0\">Inimt\u00f5lge<\/option><option value=\"Speech-technologies\"  data-calculation=\"0\">K\u00f5netehnoloogiad<\/option><option value=\"AI-chatbots\"  data-calculation=\"0\">AI juturobotid<\/option><option value=\"Terminology-managmnet\"  data-calculation=\"0\">Terminoloogia haldus<\/option><option value=\"Other\"  data-calculation=\"0\">Muu<\/option><\/select><\/div><\/div><\/div><div class=\"forminator-row\"><div id=\"select-2\" class=\"forminator-field-select forminator-col forminator-col-12\"><div class=\"forminator-field\"><label for=\"forminator-form-23250__field--select-2_69d4cacfb28f7\" id=\"forminator-form-23250__field--select-2_69d4cacfb28f7-label\" class=\"forminator-label\">Kust sa Tildest kuulsid?<\/label><select multiple id=\"forminator-form-23250__field--select-2_69d4cacfb28f7\" class=\"forminator-select--field forminator-select2 forminator-select2-multiple\" data-required=\"\" name=\"select-2[]\" data-default-value=\"\" data-hidden-behavior=\"zero\" data-placeholder=\"\" data-search=\"false\" data-search-placeholder=\"Search\" data-checkbox=\"false\" data-allow-clear=\"true\" aria-labelledby=\"forminator-form-23250__field--select-2_69d4cacfb28f7-label\"><option value=\"one\"  data-calculation=\"0\">Google\/otsing<\/option><option value=\"two\"  data-calculation=\"0\">Suus\u00f5naline<\/option><option value=\"Speech-technologies\"  data-calculation=\"0\">S\u00fcndmused<\/option><option value=\"AI-chatbots\"  data-calculation=\"0\">Suhtlusv\u00f5rgustik<\/option><option value=\"Terminology-managmnet\"  data-calculation=\"0\">T\u00f6\u00f6tanud varem koos Tildega<\/option><option value=\"Other\"  data-calculation=\"0\">Muu<\/option><\/select><\/div><\/div><\/div><div class=\"forminator-row\"><\/div><input type=\"hidden\" name=\"referer_url\" value=\"\" \/><div class=\"forminator-row forminator-row-last\"><div class=\"forminator-col\"><div class=\"forminator-field\"><button class=\"forminator-button forminator-button-submit\">V\u00f5tke meiega \u00fchendust<\/button><\/div><\/div><\/div><input type=\"hidden\" id=\"forminator_nonce\" name=\"forminator_nonce\" value=\"e72c87b5ed\" \/><input type=\"hidden\" name=\"_wp_http_referer\" value=\"\/et\/wp-json\/wp\/v2\/pages\/10353\" \/><input type=\"hidden\" name=\"form_id\" value=\"23250\"><input type=\"hidden\" name=\"page_id\" value=\"10353\"><input type=\"hidden\" name=\"form_type\" value=\"default\"><input type=\"hidden\" name=\"current_url\" value=\"https:\/\/tilde.ai\/et\/contact-us\/\"><input type=\"hidden\" name=\"render_id\" value=\"0\"><input type=\"hidden\" name=\"action\" value=\"forminator_submit_form_custom-forms\"><label for=\"input_9\" class=\"forminator-hidden\" aria-hidden=\"true\">Palun \u00e4rge t\u00e4itke seda v\u00e4lja. <input id=\"input_9\" type=\"text\" name=\"input_9\" value=\"\" autocomplete=\"off\"><\/label><input type=\"hidden\" name=\"twt-form-language\" value=\"et\"\/><\/form>\t\t\t\t<\/div>\n\t\t\t\t<\/div>\n\t\t\t\t\t<\/div>\n\t\t\t\t<\/div>\n\t\t<div class=\"elementor-element elementor-element-966c91c e-flex e-con-boxed e-con e-parent\" data-id=\"966c91c\" data-element_type=\"container\" data-e-type=\"container\" data-settings=\"{&quot;background_background&quot;:&quot;classic&quot;}\">\n\t\t\t\t\t<div class=\"e-con-inner\">\n\t\t\t\t<div class=\"elementor-element elementor-element-4d0bb36 elementor-widget elementor-widget-heading\" data-id=\"4d0bb36\" data-element_type=\"widget\" data-e-type=\"widget\" data-widget_type=\"heading.default\">\n\t\t\t\t\t<h5 class=\"elementor-heading-title elementor-size-default\">P\u00e4lvinud ettev\u00f5tete ja avaliku sektori asutuste usalduse terves Euroopas.<\/h5>\t\t\t\t<\/div>\n\t\t\t\t\t<\/div>\n\t\t\t\t<\/div>\n\t\t<div class=\"elementor-element elementor-element-e23a016 e-grid logo-slide-container e-con-boxed e-con e-child\" data-id=\"e23a016\" data-element_type=\"container\" data-e-type=\"container\" data-settings=\"{&quot;background_background&quot;:&quot;classic&quot;}\">\n\t\t\t\t\t<div class=\"e-con-inner\">\n\t\t\t\t<div class=\"elementor-element elementor-element-6833c2c elementor-widget__width-inherit elementor-widget elementor-widget-image\" data-id=\"6833c2c\" data-element_type=\"widget\" data-e-type=\"widget\" data-widget_type=\"image.default\">\n\t\t\t\t\t\t\t\t\t\t\t\t\t\t\t<img decoding=\"async\" width=\"800\" height=\"540\" src=\"https:\/\/staging.tilde.ai\/wp-content\/uploads\/2026\/04\/EuropeanCommisionLogo.webp\" class=\"attachment-large size-large wp-image-25188\" alt=\"Euroopa Komisjoni logo\" srcset=\"https:\/\/staging.tilde.ai\/wp-content\/uploads\/2026\/04\/EuropeanCommisionLogo.webp 800w, https:\/\/staging.tilde.ai\/wp-content\/uploads\/2026\/04\/EuropeanCommisionLogo-300x203.webp 300w, https:\/\/staging.tilde.ai\/wp-content\/uploads\/2026\/04\/EuropeanCommisionLogo-768x518.webp 768w, https:\/\/staging.tilde.ai\/wp-content\/uploads\/2026\/04\/EuropeanCommisionLogo-18x12.webp 18w\" sizes=\"(max-width: 800px) 100vw, 800px\" \/>\t\t\t\t\t\t\t\t\t\t\t\t\t\t\t<\/div>\n\t\t\t\t<div class=\"elementor-element elementor-element-7cb9a87 elementor-widget__width-inherit elementor-widget elementor-widget-image\" data-id=\"7cb9a87\" data-element_type=\"widget\" data-e-type=\"widget\" data-widget_type=\"image.default\">\n\t\t\t\t\t\t\t\t\t\t\t\t\t\t\t<img decoding=\"async\" width=\"800\" height=\"540\" src=\"https:\/\/staging.tilde.ai\/wp-content\/uploads\/2026\/04\/Microsoft-logo.webp\" class=\"attachment-full size-full wp-image-25187\" alt=\"Microsofti logo\" srcset=\"https:\/\/staging.tilde.ai\/wp-content\/uploads\/2026\/04\/Microsoft-logo.webp 800w, https:\/\/staging.tilde.ai\/wp-content\/uploads\/2026\/04\/Microsoft-logo-300x203.webp 300w, https:\/\/staging.tilde.ai\/wp-content\/uploads\/2026\/04\/Microsoft-logo-768x518.webp 768w, https:\/\/staging.tilde.ai\/wp-content\/uploads\/2026\/04\/Microsoft-logo-18x12.webp 18w\" sizes=\"(max-width: 800px) 100vw, 800px\" \/>\t\t\t\t\t\t\t\t\t\t\t\t\t\t\t<\/div>\n\t\t\t\t<div class=\"elementor-element elementor-element-d060389 elementor-widget__width-inherit elementor-widget elementor-widget-image\" data-id=\"d060389\" data-element_type=\"widget\" data-e-type=\"widget\" data-widget_type=\"image.default\">\n\t\t\t\t\t\t\t\t\t\t\t\t\t\t\t<img loading=\"lazy\" decoding=\"async\" width=\"800\" height=\"540\" src=\"https:\/\/staging.tilde.ai\/wp-content\/uploads\/2026\/03\/logo-getlini-eko.webp\" class=\"attachment-full size-full wp-image-24047\" alt=\"getli\u0146i EKO logotips\" srcset=\"https:\/\/staging.tilde.ai\/wp-content\/uploads\/2026\/03\/logo-getlini-eko.webp 800w, https:\/\/staging.tilde.ai\/wp-content\/uploads\/2026\/03\/logo-getlini-eko-300x203.webp 300w, https:\/\/staging.tilde.ai\/wp-content\/uploads\/2026\/03\/logo-getlini-eko-768x518.webp 768w, https:\/\/staging.tilde.ai\/wp-content\/uploads\/2026\/03\/logo-getlini-eko-18x12.webp 18w\" sizes=\"(max-width: 800px) 100vw, 800px\" \/>\t\t\t\t\t\t\t\t\t\t\t\t\t\t\t<\/div>\n\t\t\t\t<div class=\"elementor-element elementor-element-0a685d9 elementor-widget__width-inherit elementor-widget elementor-widget-image\" data-id=\"0a685d9\" data-element_type=\"widget\" data-e-type=\"widget\" data-widget_type=\"image.default\">\n\t\t\t\t\t\t\t\t\t\t\t\t\t\t\t<img loading=\"lazy\" decoding=\"async\" width=\"800\" height=\"540\" src=\"https:\/\/staging.tilde.ai\/wp-content\/uploads\/2026\/04\/RSU-logo.webp\" class=\"attachment-large size-large wp-image-25195\" alt=\"RSU logotips\" srcset=\"https:\/\/staging.tilde.ai\/wp-content\/uploads\/2026\/04\/RSU-logo.webp 800w, https:\/\/staging.tilde.ai\/wp-content\/uploads\/2026\/04\/RSU-logo-300x203.webp 300w, https:\/\/staging.tilde.ai\/wp-content\/uploads\/2026\/04\/RSU-logo-768x518.webp 768w, https:\/\/staging.tilde.ai\/wp-content\/uploads\/2026\/04\/RSU-logo-18x12.webp 18w\" sizes=\"(max-width: 800px) 100vw, 800px\" \/>\t\t\t\t\t\t\t\t\t\t\t\t\t\t\t<\/div>\n\t\t\t\t<div class=\"elementor-element elementor-element-f13ec6f elementor-widget__width-inherit elementor-widget elementor-widget-image\" data-id=\"f13ec6f\" data-element_type=\"widget\" data-e-type=\"widget\" data-widget_type=\"image.default\">\n\t\t\t\t\t\t\t\t\t\t\t\t\t\t\t<img loading=\"lazy\" decoding=\"async\" width=\"800\" height=\"540\" src=\"https:\/\/staging.tilde.ai\/wp-content\/uploads\/2026\/03\/logo-bta.webp\" class=\"attachment-full size-full wp-image-24050\" alt=\"BTA logotips\" srcset=\"https:\/\/staging.tilde.ai\/wp-content\/uploads\/2026\/03\/logo-bta.webp 800w, https:\/\/staging.tilde.ai\/wp-content\/uploads\/2026\/03\/logo-bta-300x203.webp 300w, https:\/\/staging.tilde.ai\/wp-content\/uploads\/2026\/03\/logo-bta-768x518.webp 768w, https:\/\/staging.tilde.ai\/wp-content\/uploads\/2026\/03\/logo-bta-18x12.webp 18w\" sizes=\"(max-width: 800px) 100vw, 800px\" \/>\t\t\t\t\t\t\t\t\t\t\t\t\t\t\t<\/div>\n\t\t\t\t<div class=\"elementor-element elementor-element-8a83454 elementor-widget__width-inherit elementor-widget elementor-widget-image\" data-id=\"8a83454\" data-element_type=\"widget\" data-e-type=\"widget\" data-widget_type=\"image.default\">\n\t\t\t\t\t\t\t\t\t\t\t\t\t\t\t<img loading=\"lazy\" decoding=\"async\" width=\"800\" height=\"540\" src=\"https:\/\/staging.tilde.ai\/wp-content\/uploads\/2026\/03\/logo-rix.webp\" class=\"attachment-full size-full wp-image-24051\" alt=\"RIX logotips\" srcset=\"https:\/\/staging.tilde.ai\/wp-content\/uploads\/2026\/03\/logo-rix.webp 800w, https:\/\/staging.tilde.ai\/wp-content\/uploads\/2026\/03\/logo-rix-300x203.webp 300w, https:\/\/staging.tilde.ai\/wp-content\/uploads\/2026\/03\/logo-rix-768x518.webp 768w, https:\/\/staging.tilde.ai\/wp-content\/uploads\/2026\/03\/logo-rix-18x12.webp 18w\" sizes=\"(max-width: 800px) 100vw, 800px\" \/>\t\t\t\t\t\t\t\t\t\t\t\t\t\t\t<\/div>\n\t\t\t\t<div class=\"elementor-element elementor-element-a0a5a9d elementor-widget__width-inherit elementor-widget elementor-widget-image\" data-id=\"a0a5a9d\" data-element_type=\"widget\" data-e-type=\"widget\" data-widget_type=\"image.default\">\n\t\t\t\t\t\t\t\t\t\t\t\t\t\t\t<img loading=\"lazy\" decoding=\"async\" width=\"800\" height=\"540\" src=\"https:\/\/staging.tilde.ai\/wp-content\/uploads\/2026\/03\/logo-eso.webp\" class=\"attachment-full size-full wp-image-24049\" alt=\"ESO logotips\" srcset=\"https:\/\/staging.tilde.ai\/wp-content\/uploads\/2026\/03\/logo-eso.webp 800w, https:\/\/staging.tilde.ai\/wp-content\/uploads\/2026\/03\/logo-eso-300x203.webp 300w, https:\/\/staging.tilde.ai\/wp-content\/uploads\/2026\/03\/logo-eso-768x518.webp 768w, https:\/\/staging.tilde.ai\/wp-content\/uploads\/2026\/03\/logo-eso-18x12.webp 18w\" sizes=\"(max-width: 800px) 100vw, 800px\" \/>\t\t\t\t\t\t\t\t\t\t\t\t\t\t\t<\/div>\n\t\t\t\t<div class=\"elementor-element elementor-element-21c80de elementor-widget__width-inherit elementor-widget elementor-widget-image\" data-id=\"21c80de\" data-element_type=\"widget\" data-e-type=\"widget\" data-widget_type=\"image.default\">\n\t\t\t\t\t\t\t\t\t\t\t\t\t\t\t<img loading=\"lazy\" decoding=\"async\" width=\"800\" height=\"540\" src=\"https:\/\/staging.tilde.ai\/wp-content\/uploads\/2026\/03\/logo-fn-serviss.webp\" class=\"attachment-full size-full wp-image-24052\" alt=\"FN Servissi logotips\" srcset=\"https:\/\/staging.tilde.ai\/wp-content\/uploads\/2026\/03\/logo-fn-serviss.webp 800w, https:\/\/staging.tilde.ai\/wp-content\/uploads\/2026\/03\/logo-fn-serviss-300x203.webp 300w, https:\/\/staging.tilde.ai\/wp-content\/uploads\/2026\/03\/logo-fn-serviss-768x518.webp 768w, https:\/\/staging.tilde.ai\/wp-content\/uploads\/2026\/03\/logo-fn-serviss-18x12.webp 18w\" sizes=\"(max-width: 800px) 100vw, 800px\" \/>\t\t\t\t\t\t\t\t\t\t\t\t\t\t\t<\/div>\n\t\t\t\t<div class=\"elementor-element elementor-element-91e40e2 elementor-widget__width-inherit elementor-widget elementor-widget-image\" data-id=\"91e40e2\" data-element_type=\"widget\" data-e-type=\"widget\" data-widget_type=\"image.default\">\n\t\t\t\t\t\t\t\t\t\t\t\t\t\t\t<img loading=\"lazy\" decoding=\"async\" width=\"800\" height=\"540\" src=\"https:\/\/staging.tilde.ai\/wp-content\/uploads\/2026\/03\/logo-vca.webp\" class=\"attachment-large size-large wp-image-24053\" alt=\"VCA logotips\" srcset=\"https:\/\/staging.tilde.ai\/wp-content\/uploads\/2026\/03\/logo-vca.webp 800w, https:\/\/staging.tilde.ai\/wp-content\/uploads\/2026\/03\/logo-vca-300x203.webp 300w, https:\/\/staging.tilde.ai\/wp-content\/uploads\/2026\/03\/logo-vca-768x518.webp 768w, https:\/\/staging.tilde.ai\/wp-content\/uploads\/2026\/03\/logo-vca-18x12.webp 18w\" sizes=\"(max-width: 800px) 100vw, 800px\" \/>\t\t\t\t\t\t\t\t\t\t\t\t\t\t\t<\/div>\n\t\t\t\t<div class=\"elementor-element elementor-element-6e21f5f elementor-widget__width-inherit elementor-widget elementor-widget-image\" data-id=\"6e21f5f\" data-element_type=\"widget\" data-e-type=\"widget\" data-widget_type=\"image.default\">\n\t\t\t\t\t\t\t\t\t\t\t\t\t\t\t<img loading=\"lazy\" decoding=\"async\" width=\"800\" height=\"540\" src=\"https:\/\/staging.tilde.ai\/wp-content\/uploads\/2026\/03\/NacionalineSvietimoAgentura.webp\" class=\"attachment-large size-large wp-image-24303\" alt=\"\" srcset=\"https:\/\/staging.tilde.ai\/wp-content\/uploads\/2026\/03\/NacionalineSvietimoAgentura.webp 800w, https:\/\/staging.tilde.ai\/wp-content\/uploads\/2026\/03\/NacionalineSvietimoAgentura-300x203.webp 300w, https:\/\/staging.tilde.ai\/wp-content\/uploads\/2026\/03\/NacionalineSvietimoAgentura-768x518.webp 768w, https:\/\/staging.tilde.ai\/wp-content\/uploads\/2026\/03\/NacionalineSvietimoAgentura-18x12.webp 18w\" sizes=\"(max-width: 800px) 100vw, 800px\" \/>\t\t\t\t\t\t\t\t\t\t\t\t\t\t\t<\/div>\n\t\t\t\t\t<\/div>\n\t\t\t\t<\/div>\n\t\t\t\t<\/div>","protected":false},"excerpt":{"rendered":"<p>TILDE \u00dcLDINE KONTAKTIVORM Oleme siin teie edu nimel Oleme meeleldi valmis demonstreerima, kuidas Tilde keelelahendused v\u00f5ivad teie vajadustele vastata, ja k\u00e4sitlema v\u00f5imalikke k\u00fcsimusi. Kui soovite, et m\u00f5ni toode toimiks, t\u00e4itke vorm ja me v\u00f5tame teiega peagi \u00fchendust.<\/p>","protected":false},"author":2,"featured_media":0,"parent":0,"menu_order":0,"comment_status":"closed","ping_status":"closed","template":"","meta":{"footnotes":""},"class_list":["post-10353","page","type-page","status-publish","hentry"],"_links":{"self":[{"href":"https:\/\/tilde.ai\/et\/wp-json\/wp\/v2\/pages\/10353","targetHints":{"allow":["GET"]}}],"collection":[{"href":"https:\/\/tilde.ai\/et\/wp-json\/wp\/v2\/pages"}],"about":[{"href":"https:\/\/tilde.ai\/et\/wp-json\/wp\/v2\/types\/page"}],"author":[{"embeddable":true,"href":"https:\/\/tilde.ai\/et\/wp-json\/wp\/v2\/users\/2"}],"replies":[{"embeddable":true,"href":"https:\/\/tilde.ai\/et\/wp-json\/wp\/v2\/comments?post=10353"}],"version-history":[{"count":0,"href":"https:\/\/tilde.ai\/et\/wp-json\/wp\/v2\/pages\/10353\/revisions"}],"wp:attachment":[{"href":"https:\/\/tilde.ai\/et\/wp-json\/wp\/v2\/media?parent=10353"}],"curies":[{"name":"wp","href":"https:\/\/api.w.org\/{rel}","templated":true}]}}